{"id":701655,"date":"2025-08-27T15:11:08","date_gmt":"2025-08-27T12:11:08","guid":{"rendered":"https:\/\/roveyayinevi.com.tr\/index.php\/urun\/bes-rahmet-kapisi\/"},"modified":"2026-04-16T02:10:51","modified_gmt":"2026-04-15T23:10:51","slug":"bes-rahmet-kapisi","status":"publish","type":"product","link":"https:\/\/roveyayinevi.com.tr\/index.php\/urun\/bes-rahmet-kapisi\/","title":{"rendered":"Be\u015f Rahmet Kap\u0131s\u0131"},"content":{"rendered":"<p>A\u015fkKalbinin yaralar\u0131na ra\u011fmen h\u00e2l\u00e2 seviyorsan;bil ki bu kendini sevmeye lay\u0131k g\u00f6rd\u00fc\u011f\u00fcndendir.Bilge\u0130nsanlar seni yanl\u0131\u015f anlad\u0131\u011f\u0131nda dert etme;duyduklar\u0131 senin sesin ama akl\u0131ndan ge\u00e7enler kendi fikirleridir.Dervi\u015fAld\u0131\u011f\u0131 nefesin fark\u0131nda olan bir insan, d\u0131\u015far\u0131da mucizeler aramaz;o zaten mucizenin kendisidir.Ermi\u015fSenin d\u00fcnyaya bakt\u0131\u011f\u0131n pencere kirli ise;bizim renkli \u00e7i\u00e7eklerimizi \u00e7amur g\u00f6r\u00fcrs\u00fcn.SufiBir Sufi, g\u00fcne\u015f gibidir;&#8221;iyi ve k\u00f6t\u00fc&#8221; diye ay\u0131rt etmeden her \u015feye \u0131\u015f\u0131k olur.<\/p>\n","protected":false},"excerpt":{"rendered":"<p>A\u015fkKalbinin yaralar\u0131na ra\u011fmen h\u00e2l\u00e2 seviyorsan;bil ki bu kendini sevmeye lay\u0131k g\u00f6rd\u00fc\u011f\u00fcndendir.Bilge\u0130nsanlar seni yanl\u0131\u015f anlad\u0131\u011f\u0131nda dert etme;duyduklar\u0131 senin sesin ama akl\u0131ndan ge\u00e7enler kendi fikirleridir.Dervi\u015fAld\u0131\u011f\u0131 nefesin fark\u0131nda olan<span class=\"excerpt-hellip\"> [\u2026]<\/span><\/p>\n","protected":false},"featured_media":0,"template":"","meta":{"_monsterinsights_skip_tracking":false,"_monsterinsights_sitenote_active":false,"_monsterinsights_sitenote_note":"","_monsterinsights_sitenote_category":0},"product_brand":[],"product_cat":[12718,12719,12720],"product_tag":[],"class_list":{"0":"post-701655","1":"product","2":"type-product","3":"status-publish","5":"product_cat-din","6":"product_cat-islam","7":"product_cat-tasavvuf-mezhepler-tarikatlar","8":"pa_cilt-ciltsiz","9":"pa_tur-kitap","10":"pa_yayinevi-destek-yayinlari","11":"pa_yazar-ugur-kosar","13":"first","14":"instock","15":"sale","16":"shipping-taxable","17":"purchasable","18":"product-type-simple"},"_links":{"self":[{"href":"https:\/\/roveyayinevi.com.tr\/index.php\/wp-json\/wp\/v2\/product\/701655","targetHints":{"allow":["GET"]}}],"collection":[{"href":"https:\/\/roveyayinevi.com.tr\/index.php\/wp-json\/wp\/v2\/product"}],"about":[{"href":"https:\/\/roveyayinevi.com.tr\/index.php\/wp-json\/wp\/v2\/types\/product"}],"wp:attachment":[{"href":"https:\/\/roveyayinevi.com.tr\/index.php\/wp-json\/wp\/v2\/media?parent=701655"}],"wp:term":[{"taxonomy":"product_brand","embeddable":true,"href":"https:\/\/roveyayinevi.com.tr\/index.php\/wp-json\/wp\/v2\/product_brand?post=701655"},{"taxonomy":"product_cat","embeddable":true,"href":"https:\/\/roveyayinevi.com.tr\/index.php\/wp-json\/wp\/v2\/product_cat?post=701655"},{"taxonomy":"product_tag","embeddable":true,"href":"https:\/\/roveyayinevi.com.tr\/index.php\/wp-json\/wp\/v2\/product_tag?post=701655"}],"curies":[{"name":"wp","href":"https:\/\/api.w.org\/{rel}","templated":true}]}}