{"id":701641,"date":"2025-08-27T15:11:03","date_gmt":"2025-08-27T12:11:03","guid":{"rendered":"https:\/\/roveyayinevi.com.tr\/index.php\/urun\/zulum\/"},"modified":"2026-04-16T02:10:51","modified_gmt":"2026-04-15T23:10:51","slug":"zulum","status":"publish","type":"product","link":"https:\/\/roveyayinevi.com.tr\/index.php\/urun\/zulum\/","title":{"rendered":"Zul\u00fcm"},"content":{"rendered":"<p>Sosyalist ger\u00e7ek\u00e7i sanat\u0131n b\u00fcy\u00fck ustas\u0131 Gorki\u2019nin halktan ve hayattan ald\u0131\u011f\u0131 canl\u0131 tiplerle Rus halk\u0131n\u0131n yetkin bir panoramas\u0131n\u0131 \u00e7izdi\u011fi k\u0131sa \u00f6yk\u00fclerindeki ba\u015far\u0131s\u0131, onun ayn\u0131 zamanda kendi toplumunu tan\u0131madaki \u00fcst\u00fcn ba\u015far\u0131s\u0131n\u0131 da g\u00f6sterir.\ufffcTan\u0131t\u0131m Metni<\/p>\n","protected":false},"excerpt":{"rendered":"<p>Sosyalist ger\u00e7ek\u00e7i sanat\u0131n b\u00fcy\u00fck ustas\u0131 Gorki\u2019nin halktan ve hayattan ald\u0131\u011f\u0131 canl\u0131 tiplerle Rus halk\u0131n\u0131n yetkin bir panoramas\u0131n\u0131 \u00e7izdi\u011fi k\u0131sa \u00f6yk\u00fclerindeki ba\u015far\u0131s\u0131, onun ayn\u0131 zamanda kendi toplumunu<span class=\"excerpt-hellip\"> [\u2026]<\/span><\/p>\n","protected":false},"featured_media":0,"template":"","meta":{"_monsterinsights_skip_tracking":false,"_monsterinsights_sitenote_active":false,"_monsterinsights_sitenote_note":"","_monsterinsights_sitenote_category":0},"product_brand":[],"product_cat":[12291,13570],"product_tag":[],"class_list":{"0":"post-701641","1":"product","2":"type-product","3":"status-publish","5":"product_cat-edebiyat","6":"product_cat-rus-edebiyati","7":"pa_cilt-ciltsiz","8":"pa_tur-kitap","9":"pa_yayinevi-oda-yayinlari","10":"pa_yazar-maksim-gorki","12":"first","13":"instock","14":"sale","15":"shipping-taxable","16":"purchasable","17":"product-type-simple"},"_links":{"self":[{"href":"https:\/\/roveyayinevi.com.tr\/index.php\/wp-json\/wp\/v2\/product\/701641","targetHints":{"allow":["GET"]}}],"collection":[{"href":"https:\/\/roveyayinevi.com.tr\/index.php\/wp-json\/wp\/v2\/product"}],"about":[{"href":"https:\/\/roveyayinevi.com.tr\/index.php\/wp-json\/wp\/v2\/types\/product"}],"wp:attachment":[{"href":"https:\/\/roveyayinevi.com.tr\/index.php\/wp-json\/wp\/v2\/media?parent=701641"}],"wp:term":[{"taxonomy":"product_brand","embeddable":true,"href":"https:\/\/roveyayinevi.com.tr\/index.php\/wp-json\/wp\/v2\/product_brand?post=701641"},{"taxonomy":"product_cat","embeddable":true,"href":"https:\/\/roveyayinevi.com.tr\/index.php\/wp-json\/wp\/v2\/product_cat?post=701641"},{"taxonomy":"product_tag","embeddable":true,"href":"https:\/\/roveyayinevi.com.tr\/index.php\/wp-json\/wp\/v2\/product_tag?post=701641"}],"curies":[{"name":"wp","href":"https:\/\/api.w.org\/{rel}","templated":true}]}}