{"id":701640,"date":"2025-08-27T15:11:03","date_gmt":"2025-08-27T12:11:03","guid":{"rendered":"https:\/\/roveyayinevi.com.tr\/index.php\/urun\/zor-zamanlar\/"},"modified":"2026-04-16T02:10:51","modified_gmt":"2026-04-15T23:10:51","slug":"zor-zamanlar","status":"publish","type":"product","link":"https:\/\/roveyayinevi.com.tr\/index.php\/urun\/zor-zamanlar\/","title":{"rendered":"Zor Zamanlar"},"content":{"rendered":"<p>\u00b7         Bir \u00e7ocu\u011fun y\u00fcre\u011fine, d\u00fc\u015flerine, \u00e7ocuksuluklar\u0131na, korkular\u0131na sahip olamadan ya\u015fayan \u00e7ocuklar&#8230; \u00b7         \u0130nsanlar\u0131, rakamlarla, kurallarla, bi\u00e7imlerle de\u011ferlendiren; her \u015feyin, ya\u015famlar\u0131n bile her santiminin parayla al\u0131n\u0131p sat\u0131lan bir mal oldu\u011funu savunan bir ya\u015fam felsefesinin kentsoylu savunucular\u0131 ve uygulay\u0131c\u0131lar\u0131&#8230; Bunlar\u0131n boyunduru\u011funda ve k\u00f6m\u00fcr madenleriyle dokuma fabrikalar\u0131nda ya\u015famaya \u00e7al\u0131\u015fan i\u015f\u00e7iler&#8230; Sevme hakk\u0131 bile olmayan kad\u0131nlar&#8230; \u00b7        Coketown kasabas\u0131n\u0131n insanlar\u0131&#8230; Geni\u015f y\u0131\u011f\u0131nlar\u0131n sanayi devrimi s\u0131ras\u0131nda \u00e7ekti\u011fi ac\u0131lar\u0131 ve yoksulluklar\u0131 ger\u00e7ek\u00e7i bir bak\u0131\u015fla anlatt\u0131\u011f\u0131 romanlar\u0131yla tan\u0131nan 19. y\u00fczy\u0131l\u0131n en b\u00fcy\u00fck \u0130ngiliz yazar\u0131 Charles Dickens (1812-1870). Zor Zamanlar adl\u0131 bu roman\u0131nda, Coketown kasabas\u0131n\u0131n insanlar\u0131n\u0131n buruk ya\u015fam\u0131n\u0131 anlat\u0131yor. <\/p>\n","protected":false},"excerpt":{"rendered":"<p>\u00b7 Bir \u00e7ocu\u011fun y\u00fcre\u011fine, d\u00fc\u015flerine, \u00e7ocuksuluklar\u0131na, korkular\u0131na sahip olamadan ya\u015fayan \u00e7ocuklar&#8230; \u00b7 \u0130nsanlar\u0131, rakamlarla, kurallarla, bi\u00e7imlerle de\u011ferlendiren; her \u015feyin, ya\u015famlar\u0131n bile her santiminin parayla al\u0131n\u0131p sat\u0131lan<span class=\"excerpt-hellip\"> [\u2026]<\/span><\/p>\n","protected":false},"featured_media":0,"template":"","meta":{"_monsterinsights_skip_tracking":false,"_monsterinsights_sitenote_active":false,"_monsterinsights_sitenote_note":"","_monsterinsights_sitenote_category":0},"product_brand":[],"product_cat":[12291,12866],"product_tag":[],"class_list":{"0":"post-701640","1":"product","2":"type-product","3":"status-publish","5":"product_cat-edebiyat","6":"product_cat-ingiliz-edebiyati","7":"pa_cilt-ciltsiz","8":"pa_tur-kitap","9":"pa_yayinevi-oda-yayinlari","10":"pa_yazar-charles-dickens","12":"first","13":"instock","14":"sale","15":"shipping-taxable","16":"purchasable","17":"product-type-simple"},"_links":{"self":[{"href":"https:\/\/roveyayinevi.com.tr\/index.php\/wp-json\/wp\/v2\/product\/701640","targetHints":{"allow":["GET"]}}],"collection":[{"href":"https:\/\/roveyayinevi.com.tr\/index.php\/wp-json\/wp\/v2\/product"}],"about":[{"href":"https:\/\/roveyayinevi.com.tr\/index.php\/wp-json\/wp\/v2\/types\/product"}],"wp:attachment":[{"href":"https:\/\/roveyayinevi.com.tr\/index.php\/wp-json\/wp\/v2\/media?parent=701640"}],"wp:term":[{"taxonomy":"product_brand","embeddable":true,"href":"https:\/\/roveyayinevi.com.tr\/index.php\/wp-json\/wp\/v2\/product_brand?post=701640"},{"taxonomy":"product_cat","embeddable":true,"href":"https:\/\/roveyayinevi.com.tr\/index.php\/wp-json\/wp\/v2\/product_cat?post=701640"},{"taxonomy":"product_tag","embeddable":true,"href":"https:\/\/roveyayinevi.com.tr\/index.php\/wp-json\/wp\/v2\/product_tag?post=701640"}],"curies":[{"name":"wp","href":"https:\/\/api.w.org\/{rel}","templated":true}]}}