{"id":701638,"date":"2025-08-27T15:11:02","date_gmt":"2025-08-27T12:11:02","guid":{"rendered":"https:\/\/roveyayinevi.com.tr\/index.php\/urun\/altin-ejder-kralligi\/"},"modified":"2026-04-16T02:10:51","modified_gmt":"2026-04-15T23:10:51","slug":"altin-ejder-kralligi","status":"publish","type":"product","link":"https:\/\/roveyayinevi.com.tr\/index.php\/urun\/altin-ejder-kralligi\/","title":{"rendered":"Alt\u0131n Ejder Krall\u0131\u011f\u0131"},"content":{"rendered":"<p>Himalayalar&#8217;da k\u00fc\u00e7\u00fck bir krall\u0131kta y\u00fczy\u0131llard\u0131r gizli tutulan, de\u011ferli ta\u015flarla s\u00fcsl\u00fc Alt\u0131n Ejder heykeli, s\u00f6ylenceye g\u00f6re bar\u0131\u015f\u0131n s\u00fcrd\u00fcr\u00fclmesini sa\u011flayan b\u00fcy\u00fcl\u00fc bir heykeldir. Ancak \u00fclkede s\u00fcre gelen bar\u0131\u015f ortam\u0131 insan ruhunun a\u00e7g\u00f6zl\u00fcl\u00fc\u011f\u00fc y\u00fcz\u00fcnden bozulma tehlikesi ile kar\u015f\u0131 kar\u015f\u0131yad\u0131r&#8230; \ufffcTan\u0131t\u0131m Metni<\/p>\n","protected":false},"excerpt":{"rendered":"<p>Himalayalar&#8217;da k\u00fc\u00e7\u00fck bir krall\u0131kta y\u00fczy\u0131llard\u0131r gizli tutulan, de\u011ferli ta\u015flarla s\u00fcsl\u00fc Alt\u0131n Ejder heykeli, s\u00f6ylenceye g\u00f6re bar\u0131\u015f\u0131n s\u00fcrd\u00fcr\u00fclmesini sa\u011flayan b\u00fcy\u00fcl\u00fc bir heykeldir. Ancak \u00fclkede s\u00fcre gelen bar\u0131\u015f<span class=\"excerpt-hellip\"> [\u2026]<\/span><\/p>\n","protected":false},"featured_media":0,"template":"","meta":{"_monsterinsights_skip_tracking":false,"_monsterinsights_sitenote_active":false,"_monsterinsights_sitenote_note":"","_monsterinsights_sitenote_category":0},"product_brand":[],"product_cat":[12274,12284],"product_tag":[],"class_list":{"0":"post-701638","1":"product","2":"type-product","3":"status-publish","5":"product_cat-cocuk-ve-genclik-kitaplari","6":"product_cat-hikayeler","7":"pa_cilt-ciltsiz","8":"pa_tur-kitap","9":"pa_yayinevi-can-cocuk-yayinlari","10":"pa_yazar-isabel-allende","12":"first","13":"instock","14":"sale","15":"shipping-taxable","16":"purchasable","17":"product-type-simple"},"_links":{"self":[{"href":"https:\/\/roveyayinevi.com.tr\/index.php\/wp-json\/wp\/v2\/product\/701638","targetHints":{"allow":["GET"]}}],"collection":[{"href":"https:\/\/roveyayinevi.com.tr\/index.php\/wp-json\/wp\/v2\/product"}],"about":[{"href":"https:\/\/roveyayinevi.com.tr\/index.php\/wp-json\/wp\/v2\/types\/product"}],"wp:attachment":[{"href":"https:\/\/roveyayinevi.com.tr\/index.php\/wp-json\/wp\/v2\/media?parent=701638"}],"wp:term":[{"taxonomy":"product_brand","embeddable":true,"href":"https:\/\/roveyayinevi.com.tr\/index.php\/wp-json\/wp\/v2\/product_brand?post=701638"},{"taxonomy":"product_cat","embeddable":true,"href":"https:\/\/roveyayinevi.com.tr\/index.php\/wp-json\/wp\/v2\/product_cat?post=701638"},{"taxonomy":"product_tag","embeddable":true,"href":"https:\/\/roveyayinevi.com.tr\/index.php\/wp-json\/wp\/v2\/product_tag?post=701638"}],"curies":[{"name":"wp","href":"https:\/\/api.w.org\/{rel}","templated":true}]}}