{"id":701636,"date":"2025-08-27T15:10:31","date_gmt":"2025-08-27T12:10:31","guid":{"rendered":"https:\/\/roveyayinevi.com.tr\/index.php\/urun\/frekans\/"},"modified":"2026-04-03T02:15:22","modified_gmt":"2026-04-02T23:15:22","slug":"frekans","status":"publish","type":"product","link":"https:\/\/roveyayinevi.com.tr\/index.php\/urun\/frekans\/","title":{"rendered":"Frekans"},"content":{"rendered":"<p>Y\u0131llarca \u00e7evremizden yaln\u0131z elle tutulan g\u00f6zle g\u00f6r\u00fclen \u015feylere g\u00fcvenmeyi \u00f6\u011frendik. O nedenle, bedenimiz kadar can\u0131m\u0131z\u0131n, ruhumuzun, d\u00fc\u015f\u00fcnce ve duygular\u0131m\u0131z\u0131n da enerji ta\u015f\u0131d\u0131\u011f\u0131n\u0131 pek fark etmedik. Oysa her birimizin t\u0131pk\u0131 parmak izimiz gibi, kendine \u00f6zg\u00fc bir titre\u015fimi, bir Frekans d\u00fczeyi bulunur. \u0130\u015fte o titre\u015fimdir d\u00fcnyaya kim oldu\u011fumuzu ileten ve ger\u00e7ekli\u011fimizi \u015fekillendiren&#8230; Bu kitapta, ki\u015fisel titre\u015fimimizi hissetmenin yollar\u0131n\u0131 ve ya\u015fam\u0131m\u0131z\u0131 d\u00f6n\u00fc\u015ft\u00fcrmek i\u00e7in enerjimizi bilin\u00e7li olarak nas\u0131l kullanaca\u011f\u0131m\u0131z\u0131 anlat\u0131yor yazar Penny Peirce. En y\u00fcksek, en do\u011fal ki\u015fisel frekans\u0131n\u0131z\u0131 bulmay\u0131 \u00f6\u011frenmekle daha berrak, m\u00fccadelesi daha az bir ya\u015fam s\u00fcrebilir, kaderinizin izinde bu d\u00fcnyaya ger\u00e7ekle\u015ftirmeye geldi\u011finiz eylem ve ama\u00e7lar\u0131n meyvelerini toplayabilirsiniz. Hepimiz fark\u0131nda olsak da olmasak da, olumlu ve olumsuz enerjilerin duygusal etkilerine maruz kal\u0131r\u0131z. Bu kitab\u0131n i\u00e7erdi\u011fi bilgelik ile, titre\u015fim d\u00fczeyinizi, frekans\u0131n\u0131z\u0131 y\u00fckseltmeyi \u00f6\u011frenecek, kendinize ve insanl\u0131\u011fa mucizevi yararlar sa\u011flayacaks\u0131n\u0131z. -Masaru Emoto-, Suyun Gizli Mesaj\u0131 kitab\u0131n\u0131n yazar\u0131 \ufffcTan\u0131t\u0131m Metni<\/p>\n","protected":false},"excerpt":{"rendered":"<p>Y\u0131llarca \u00e7evremizden yaln\u0131z elle tutulan g\u00f6zle g\u00f6r\u00fclen \u015feylere g\u00fcvenmeyi \u00f6\u011frendik. O nedenle, bedenimiz kadar can\u0131m\u0131z\u0131n, ruhumuzun, d\u00fc\u015f\u00fcnce ve duygular\u0131m\u0131z\u0131n da enerji ta\u015f\u0131d\u0131\u011f\u0131n\u0131 pek fark etmedik. Oysa<span class=\"excerpt-hellip\"> [\u2026]<\/span><\/p>\n","protected":false},"featured_media":0,"template":"","meta":{"_monsterinsights_skip_tracking":false,"_monsterinsights_sitenote_active":false,"_monsterinsights_sitenote_note":"","_monsterinsights_sitenote_category":0},"product_brand":[],"product_cat":[12364,12376],"product_tag":[],"class_list":{"0":"post-701636","1":"product","2":"type-product","3":"status-publish","5":"product_cat-genel-konular","6":"product_cat-kisisel-gelisim","7":"pa_cilt-ciltsiz","8":"pa_tur-kitap","9":"pa_yayinevi-kuraldisi-yayinevi","10":"pa_yazar-penney-peirce","12":"first","13":"instock","14":"sale","15":"shipping-taxable","16":"purchasable","17":"product-type-simple"},"_links":{"self":[{"href":"https:\/\/roveyayinevi.com.tr\/index.php\/wp-json\/wp\/v2\/product\/701636","targetHints":{"allow":["GET"]}}],"collection":[{"href":"https:\/\/roveyayinevi.com.tr\/index.php\/wp-json\/wp\/v2\/product"}],"about":[{"href":"https:\/\/roveyayinevi.com.tr\/index.php\/wp-json\/wp\/v2\/types\/product"}],"wp:attachment":[{"href":"https:\/\/roveyayinevi.com.tr\/index.php\/wp-json\/wp\/v2\/media?parent=701636"}],"wp:term":[{"taxonomy":"product_brand","embeddable":true,"href":"https:\/\/roveyayinevi.com.tr\/index.php\/wp-json\/wp\/v2\/product_brand?post=701636"},{"taxonomy":"product_cat","embeddable":true,"href":"https:\/\/roveyayinevi.com.tr\/index.php\/wp-json\/wp\/v2\/product_cat?post=701636"},{"taxonomy":"product_tag","embeddable":true,"href":"https:\/\/roveyayinevi.com.tr\/index.php\/wp-json\/wp\/v2\/product_tag?post=701636"}],"curies":[{"name":"wp","href":"https:\/\/api.w.org\/{rel}","templated":true}]}}