{"id":701625,"date":"2025-08-27T15:10:28","date_gmt":"2025-08-27T12:10:28","guid":{"rendered":"https:\/\/roveyayinevi.com.tr\/index.php\/urun\/sacinda-gun-isigi\/"},"modified":"2026-04-16T02:10:51","modified_gmt":"2026-04-15T23:10:51","slug":"sacinda-gun-isigi","status":"publish","type":"product","link":"https:\/\/roveyayinevi.com.tr\/index.php\/urun\/sacinda-gun-isigi\/","title":{"rendered":"Sa\u00e7\u0131nda G\u00fcn I\u015f\u0131\u011f\u0131"},"content":{"rendered":"<p>\u201c\u00c7o\u011fu insan kendi tercih edece\u011fi bi\u00e7imde geli\u015fece\u011fini farz ederek g\u00fcvenir gelece\u011fe. Onu k\u00f6rlemesine planlar, m\u00fcmk\u00fcn olmayan\u0131 \u00f6ng\u00f6r\u00fcr. \u0130radenin i\u015fleyi\u015fi b\u00f6yle. Hayata ama\u00e7 vey\u00f6n veren \u015fey bu. Orada olan de\u011fil, olmayan \u015fey.\u201dPulitzer \u00d6d\u00fcll\u00fc &#8220;Dert Yorumcusu&#8221;nun yazar\u0131 Jhumpa Lahiri&#8217;den 2013 Man Booker ve National Book Award finalisti New York Times, Time, People, Goodreads, Slate, Chicago Tribune ve Kirkus&#8217;un &#8220;2013 y\u0131l\u0131n\u0131n en iyi kitab\u0131&#8221; se\u00e7kilerinde.&#8221;Muhte\u015fem\u2026Lahiri karakterlerini hi\u00e7bir parmak izi b\u0131rakmadan ele al\u0131yor.&#8221; New York Times &#8220;Etkileyici&#8230; Bir kitap okudu\u011funuzu unutturacak kadar samimi ve saydam.&#8221; NewsweekAdanm\u0131\u015fl\u0131klarla ayr\u0131lm\u0131\u015f, trajediyle birle\u015fmi\u015f iki karde\u015f. Ge\u00e7mi\u015fle lanetlenmi\u015f bir kad\u0131n. Devrimle darmada\u011f\u0131n olmu\u015f bir \u00fclke. Kendi yitmi\u015f, bedeli kalm\u0131\u015f bir a\u015fk. G\u00fcn\u00fcm\u00fcz\u00fcn en \u00f6nemli yazarlar\u0131ndan Pulitzer \u00f6d\u00fcll\u00fc Jhumpa Lahiri&#8217;den, \u00fc\u00e7 nesil ve iki \u00fclkeye yay\u0131lm\u0131\u015f b\u00fcy\u00fcleyici bir roman.<\/p>\n","protected":false},"excerpt":{"rendered":"<p>\u201c\u00c7o\u011fu insan kendi tercih edece\u011fi bi\u00e7imde geli\u015fece\u011fini farz ederek g\u00fcvenir gelece\u011fe. Onu k\u00f6rlemesine planlar, m\u00fcmk\u00fcn olmayan\u0131 \u00f6ng\u00f6r\u00fcr. \u0130radenin i\u015fleyi\u015fi b\u00f6yle. Hayata ama\u00e7 vey\u00f6n veren \u015fey bu.<span class=\"excerpt-hellip\"> [\u2026]<\/span><\/p>\n","protected":false},"featured_media":0,"template":"","meta":{"_monsterinsights_skip_tracking":false,"_monsterinsights_sitenote_active":false,"_monsterinsights_sitenote_note":"","_monsterinsights_sitenote_category":0},"product_brand":[],"product_cat":[12718,18102,12719],"product_tag":[],"class_list":{"0":"post-701625","1":"product","2":"type-product","3":"status-publish","5":"product_cat-din","6":"product_cat-edebiyat-roman","7":"product_cat-islam","8":"pa_cilt-ciltsiz","9":"pa_tur-kitap","10":"pa_yayinevi-domingo-yayinevi","11":"pa_yazar-jhumpa-lahiri","13":"first","14":"instock","15":"sale","16":"shipping-taxable","17":"purchasable","18":"product-type-simple"},"_links":{"self":[{"href":"https:\/\/roveyayinevi.com.tr\/index.php\/wp-json\/wp\/v2\/product\/701625","targetHints":{"allow":["GET"]}}],"collection":[{"href":"https:\/\/roveyayinevi.com.tr\/index.php\/wp-json\/wp\/v2\/product"}],"about":[{"href":"https:\/\/roveyayinevi.com.tr\/index.php\/wp-json\/wp\/v2\/types\/product"}],"wp:attachment":[{"href":"https:\/\/roveyayinevi.com.tr\/index.php\/wp-json\/wp\/v2\/media?parent=701625"}],"wp:term":[{"taxonomy":"product_brand","embeddable":true,"href":"https:\/\/roveyayinevi.com.tr\/index.php\/wp-json\/wp\/v2\/product_brand?post=701625"},{"taxonomy":"product_cat","embeddable":true,"href":"https:\/\/roveyayinevi.com.tr\/index.php\/wp-json\/wp\/v2\/product_cat?post=701625"},{"taxonomy":"product_tag","embeddable":true,"href":"https:\/\/roveyayinevi.com.tr\/index.php\/wp-json\/wp\/v2\/product_tag?post=701625"}],"curies":[{"name":"wp","href":"https:\/\/api.w.org\/{rel}","templated":true}]}}