{"id":701622,"date":"2025-08-27T15:10:27","date_gmt":"2025-08-27T12:10:27","guid":{"rendered":"https:\/\/roveyayinevi.com.tr\/index.php\/urun\/antikaci-dukkani\/"},"modified":"2026-04-16T02:10:51","modified_gmt":"2026-04-15T23:10:51","slug":"antikaci-dukkani","status":"publish","type":"product","link":"https:\/\/roveyayinevi.com.tr\/index.php\/urun\/antikaci-dukkani\/","title":{"rendered":"Antikac\u0131 D\u00fckkan\u0131"},"content":{"rendered":"<p>Toplumsal alt\u00fcst olu\u015f ve de\u011fi\u015fim d\u00f6nemlerinde insan\u0131n dram\u0131 daha bir derinle\u015fir. Dickens manifakt\u00fcrden fabrikaya ge\u00e7i\u015f, eme\u011fin s\u00f6m\u00fcr\u00fclmesine dayanan sermayenin yo\u011funla\u015fmas\u0131 d\u00f6neminin romanc\u0131s\u0131. Antikac\u0131 D\u00fckkan\u0131nda t\u00fcm toplumsal s\u0131n\u0131flar\u0131n tipik temsilcilerini i\u015fleyerek, onlar\u0131n maddi ya\u015famlar\u0131ndaki de\u011fi\u015fmelerle tinsel direnmeleri ve \u00e7at\u0131\u015fk\u0131lar\u0131n\u0131 dile getiriyor. Ba\u015fka bir deyi\u015fle altyap\u0131 ile \u00fcstyap\u0131y\u0131 birlikte irdeleyerek yeni insan\u0131n \u00f6n\u00fcn\u00fc a\u00e7\u0131yor. Okurlar\u0131m\u0131z\u0131n yararlanaca\u011f\u0131n\u0131 bildi\u011fimiz bu temel klasi\u011fi Metin \u0130lkin\u2019in T\u00fcrk\u00e7esinden sunuyoruz. \ufffcTan\u0131t\u0131m Metni<\/p>\n","protected":false},"excerpt":{"rendered":"<p>Toplumsal alt\u00fcst olu\u015f ve de\u011fi\u015fim d\u00f6nemlerinde insan\u0131n dram\u0131 daha bir derinle\u015fir. Dickens manifakt\u00fcrden fabrikaya ge\u00e7i\u015f, eme\u011fin s\u00f6m\u00fcr\u00fclmesine dayanan sermayenin yo\u011funla\u015fmas\u0131 d\u00f6neminin romanc\u0131s\u0131. Antikac\u0131 D\u00fckkan\u0131nda t\u00fcm toplumsal<span class=\"excerpt-hellip\"> [\u2026]<\/span><\/p>\n","protected":false},"featured_media":0,"template":"","meta":{"_monsterinsights_skip_tracking":false,"_monsterinsights_sitenote_active":false,"_monsterinsights_sitenote_note":"","_monsterinsights_sitenote_category":0},"product_brand":[],"product_cat":[12291,12866],"product_tag":[],"class_list":{"0":"post-701622","1":"product","2":"type-product","3":"status-publish","5":"product_cat-edebiyat","6":"product_cat-ingiliz-edebiyati","7":"pa_tur-kitap","8":"pa_yayinevi-oda-yayinlari","9":"pa_yazar-charles-dickens","11":"first","12":"instock","13":"sale","14":"shipping-taxable","15":"purchasable","16":"product-type-simple"},"_links":{"self":[{"href":"https:\/\/roveyayinevi.com.tr\/index.php\/wp-json\/wp\/v2\/product\/701622","targetHints":{"allow":["GET"]}}],"collection":[{"href":"https:\/\/roveyayinevi.com.tr\/index.php\/wp-json\/wp\/v2\/product"}],"about":[{"href":"https:\/\/roveyayinevi.com.tr\/index.php\/wp-json\/wp\/v2\/types\/product"}],"wp:attachment":[{"href":"https:\/\/roveyayinevi.com.tr\/index.php\/wp-json\/wp\/v2\/media?parent=701622"}],"wp:term":[{"taxonomy":"product_brand","embeddable":true,"href":"https:\/\/roveyayinevi.com.tr\/index.php\/wp-json\/wp\/v2\/product_brand?post=701622"},{"taxonomy":"product_cat","embeddable":true,"href":"https:\/\/roveyayinevi.com.tr\/index.php\/wp-json\/wp\/v2\/product_cat?post=701622"},{"taxonomy":"product_tag","embeddable":true,"href":"https:\/\/roveyayinevi.com.tr\/index.php\/wp-json\/wp\/v2\/product_tag?post=701622"}],"curies":[{"name":"wp","href":"https:\/\/api.w.org\/{rel}","templated":true}]}}