{"id":701621,"date":"2025-08-27T15:10:26","date_gmt":"2025-08-27T12:10:26","guid":{"rendered":"https:\/\/roveyayinevi.com.tr\/index.php\/urun\/jane-eyre-2\/"},"modified":"2026-04-16T02:10:50","modified_gmt":"2026-04-15T23:10:50","slug":"jane-eyre-2","status":"publish","type":"product","link":"https:\/\/roveyayinevi.com.tr\/index.php\/urun\/jane-eyre-2\/","title":{"rendered":"Jane Eyre"},"content":{"rendered":"<p>\u0130rlandal\u0131 bir rahibin k\u0131z\u0131 olan Charlotte Bronte, 1816 y\u0131l\u0131nda do\u011fdu. \u00c7ocuk bak\u0131c\u0131l\u0131\u011f\u0131 ve \u00f6\u011fretmenlik yapt\u0131. <\/p>\n","protected":false},"excerpt":{"rendered":"<p>\u0130rlandal\u0131 bir rahibin k\u0131z\u0131 olan Charlotte Bronte, 1816 y\u0131l\u0131nda do\u011fdu. \u00c7ocuk bak\u0131c\u0131l\u0131\u011f\u0131 ve \u00f6\u011fretmenlik yapt\u0131.<\/p>\n","protected":false},"featured_media":0,"template":"","meta":{"_monsterinsights_skip_tracking":false,"_monsterinsights_sitenote_active":false,"_monsterinsights_sitenote_note":"","_monsterinsights_sitenote_category":0},"product_brand":[],"product_cat":[12291,12866],"product_tag":[],"class_list":{"0":"post-701621","1":"product","2":"type-product","3":"status-publish","5":"product_cat-edebiyat","6":"product_cat-ingiliz-edebiyati","7":"pa_tur-kitap","8":"pa_yayinevi-oda-yayinlari","9":"pa_yazar-charlotte-bronte","11":"first","12":"instock","13":"sale","14":"shipping-taxable","15":"purchasable","16":"product-type-simple"},"_links":{"self":[{"href":"https:\/\/roveyayinevi.com.tr\/index.php\/wp-json\/wp\/v2\/product\/701621","targetHints":{"allow":["GET"]}}],"collection":[{"href":"https:\/\/roveyayinevi.com.tr\/index.php\/wp-json\/wp\/v2\/product"}],"about":[{"href":"https:\/\/roveyayinevi.com.tr\/index.php\/wp-json\/wp\/v2\/types\/product"}],"wp:attachment":[{"href":"https:\/\/roveyayinevi.com.tr\/index.php\/wp-json\/wp\/v2\/media?parent=701621"}],"wp:term":[{"taxonomy":"product_brand","embeddable":true,"href":"https:\/\/roveyayinevi.com.tr\/index.php\/wp-json\/wp\/v2\/product_brand?post=701621"},{"taxonomy":"product_cat","embeddable":true,"href":"https:\/\/roveyayinevi.com.tr\/index.php\/wp-json\/wp\/v2\/product_cat?post=701621"},{"taxonomy":"product_tag","embeddable":true,"href":"https:\/\/roveyayinevi.com.tr\/index.php\/wp-json\/wp\/v2\/product_tag?post=701621"}],"curies":[{"name":"wp","href":"https:\/\/api.w.org\/{rel}","templated":true}]}}