{"id":701620,"date":"2025-08-27T15:10:26","date_gmt":"2025-08-27T12:10:26","guid":{"rendered":"https:\/\/roveyayinevi.com.tr\/index.php\/urun\/iyinin-ve-kotunun-otesinde-2\/"},"modified":"2026-04-16T02:10:50","modified_gmt":"2026-04-15T23:10:50","slug":"iyinin-ve-kotunun-otesinde-2","status":"publish","type":"product","link":"https:\/\/roveyayinevi.com.tr\/index.php\/urun\/iyinin-ve-kotunun-otesinde-2\/","title":{"rendered":"\u0130yinin ve K\u00f6t\u00fcn\u00fcn \u00d6tesinde"},"content":{"rendered":"<p>Canavarlarla d\u00f6v\u00fc\u015fen ki\u015fi, kendisi de bir canavara d\u00f6n\u00fc\u015fmemeye dikkat etmelidir. Ve ne zaman bir u\u00e7urumun derinliklerine do\u011fru bakarsan\u0131z, u\u00e7urum da sizin derinliklerinize do\u011fru bakar. \ufffcTan\u0131t\u0131m Metni<\/p>\n","protected":false},"excerpt":{"rendered":"<p>Canavarlarla d\u00f6v\u00fc\u015fen ki\u015fi, kendisi de bir canavara d\u00f6n\u00fc\u015fmemeye dikkat etmelidir. Ve ne zaman bir u\u00e7urumun derinliklerine do\u011fru bakarsan\u0131z, u\u00e7urum da sizin derinliklerinize do\u011fru bakar. \ufffcTan\u0131t\u0131m Metni<\/p>\n","protected":false},"featured_media":0,"template":"","meta":{"_monsterinsights_skip_tracking":false,"_monsterinsights_sitenote_active":false,"_monsterinsights_sitenote_note":"","_monsterinsights_sitenote_category":0},"product_brand":[],"product_cat":[15319,12388],"product_tag":[],"class_list":{"0":"post-701620","1":"product","2":"type-product","3":"status-publish","5":"product_cat-etik","6":"product_cat-felsefe","7":"pa_tur-kitap","8":"pa_yayinevi-oda-yayinlari","9":"pa_yazar-friedrich-wilhelm-nietzsche","11":"first","12":"instock","13":"sale","14":"shipping-taxable","15":"purchasable","16":"product-type-simple"},"_links":{"self":[{"href":"https:\/\/roveyayinevi.com.tr\/index.php\/wp-json\/wp\/v2\/product\/701620","targetHints":{"allow":["GET"]}}],"collection":[{"href":"https:\/\/roveyayinevi.com.tr\/index.php\/wp-json\/wp\/v2\/product"}],"about":[{"href":"https:\/\/roveyayinevi.com.tr\/index.php\/wp-json\/wp\/v2\/types\/product"}],"wp:attachment":[{"href":"https:\/\/roveyayinevi.com.tr\/index.php\/wp-json\/wp\/v2\/media?parent=701620"}],"wp:term":[{"taxonomy":"product_brand","embeddable":true,"href":"https:\/\/roveyayinevi.com.tr\/index.php\/wp-json\/wp\/v2\/product_brand?post=701620"},{"taxonomy":"product_cat","embeddable":true,"href":"https:\/\/roveyayinevi.com.tr\/index.php\/wp-json\/wp\/v2\/product_cat?post=701620"},{"taxonomy":"product_tag","embeddable":true,"href":"https:\/\/roveyayinevi.com.tr\/index.php\/wp-json\/wp\/v2\/product_tag?post=701620"}],"curies":[{"name":"wp","href":"https:\/\/api.w.org\/{rel}","templated":true}]}}