{"id":701617,"date":"2025-08-27T15:10:25","date_gmt":"2025-08-27T12:10:25","guid":{"rendered":"https:\/\/roveyayinevi.com.tr\/index.php\/urun\/national-geographic-kids-uzay-ansiklopedisi\/"},"modified":"2026-04-16T02:10:50","modified_gmt":"2026-04-15T23:10:50","slug":"national-geographic-kids-uzay-ansiklopedisi","status":"publish","type":"product","link":"https:\/\/roveyayinevi.com.tr\/index.php\/urun\/national-geographic-kids-uzay-ansiklopedisi\/","title":{"rendered":"National Geographic Kids &#8211; Uzay Ansiklopedisi"},"content":{"rendered":"<p>National Geographic Kids Uzay Ansiklopedisi, evren ve G\u00fcne\u015f Sistemimiz hakk\u0131ndaki en yeni, ola\u011fan\u00fcst\u00fc ke\u015fiflerle size b\u00fcy\u00fcleyecek ve daha fazlas\u0131n\u0131 ke\u015ffetmeniz i\u00e7in sizlere ilham verecektir. G\u00fcne\u015f Sistemi turuna kat\u0131l\u0131n ve National Geographic imzas\u0131n\u0131 ta\u015f\u0131yan muhte\u015fem g\u00f6rseller e\u015fli\u011finde y\u0131ld\u0131zlar ve \u00f6tesine do\u011fru e\u011flenceli bir yolculu\u011fa \u00e7\u0131k\u0131n. \u201cG\u00f6k bilimciler, evrenin bizim do\u011frudan g\u00f6rebildiklerimizden \u00e7ok daha fazla kesitleri oldu\u011funu ke\u015ffetmi\u015flerdir. Evren bir buz da\u011f\u0131 gibidir. Buz da\u011f\u0131n\u0131n y\u00fczeyin \u00fczerinde g\u00f6r\u00fclen k\u0131sm\u0131, toplam buzun yaln\u0131zca onda biridir. Geride kalan dokuzda onu, suyun alt\u0131nda sakl\u0131d\u0131r.\u201d<\/p>\n","protected":false},"excerpt":{"rendered":"<p>National Geographic Kids Uzay Ansiklopedisi, evren ve G\u00fcne\u015f Sistemimiz hakk\u0131ndaki en yeni, ola\u011fan\u00fcst\u00fc ke\u015fiflerle size b\u00fcy\u00fcleyecek ve daha fazlas\u0131n\u0131 ke\u015ffetmeniz i\u00e7in sizlere ilham verecektir. G\u00fcne\u015f Sistemi<span class=\"excerpt-hellip\"> [\u2026]<\/span><\/p>\n","protected":false},"featured_media":0,"template":"","meta":{"_monsterinsights_skip_tracking":false,"_monsterinsights_sitenote_active":false,"_monsterinsights_sitenote_note":"","_monsterinsights_sitenote_category":0},"product_brand":[],"product_cat":[12274,14573],"product_tag":[],"class_list":{"0":"post-701617","1":"product","2":"type-product","3":"status-publish","5":"product_cat-cocuk-ve-genclik-kitaplari","6":"product_cat-referans-kitaplar-cocuk-ve-genclik-kitaplari","7":"pa_cilt-ciltli","8":"pa_tur-kitap","9":"pa_yayinevi-beta-kids","10":"pa_yazar-david-a-aguilar","12":"first","13":"instock","14":"sale","15":"shipping-taxable","16":"purchasable","17":"product-type-simple"},"_links":{"self":[{"href":"https:\/\/roveyayinevi.com.tr\/index.php\/wp-json\/wp\/v2\/product\/701617","targetHints":{"allow":["GET"]}}],"collection":[{"href":"https:\/\/roveyayinevi.com.tr\/index.php\/wp-json\/wp\/v2\/product"}],"about":[{"href":"https:\/\/roveyayinevi.com.tr\/index.php\/wp-json\/wp\/v2\/types\/product"}],"wp:attachment":[{"href":"https:\/\/roveyayinevi.com.tr\/index.php\/wp-json\/wp\/v2\/media?parent=701617"}],"wp:term":[{"taxonomy":"product_brand","embeddable":true,"href":"https:\/\/roveyayinevi.com.tr\/index.php\/wp-json\/wp\/v2\/product_brand?post=701617"},{"taxonomy":"product_cat","embeddable":true,"href":"https:\/\/roveyayinevi.com.tr\/index.php\/wp-json\/wp\/v2\/product_cat?post=701617"},{"taxonomy":"product_tag","embeddable":true,"href":"https:\/\/roveyayinevi.com.tr\/index.php\/wp-json\/wp\/v2\/product_tag?post=701617"}],"curies":[{"name":"wp","href":"https:\/\/api.w.org\/{rel}","templated":true}]}}