{"id":701616,"date":"2025-08-27T15:10:25","date_gmt":"2025-08-27T12:10:25","guid":{"rendered":"https:\/\/roveyayinevi.com.tr\/index.php\/urun\/gelecek-uzun-surer\/"},"modified":"2026-04-16T02:10:50","modified_gmt":"2026-04-15T23:10:50","slug":"gelecek-uzun-surer","status":"publish","type":"product","link":"https:\/\/roveyayinevi.com.tr\/index.php\/urun\/gelecek-uzun-surer\/","title":{"rendered":"Gelecek Uzun S\u00fcrer"},"content":{"rendered":"<p>Gelecek Uzun S\u00fcrer\u2019in ilk bask\u0131s\u0131 1992\u2019de, yani yirmi \u00fc\u00e7 y\u0131l \u00f6nce yap\u0131ld\u0131. Elinizdeki kitap 2007\u2019de yap\u0131lan ikinci bas\u0131m\u0131n \u00e7evirisidir. \u201cGelecek Uzun S\u00fcrer\u201d ile \u201cOlanlar\u201d birinci bas\u0131mda olan k\u0131s\u0131mlard\u0131r. Bu iki metnin kaleme al\u0131n\u0131\u015flar\u0131 aras\u0131nda y\u0131llar var: tam ortas\u0131nda, 16 Kas\u0131m 1980\u2019de, Althusser\u2019in kaderinin, Paris\u2019te Ulm Soka\u011f\u0131nda, Y\u00fcksek \u00d6\u011fretmen Okulu\u2019ndaki dairelerinde kar\u0131s\u0131 Halane\u2019i \u00f6ld\u00fcrmesiyle yolundan \u00e7\u0131karak akla gelmeyecek bir trajediye devrildi\u011fi on y\u0131l. \u0130\u00e7erisinde \u201cMakyavel\u201d ve \u201cSpinoza\u201d ba\u015fl\u0131klar\u0131n\u0131 ta\u015f\u0131yan iki b\u00f6l\u00fcm de yer ald\u0131\u011f\u0131 \u201cMalzemeler\u201d ba\u015fl\u0131kl\u0131 k\u0131s\u0131msa ikinci bas\u0131ma eklenmi\u015f metinlerdir.Louis Althusser\u2019in iki \u00f6zya\u015fam\u00f6yk\u00fcs\u00fc yay\u0131mland\u0131ktan sonra, yazar\u0131n tan\u0131nm\u0131\u015fl\u0131\u011f\u0131 ve katil filozof fig\u00fcr\u00fcn\u00fcn ilgin\u00e7li\u011fi nedeniyle asl\u0131nda \u00f6ng\u00f6r\u00fclebilir olan yank\u0131lar\u0131 \u00f6ng\u00f6r\u00fcleri de a\u015ft\u0131. Fransa\u2019da oldu\u011fu gibi d\u0131\u015farda da tam bir yay\u0131nc\u0131l\u0131k fenomeninden s\u00f6z edilebilir: hemen sat\u0131lan otuz be\u015f bin n\u00fcsha ve bir\u00e7ok \u00fclkede nerdeyse e\u015fzamanl\u0131 terc\u00fcmeler: \u0130spanya, Brezilya dahil Latin Amerika, Portekiz, Yunanistan, Almanya, Hollanda, Japonya, Kore, B\u00fcy\u00fck Britanya ve A.B.D. Bu yay\u0131nlar\u0131n her biri, eserin zaten hayli y\u00fckl\u00fc olan bas\u0131n dosyas\u0131n\u0131 ve uzman dergilerdeki makale envanterini daha da kabartt\u0131. <\/p>\n","protected":false},"excerpt":{"rendered":"<p>Gelecek Uzun S\u00fcrer\u2019in ilk bask\u0131s\u0131 1992\u2019de, yani yirmi \u00fc\u00e7 y\u0131l \u00f6nce yap\u0131ld\u0131. Elinizdeki kitap 2007\u2019de yap\u0131lan ikinci bas\u0131m\u0131n \u00e7evirisidir. \u201cGelecek Uzun S\u00fcrer\u201d ile \u201cOlanlar\u201d birinci bas\u0131mda<span class=\"excerpt-hellip\"> [\u2026]<\/span><\/p>\n","protected":false},"featured_media":0,"template":"","meta":{"_monsterinsights_skip_tracking":false,"_monsterinsights_sitenote_active":false,"_monsterinsights_sitenote_note":"","_monsterinsights_sitenote_category":0},"product_brand":[],"product_cat":[12388,13555],"product_tag":[],"class_list":{"0":"post-701616","1":"product","2":"type-product","3":"status-publish","5":"product_cat-felsefe","6":"product_cat-genel-felsefe","7":"pa_cilt-ciltsiz","8":"pa_tur-kitap","9":"pa_yayinevi-bilgesu-yayincilik","10":"pa_yazar-louis-althusser","12":"first","13":"instock","14":"sale","15":"shipping-taxable","16":"purchasable","17":"product-type-simple"},"_links":{"self":[{"href":"https:\/\/roveyayinevi.com.tr\/index.php\/wp-json\/wp\/v2\/product\/701616","targetHints":{"allow":["GET"]}}],"collection":[{"href":"https:\/\/roveyayinevi.com.tr\/index.php\/wp-json\/wp\/v2\/product"}],"about":[{"href":"https:\/\/roveyayinevi.com.tr\/index.php\/wp-json\/wp\/v2\/types\/product"}],"wp:attachment":[{"href":"https:\/\/roveyayinevi.com.tr\/index.php\/wp-json\/wp\/v2\/media?parent=701616"}],"wp:term":[{"taxonomy":"product_brand","embeddable":true,"href":"https:\/\/roveyayinevi.com.tr\/index.php\/wp-json\/wp\/v2\/product_brand?post=701616"},{"taxonomy":"product_cat","embeddable":true,"href":"https:\/\/roveyayinevi.com.tr\/index.php\/wp-json\/wp\/v2\/product_cat?post=701616"},{"taxonomy":"product_tag","embeddable":true,"href":"https:\/\/roveyayinevi.com.tr\/index.php\/wp-json\/wp\/v2\/product_tag?post=701616"}],"curies":[{"name":"wp","href":"https:\/\/api.w.org\/{rel}","templated":true}]}}