{"id":701610,"date":"2025-08-27T15:10:23","date_gmt":"2025-08-27T12:10:23","guid":{"rendered":"https:\/\/roveyayinevi.com.tr\/index.php\/urun\/kazaklar-5\/"},"modified":"2026-04-16T02:10:50","modified_gmt":"2026-04-15T23:10:50","slug":"kazaklar-5","status":"publish","type":"product","link":"https:\/\/roveyayinevi.com.tr\/index.php\/urun\/kazaklar-5\/","title":{"rendered":"Kazaklar"},"content":{"rendered":"<p>Kab\u0131na s\u0131\u011famayan bir Rus gencinin kendini bulmak i\u00e7in gitti\u011fi Kafkasya\u2019da Kazaklar aras\u0131nda ge\u00e7irdi\u011fi bir y\u0131l\u0131 anlatan bu roman   Turganyev  e g\u00f6re Rus roman\u0131n\u0131n en g\u00fczel \u00f6rneklerinden biridir. <\/p>\n","protected":false},"excerpt":{"rendered":"<p>Kab\u0131na s\u0131\u011famayan bir Rus gencinin kendini bulmak i\u00e7in gitti\u011fi Kafkasya\u2019da Kazaklar aras\u0131nda ge\u00e7irdi\u011fi bir y\u0131l\u0131 anlatan bu roman Turganyev e g\u00f6re Rus roman\u0131n\u0131n en g\u00fczel \u00f6rneklerinden<span class=\"excerpt-hellip\"> [\u2026]<\/span><\/p>\n","protected":false},"featured_media":0,"template":"","meta":{"_monsterinsights_skip_tracking":false,"_monsterinsights_sitenote_active":false,"_monsterinsights_sitenote_note":"","_monsterinsights_sitenote_category":0},"product_brand":[],"product_cat":[12291,13570],"product_tag":[],"class_list":{"0":"post-701610","1":"product","2":"type-product","3":"status-publish","5":"product_cat-edebiyat","6":"product_cat-rus-edebiyati","7":"pa_tur-kitap","8":"pa_yayinevi-oda-yayinlari","9":"pa_yazar-lev-nikolayevic-tolstoy","11":"first","12":"instock","13":"sale","14":"shipping-taxable","15":"purchasable","16":"product-type-simple"},"_links":{"self":[{"href":"https:\/\/roveyayinevi.com.tr\/index.php\/wp-json\/wp\/v2\/product\/701610","targetHints":{"allow":["GET"]}}],"collection":[{"href":"https:\/\/roveyayinevi.com.tr\/index.php\/wp-json\/wp\/v2\/product"}],"about":[{"href":"https:\/\/roveyayinevi.com.tr\/index.php\/wp-json\/wp\/v2\/types\/product"}],"wp:attachment":[{"href":"https:\/\/roveyayinevi.com.tr\/index.php\/wp-json\/wp\/v2\/media?parent=701610"}],"wp:term":[{"taxonomy":"product_brand","embeddable":true,"href":"https:\/\/roveyayinevi.com.tr\/index.php\/wp-json\/wp\/v2\/product_brand?post=701610"},{"taxonomy":"product_cat","embeddable":true,"href":"https:\/\/roveyayinevi.com.tr\/index.php\/wp-json\/wp\/v2\/product_cat?post=701610"},{"taxonomy":"product_tag","embeddable":true,"href":"https:\/\/roveyayinevi.com.tr\/index.php\/wp-json\/wp\/v2\/product_tag?post=701610"}],"curies":[{"name":"wp","href":"https:\/\/api.w.org\/{rel}","templated":true}]}}