{"id":701609,"date":"2025-08-27T15:10:22","date_gmt":"2025-08-27T12:10:22","guid":{"rendered":"https:\/\/roveyayinevi.com.tr\/index.php\/urun\/karamazov-kardesler-2-cilt-takim\/"},"modified":"2026-04-16T02:10:50","modified_gmt":"2026-04-15T23:10:50","slug":"karamazov-kardesler-2-cilt-takim","status":"publish","type":"product","link":"https:\/\/roveyayinevi.com.tr\/index.php\/urun\/karamazov-kardesler-2-cilt-takim\/","title":{"rendered":"Karamazov Karde\u015fler (2 Cilt Tak\u0131m)"},"content":{"rendered":"<p>Sadece Rusya\u2019n\u0131n de\u011fil, d\u00fcnya edebiyat\u0131n\u0131n da devlerinden biri olan Dostoyevski\u2019nin ba\u015fyap\u0131t\u0131 Karamazov Karde\u015fler roman\u0131 d\u00fcnya romanc\u0131l\u0131\u011f\u0131n\u0131n da ba\u015fyap\u0131t\u0131 olma \u00fcn\u00fcn\u00fc hala s\u00fcrd\u00fcr\u00fcyor. Konusu, estetik b\u00fct\u00fcnl\u00fc\u011f\u00fc ve yer yer polisiyeye de yaslanan tekni\u011finin ula\u015f\u0131lmaz ustal\u0131\u011f\u0131yla an\u0131tla\u015fan bu yap\u0131t, yay\u0131nevimizin Dostoyevski yap\u0131tlar\u0131n\u0131n eksi\u011fiydi. Okurlar\u0131m\u0131za b\u00f6yle bir yap\u0131t sundu\u011fumuz i\u00e7in k\u0131van\u00e7l\u0131y\u0131z. <\/p>\n","protected":false},"excerpt":{"rendered":"<p>Sadece Rusya\u2019n\u0131n de\u011fil, d\u00fcnya edebiyat\u0131n\u0131n da devlerinden biri olan Dostoyevski\u2019nin ba\u015fyap\u0131t\u0131 Karamazov Karde\u015fler roman\u0131 d\u00fcnya romanc\u0131l\u0131\u011f\u0131n\u0131n da ba\u015fyap\u0131t\u0131 olma \u00fcn\u00fcn\u00fc hala s\u00fcrd\u00fcr\u00fcyor. Konusu, estetik b\u00fct\u00fcnl\u00fc\u011f\u00fc ve<span class=\"excerpt-hellip\"> [\u2026]<\/span><\/p>\n","protected":false},"featured_media":0,"template":"","meta":{"_monsterinsights_skip_tracking":false,"_monsterinsights_sitenote_active":false,"_monsterinsights_sitenote_note":"","_monsterinsights_sitenote_category":0},"product_brand":[],"product_cat":[12291,13570],"product_tag":[],"class_list":{"0":"post-701609","1":"product","2":"type-product","3":"status-publish","5":"product_cat-edebiyat","6":"product_cat-rus-edebiyati","7":"pa_tur-kitap","8":"pa_yayinevi-oda-yayinlari","9":"pa_yazar-fyodor-mihaylovic-dostoyevski","11":"first","12":"instock","13":"sale","14":"shipping-taxable","15":"purchasable","16":"product-type-simple"},"_links":{"self":[{"href":"https:\/\/roveyayinevi.com.tr\/index.php\/wp-json\/wp\/v2\/product\/701609","targetHints":{"allow":["GET"]}}],"collection":[{"href":"https:\/\/roveyayinevi.com.tr\/index.php\/wp-json\/wp\/v2\/product"}],"about":[{"href":"https:\/\/roveyayinevi.com.tr\/index.php\/wp-json\/wp\/v2\/types\/product"}],"wp:attachment":[{"href":"https:\/\/roveyayinevi.com.tr\/index.php\/wp-json\/wp\/v2\/media?parent=701609"}],"wp:term":[{"taxonomy":"product_brand","embeddable":true,"href":"https:\/\/roveyayinevi.com.tr\/index.php\/wp-json\/wp\/v2\/product_brand?post=701609"},{"taxonomy":"product_cat","embeddable":true,"href":"https:\/\/roveyayinevi.com.tr\/index.php\/wp-json\/wp\/v2\/product_cat?post=701609"},{"taxonomy":"product_tag","embeddable":true,"href":"https:\/\/roveyayinevi.com.tr\/index.php\/wp-json\/wp\/v2\/product_tag?post=701609"}],"curies":[{"name":"wp","href":"https:\/\/api.w.org\/{rel}","templated":true}]}}