{"id":701603,"date":"2025-08-27T15:10:20","date_gmt":"2025-08-27T12:10:20","guid":{"rendered":"https:\/\/roveyayinevi.com.tr\/index.php\/urun\/kanaatlerden-imajlara-duygular-sosyolojisine-dogru\/"},"modified":"2026-04-16T02:10:50","modified_gmt":"2026-04-15T23:10:50","slug":"kanaatlerden-imajlara-duygular-sosyolojisine-dogru","status":"publish","type":"product","link":"https:\/\/roveyayinevi.com.tr\/index.php\/urun\/kanaatlerden-imajlara-duygular-sosyolojisine-dogru\/","title":{"rendered":"Kanaatlerden \u0130majlara: Duygular Sosyolojisine Do\u011fru"},"content":{"rendered":"<p>Bu inceleme toplumsal bilimlerle belgesel filmcilik aras\u0131nda m\u00fcmk\u00fcn bir birle\u015fmenin boyutlar\u0131n\u0131 tart\u0131\u015f\u0131yor. Bunun \u00f6n \u015fartlar\u0131ndan birinin h\u00e2lihaz\u0131rdaki kanaatler sosyolojisinin bir ele\u015ftirisi olmas\u0131 gerekti\u011fine inan\u0131yoruz. Bu yaln\u0131zca s\u0131radan toplumsal ara\u015ft\u0131rma prati\u011fine y\u00f6nelik bir ele\u015ftiri de\u011fil, yorumcu &#8211; epistemolojik tarza ve toplumbilimsel yakla\u015f\u0131mlar\u0131n metin ve kanaat etraf\u0131ndaki epistemolojik d\u00fc\u011f\u00fcmleni\u015fine y\u00f6nelik bir ele\u015ftiridir. Spinoza\u2019n\u0131n duygular \u00f6\u011fretisi bu noktada bizim i\u00e7in merkezi bir \u00f6neme sahip: duygular sosyolojisi kendi ba\u015f\u0131na bir epistemik alan olmaktan \u00e7ok, adanm\u0131\u015f oldu\u011fu alanda bir praksis olu\u015fturmaya \u00e7abalamal\u0131. Bu praksisi nihai olarak Dziga Vertov\u2019un sine &#8211; g\u00f6z ve sine &#8211; hakikat yakla\u015f\u0131m\u0131nda,\u00e7a\u011fda\u015f video alan\u0131nda ise Jean &#8211; Luc Godard\u2019\u0131n videoyu bir d\u00fc\u015f\u00fcnme cihaz\u0131na d\u00f6n\u00fc\u015ft\u00fcrmeyi ama\u00e7layan yakla\u015f\u0131mlar\u0131nda g\u00f6r\u00fcyoruz. \ufffcTan\u0131t\u0131m Metni<\/p>\n","protected":false},"excerpt":{"rendered":"<p>Bu inceleme toplumsal bilimlerle belgesel filmcilik aras\u0131nda m\u00fcmk\u00fcn bir birle\u015fmenin boyutlar\u0131n\u0131 tart\u0131\u015f\u0131yor. Bunun \u00f6n \u015fartlar\u0131ndan birinin h\u00e2lihaz\u0131rdaki kanaatler sosyolojisinin bir ele\u015ftirisi olmas\u0131 gerekti\u011fine inan\u0131yoruz. Bu yaln\u0131zca<span class=\"excerpt-hellip\"> [\u2026]<\/span><\/p>\n","protected":false},"featured_media":0,"template":"","meta":{"_monsterinsights_skip_tracking":false,"_monsterinsights_sitenote_active":false,"_monsterinsights_sitenote_note":"","_monsterinsights_sitenote_category":0},"product_brand":[],"product_cat":[12835,12324],"product_tag":[],"class_list":{"0":"post-701603","1":"product","2":"type-product","3":"status-publish","5":"product_cat-genel-sosyoloji","6":"product_cat-sosyoloji","7":"pa_cilt-ciltsiz","8":"pa_tur-kitap","9":"pa_yayinevi-iletisim-yayinlari","10":"pa_yazar-ulus-baker","12":"first","13":"instock","14":"sale","15":"shipping-taxable","16":"purchasable","17":"product-type-simple"},"_links":{"self":[{"href":"https:\/\/roveyayinevi.com.tr\/index.php\/wp-json\/wp\/v2\/product\/701603","targetHints":{"allow":["GET"]}}],"collection":[{"href":"https:\/\/roveyayinevi.com.tr\/index.php\/wp-json\/wp\/v2\/product"}],"about":[{"href":"https:\/\/roveyayinevi.com.tr\/index.php\/wp-json\/wp\/v2\/types\/product"}],"wp:attachment":[{"href":"https:\/\/roveyayinevi.com.tr\/index.php\/wp-json\/wp\/v2\/media?parent=701603"}],"wp:term":[{"taxonomy":"product_brand","embeddable":true,"href":"https:\/\/roveyayinevi.com.tr\/index.php\/wp-json\/wp\/v2\/product_brand?post=701603"},{"taxonomy":"product_cat","embeddable":true,"href":"https:\/\/roveyayinevi.com.tr\/index.php\/wp-json\/wp\/v2\/product_cat?post=701603"},{"taxonomy":"product_tag","embeddable":true,"href":"https:\/\/roveyayinevi.com.tr\/index.php\/wp-json\/wp\/v2\/product_tag?post=701603"}],"curies":[{"name":"wp","href":"https:\/\/api.w.org\/{rel}","templated":true}]}}