{"id":701601,"date":"2025-08-27T15:10:19","date_gmt":"2025-08-27T12:10:19","guid":{"rendered":"https:\/\/roveyayinevi.com.tr\/index.php\/urun\/boyle-buyurdu-zerdust-4\/"},"modified":"2026-04-16T02:10:50","modified_gmt":"2026-04-15T23:10:50","slug":"boyle-buyurdu-zerdust-4","status":"publish","type":"product","link":"https:\/\/roveyayinevi.com.tr\/index.php\/urun\/boyle-buyurdu-zerdust-4\/","title":{"rendered":"B\u00f6yle Buyurdu Zerd\u00fc\u015ft"},"content":{"rendered":"<p>Platon\u2019dan beri s\u00fcregelen yanl\u0131\u015f de\u011ferler ve kuruntular\u0131n ge\u00e7ersizli\u011fini ilan eden \u00c7eki\u00e7 Felsefe nin ba\u015flat\u0131c\u0131s\u0131 olan Nietzsche, metafizi\u011fi y\u0131kma eylemine giri\u015fmi\u015ftir. \ufffcTan\u0131t\u0131m Metni<\/p>\n","protected":false},"excerpt":{"rendered":"<p>Platon\u2019dan beri s\u00fcregelen yanl\u0131\u015f de\u011ferler ve kuruntular\u0131n ge\u00e7ersizli\u011fini ilan eden \u00c7eki\u00e7 Felsefe nin ba\u015flat\u0131c\u0131s\u0131 olan Nietzsche, metafizi\u011fi y\u0131kma eylemine giri\u015fmi\u015ftir. \ufffcTan\u0131t\u0131m Metni<\/p>\n","protected":false},"featured_media":0,"template":"","meta":{"_monsterinsights_skip_tracking":false,"_monsterinsights_sitenote_active":false,"_monsterinsights_sitenote_note":"","_monsterinsights_sitenote_category":0},"product_brand":[],"product_cat":[15319,12388],"product_tag":[],"class_list":{"0":"post-701601","1":"product","2":"type-product","3":"status-publish","5":"product_cat-etik","6":"product_cat-felsefe","7":"pa_tur-kitap","8":"pa_yayinevi-oda-yayinlari","9":"pa_yazar-friedrich-wilhelm-nietzsche","11":"first","12":"instock","13":"sale","14":"shipping-taxable","15":"purchasable","16":"product-type-simple"},"_links":{"self":[{"href":"https:\/\/roveyayinevi.com.tr\/index.php\/wp-json\/wp\/v2\/product\/701601","targetHints":{"allow":["GET"]}}],"collection":[{"href":"https:\/\/roveyayinevi.com.tr\/index.php\/wp-json\/wp\/v2\/product"}],"about":[{"href":"https:\/\/roveyayinevi.com.tr\/index.php\/wp-json\/wp\/v2\/types\/product"}],"wp:attachment":[{"href":"https:\/\/roveyayinevi.com.tr\/index.php\/wp-json\/wp\/v2\/media?parent=701601"}],"wp:term":[{"taxonomy":"product_brand","embeddable":true,"href":"https:\/\/roveyayinevi.com.tr\/index.php\/wp-json\/wp\/v2\/product_brand?post=701601"},{"taxonomy":"product_cat","embeddable":true,"href":"https:\/\/roveyayinevi.com.tr\/index.php\/wp-json\/wp\/v2\/product_cat?post=701601"},{"taxonomy":"product_tag","embeddable":true,"href":"https:\/\/roveyayinevi.com.tr\/index.php\/wp-json\/wp\/v2\/product_tag?post=701601"}],"curies":[{"name":"wp","href":"https:\/\/api.w.org\/{rel}","templated":true}]}}