{"id":701598,"date":"2025-08-27T15:10:18","date_gmt":"2025-08-27T12:10:18","guid":{"rendered":"https:\/\/roveyayinevi.com.tr\/index.php\/urun\/beni-hic-anlamiyorsun\/"},"modified":"2026-04-16T02:10:50","modified_gmt":"2026-04-15T23:10:50","slug":"beni-hic-anlamiyorsun","status":"publish","type":"product","link":"https:\/\/roveyayinevi.com.tr\/index.php\/urun\/beni-hic-anlamiyorsun\/","title":{"rendered":"Beni Hi\u00e7 Anlam\u0131yorsun"},"content":{"rendered":"<p>\u201cOnu yeterince anl\u0131yor musunuz?\u201dErgenlik, insan \u00f6mr\u00fcn\u00fcn hem en k\u0131r\u0131lgan hem de hayat\u0131n geri kalan\u0131n\u0131 etkileyecek \u00f6nemli bir f\u0131rsatlar d\u00f6nemidir. Bu d\u00f6nemde  bedensel ve ruhsal de\u011fi\u015fikliklerle ilgili do\u011fru bilgilenmek, onlar\u0131n bu d\u00f6nemi en iyi \u015fekilde atlatmas\u0131n\u0131 sa\u011flarken, \u00e7ocuklar\u0131n\u0131n ergenli\u011fe ge\u00e7i\u015fini endi\u015feyle bekleyen ebeveynlerin y\u00fcre\u011fine su serper.Biyolojik, genetik risklerin yan\u0131 s\u0131ra e\u011fitimle ilgili sorunlar, kendileri hakk\u0131ndaki olumsuz d\u00fc\u015f\u00fcnceleri, bedenlerinin de\u011fi\u015fmesi, arkada\u015flar\u0131yla ya da aileleriyle ya\u015fad\u0131klar\u0131 sorunlar, yak\u0131nlar\u0131n kaybedilmesi, ekonomik \u00e7alkant\u0131lar, sa\u011fl\u0131k sorunlar\u0131 gibi \u00e7ok \u00e7e\u015fitli nedenlerle ergenin ruh sa\u011fl\u0131\u011f\u0131 olumsuz etkilenebilir ve giderek yaln\u0131zla\u015farak, hi\u00e7 kimsenin kendisini anlamad\u0131\u011f\u0131n\u0131 d\u00fc\u015f\u00fcnebilir.\u201cBeni hi\u00e7 anlam\u0131yorsun!\u201d diyen bir \u00e7ocu\u011funuz mu var? Bu kitaptaki \u00f6neriler ve bilgilendirmeler do\u011frultusunda ergenlik d\u00f6nemini \u00e7ocu\u011funuzla birlikte sorunsuzca atlatabilir, onun yeti\u015fkinli\u011fe sa\u011fl\u0131kl\u0131 bir \u015fekilde ad\u0131m atmas\u0131na yard\u0131mc\u0131 olabilirsiniz. <\/p>\n","protected":false},"excerpt":{"rendered":"<p>\u201cOnu yeterince anl\u0131yor musunuz?\u201dErgenlik, insan \u00f6mr\u00fcn\u00fcn hem en k\u0131r\u0131lgan hem de hayat\u0131n geri kalan\u0131n\u0131 etkileyecek \u00f6nemli bir f\u0131rsatlar d\u00f6nemidir. Bu d\u00f6nemde bedensel ve ruhsal de\u011fi\u015fikliklerle ilgili<span class=\"excerpt-hellip\"> [\u2026]<\/span><\/p>\n","protected":false},"featured_media":0,"template":"","meta":{"_monsterinsights_skip_tracking":false,"_monsterinsights_sitenote_active":false,"_monsterinsights_sitenote_note":"","_monsterinsights_sitenote_category":0},"product_brand":[],"product_cat":[17996,12364],"product_tag":[],"class_list":{"0":"post-701598","1":"product","2":"type-product","3":"status-publish","5":"product_cat-ebeveyn-kitaplari","6":"product_cat-genel-konular","7":"pa_cilt-ciltsiz","8":"pa_tur-kitap","9":"pa_yayinevi-say-yayinlari","10":"pa_yazar-koray-karabekiroglu","12":"first","13":"instock","14":"sale","15":"shipping-taxable","16":"purchasable","17":"product-type-simple"},"_links":{"self":[{"href":"https:\/\/roveyayinevi.com.tr\/index.php\/wp-json\/wp\/v2\/product\/701598","targetHints":{"allow":["GET"]}}],"collection":[{"href":"https:\/\/roveyayinevi.com.tr\/index.php\/wp-json\/wp\/v2\/product"}],"about":[{"href":"https:\/\/roveyayinevi.com.tr\/index.php\/wp-json\/wp\/v2\/types\/product"}],"wp:attachment":[{"href":"https:\/\/roveyayinevi.com.tr\/index.php\/wp-json\/wp\/v2\/media?parent=701598"}],"wp:term":[{"taxonomy":"product_brand","embeddable":true,"href":"https:\/\/roveyayinevi.com.tr\/index.php\/wp-json\/wp\/v2\/product_brand?post=701598"},{"taxonomy":"product_cat","embeddable":true,"href":"https:\/\/roveyayinevi.com.tr\/index.php\/wp-json\/wp\/v2\/product_cat?post=701598"},{"taxonomy":"product_tag","embeddable":true,"href":"https:\/\/roveyayinevi.com.tr\/index.php\/wp-json\/wp\/v2\/product_tag?post=701598"}],"curies":[{"name":"wp","href":"https:\/\/api.w.org\/{rel}","templated":true}]}}