{"id":701596,"date":"2025-08-27T15:10:18","date_gmt":"2025-08-27T12:10:18","guid":{"rendered":"https:\/\/roveyayinevi.com.tr\/index.php\/urun\/tufan\/"},"modified":"2026-04-16T02:10:50","modified_gmt":"2026-04-15T23:10:50","slug":"tufan","status":"publish","type":"product","link":"https:\/\/roveyayinevi.com.tr\/index.php\/urun\/tufan\/","title":{"rendered":"Tufan"},"content":{"rendered":"<p>Allah, Hz. Nuh\u2019a bir gemi yapmas\u0131n\u0131 emretti. Bu \u00f6yle bir gemi olacakt\u0131 ki i\u00e7inde her \u00e7e\u015fit hayvan bulunacak ve Allah\u2019a iman edenleri b\u00fcy\u00fck tufandan koruyacakt\u0131. Hz. Nuh kendisine emredilen \u015fekilde gemiyi tamamlad\u0131. S\u0131ra gemiye binecek m\u00fcminlere gelmi\u015fti. Acaba kimler bu k\u0131ymetli insanlardan olabilecekti? Tufan da, Nuh Peygamber\u2019in halk\u0131n\u0131 do\u011fru yola davet etmek i\u00e7in verdi\u011fi m\u00fccadeleyi ve Nuh Peygamber\u2019den sonra gelen Hz. Hud ve Hz. Salih\u2019in de halk\u0131n\u0131 ayd\u0131nlatmak i\u00e7in neler ya\u015fad\u0131\u011f\u0131n\u0131 okuyacaks\u0131n\u0131z. \ufffcTan\u0131t\u0131m Metni<\/p>\n","protected":false},"excerpt":{"rendered":"<p>Allah, Hz. Nuh\u2019a bir gemi yapmas\u0131n\u0131 emretti. Bu \u00f6yle bir gemi olacakt\u0131 ki i\u00e7inde her \u00e7e\u015fit hayvan bulunacak ve Allah\u2019a iman edenleri b\u00fcy\u00fck tufandan koruyacakt\u0131. Hz.<span class=\"excerpt-hellip\"> [\u2026]<\/span><\/p>\n","protected":false},"featured_media":0,"template":"","meta":{"_monsterinsights_skip_tracking":false,"_monsterinsights_sitenote_active":false,"_monsterinsights_sitenote_note":"","_monsterinsights_sitenote_category":0},"product_brand":[],"product_cat":[12718,12719,18109],"product_tag":[],"class_list":{"0":"post-701596","1":"product","2":"type-product","3":"status-publish","5":"product_cat-din","6":"product_cat-islam","7":"product_cat-islam-tarihi","8":"pa_cilt-ciltsiz","9":"pa_tur-kitap","10":"pa_yayinevi-gulce-kitap","11":"pa_yazar-ahmet-yilmaz-boyunaga","13":"first","14":"instock","15":"sale","16":"shipping-taxable","17":"purchasable","18":"product-type-simple"},"_links":{"self":[{"href":"https:\/\/roveyayinevi.com.tr\/index.php\/wp-json\/wp\/v2\/product\/701596","targetHints":{"allow":["GET"]}}],"collection":[{"href":"https:\/\/roveyayinevi.com.tr\/index.php\/wp-json\/wp\/v2\/product"}],"about":[{"href":"https:\/\/roveyayinevi.com.tr\/index.php\/wp-json\/wp\/v2\/types\/product"}],"wp:attachment":[{"href":"https:\/\/roveyayinevi.com.tr\/index.php\/wp-json\/wp\/v2\/media?parent=701596"}],"wp:term":[{"taxonomy":"product_brand","embeddable":true,"href":"https:\/\/roveyayinevi.com.tr\/index.php\/wp-json\/wp\/v2\/product_brand?post=701596"},{"taxonomy":"product_cat","embeddable":true,"href":"https:\/\/roveyayinevi.com.tr\/index.php\/wp-json\/wp\/v2\/product_cat?post=701596"},{"taxonomy":"product_tag","embeddable":true,"href":"https:\/\/roveyayinevi.com.tr\/index.php\/wp-json\/wp\/v2\/product_tag?post=701596"}],"curies":[{"name":"wp","href":"https:\/\/api.w.org\/{rel}","templated":true}]}}