{"id":701592,"date":"2025-08-27T15:10:16","date_gmt":"2025-08-27T12:10:16","guid":{"rendered":"https:\/\/roveyayinevi.com.tr\/index.php\/urun\/camiler\/"},"modified":"2026-04-16T02:10:50","modified_gmt":"2026-04-15T23:10:50","slug":"camiler","status":"publish","type":"product","link":"https:\/\/roveyayinevi.com.tr\/index.php\/urun\/camiler\/","title":{"rendered":"Camiler"},"content":{"rendered":"<p>Bir camiye girdi\u011fimizde \u0130slam d\u00fcnyas\u0131n\u0131n harikalar\u0131na \u015fahit oluruz. Bu kitapla e\u015fsiz g\u00fczellikteki camilerin neden, nas\u0131l ve ne zaman yap\u0131ld\u0131klar\u0131n\u0131 \u00f6\u011frenirken, kubbe ve minarelerin nas\u0131l in\u015fa edildi\u011fini ke\u015ffedecek, duvar i\u015f\u00e7ilerini muhte\u015fem g\u00fczellikteki s\u00fcslemeleri oyarken izleyece\u011fiz. Ayr\u0131ca d\u00fcnyan\u0131n en iyi mimarlar\u0131ndan Mimar Sinan\u2019\u0131 da yak\u0131ndan tan\u0131yaca\u011f\u0131z. <\/p>\n","protected":false},"excerpt":{"rendered":"<p>Bir camiye girdi\u011fimizde \u0130slam d\u00fcnyas\u0131n\u0131n harikalar\u0131na \u015fahit oluruz. Bu kitapla e\u015fsiz g\u00fczellikteki camilerin neden, nas\u0131l ve ne zaman yap\u0131ld\u0131klar\u0131n\u0131 \u00f6\u011frenirken, kubbe ve minarelerin nas\u0131l in\u015fa edildi\u011fini<span class=\"excerpt-hellip\"> [\u2026]<\/span><\/p>\n","protected":false},"featured_media":0,"template":"","meta":{"_monsterinsights_skip_tracking":false,"_monsterinsights_sitenote_active":false,"_monsterinsights_sitenote_note":"","_monsterinsights_sitenote_category":0},"product_brand":[],"product_cat":[12274,15842],"product_tag":[],"class_list":{"0":"post-701592","1":"product","2":"type-product","3":"status-publish","5":"product_cat-cocuk-ve-genclik-kitaplari","6":"product_cat-egitici-kitaplar","7":"pa_cilt-ciltsiz","8":"pa_tur-kitap","9":"pa_yayinevi-mandolin-yayinlari","10":"pa_yazar-fiona-macdonald","12":"first","13":"instock","14":"sale","15":"shipping-taxable","16":"purchasable","17":"product-type-simple"},"_links":{"self":[{"href":"https:\/\/roveyayinevi.com.tr\/index.php\/wp-json\/wp\/v2\/product\/701592","targetHints":{"allow":["GET"]}}],"collection":[{"href":"https:\/\/roveyayinevi.com.tr\/index.php\/wp-json\/wp\/v2\/product"}],"about":[{"href":"https:\/\/roveyayinevi.com.tr\/index.php\/wp-json\/wp\/v2\/types\/product"}],"wp:attachment":[{"href":"https:\/\/roveyayinevi.com.tr\/index.php\/wp-json\/wp\/v2\/media?parent=701592"}],"wp:term":[{"taxonomy":"product_brand","embeddable":true,"href":"https:\/\/roveyayinevi.com.tr\/index.php\/wp-json\/wp\/v2\/product_brand?post=701592"},{"taxonomy":"product_cat","embeddable":true,"href":"https:\/\/roveyayinevi.com.tr\/index.php\/wp-json\/wp\/v2\/product_cat?post=701592"},{"taxonomy":"product_tag","embeddable":true,"href":"https:\/\/roveyayinevi.com.tr\/index.php\/wp-json\/wp\/v2\/product_tag?post=701592"}],"curies":[{"name":"wp","href":"https:\/\/api.w.org\/{rel}","templated":true}]}}