{"id":701591,"date":"2025-08-27T15:10:16","date_gmt":"2025-08-27T12:10:16","guid":{"rendered":"https:\/\/roveyayinevi.com.tr\/index.php\/urun\/ant\/"},"modified":"2026-04-16T02:10:50","modified_gmt":"2026-04-15T23:10:50","slug":"ant","status":"publish","type":"product","link":"https:\/\/roveyayinevi.com.tr\/index.php\/urun\/ant\/","title":{"rendered":"Ant"},"content":{"rendered":"<p>K\u0131sa \u00f6yk\u00fcn\u00fcn en tan\u0131nm\u0131\u015f ustalar\u0131ndan \u00d6mer Seyfettin\u2019in en g\u00fczel \u00f6yk\u00fclerinden bir demet bulacaks\u0131n\u0131z bu kitapta. Genellikle yazar\u0131n \u00e7ocukluk ya\u015fant\u0131s\u0131ndan izlenimleri i\u00e7eren bu \u00f6yk\u00fcler, bug\u00fcn b\u00fcy\u00fcklerin bile belle\u011finde derin izler b\u0131rakm\u0131\u015ft\u0131r. Her \u00e7ocu\u011fun b\u00fcy\u00fck bir zevkle okuyaca\u011f\u0131 kan\u0131s\u0131nday\u0131z. <\/p>\n","protected":false},"excerpt":{"rendered":"<p>K\u0131sa \u00f6yk\u00fcn\u00fcn en tan\u0131nm\u0131\u015f ustalar\u0131ndan \u00d6mer Seyfettin\u2019in en g\u00fczel \u00f6yk\u00fclerinden bir demet bulacaks\u0131n\u0131z bu kitapta. Genellikle yazar\u0131n \u00e7ocukluk ya\u015fant\u0131s\u0131ndan izlenimleri i\u00e7eren bu \u00f6yk\u00fcler, bug\u00fcn b\u00fcy\u00fcklerin bile<span class=\"excerpt-hellip\"> [\u2026]<\/span><\/p>\n","protected":false},"featured_media":0,"template":"","meta":{"_monsterinsights_skip_tracking":false,"_monsterinsights_sitenote_active":false,"_monsterinsights_sitenote_note":"","_monsterinsights_sitenote_category":0},"product_brand":[],"product_cat":[12274,12284],"product_tag":[],"class_list":{"0":"post-701591","1":"product","2":"type-product","3":"status-publish","5":"product_cat-cocuk-ve-genclik-kitaplari","6":"product_cat-hikayeler","7":"pa_tur-kitap","8":"pa_yayinevi-oda-yayinlari","9":"pa_yazar-omer-seyfettin","11":"first","12":"instock","13":"sale","14":"shipping-taxable","15":"purchasable","16":"product-type-simple"},"_links":{"self":[{"href":"https:\/\/roveyayinevi.com.tr\/index.php\/wp-json\/wp\/v2\/product\/701591","targetHints":{"allow":["GET"]}}],"collection":[{"href":"https:\/\/roveyayinevi.com.tr\/index.php\/wp-json\/wp\/v2\/product"}],"about":[{"href":"https:\/\/roveyayinevi.com.tr\/index.php\/wp-json\/wp\/v2\/types\/product"}],"wp:attachment":[{"href":"https:\/\/roveyayinevi.com.tr\/index.php\/wp-json\/wp\/v2\/media?parent=701591"}],"wp:term":[{"taxonomy":"product_brand","embeddable":true,"href":"https:\/\/roveyayinevi.com.tr\/index.php\/wp-json\/wp\/v2\/product_brand?post=701591"},{"taxonomy":"product_cat","embeddable":true,"href":"https:\/\/roveyayinevi.com.tr\/index.php\/wp-json\/wp\/v2\/product_cat?post=701591"},{"taxonomy":"product_tag","embeddable":true,"href":"https:\/\/roveyayinevi.com.tr\/index.php\/wp-json\/wp\/v2\/product_tag?post=701591"}],"curies":[{"name":"wp","href":"https:\/\/api.w.org\/{rel}","templated":true}]}}