{"id":701589,"date":"2025-08-27T15:10:15","date_gmt":"2025-08-27T12:10:15","guid":{"rendered":"https:\/\/roveyayinevi.com.tr\/index.php\/urun\/iletisim-ve-spor\/"},"modified":"2026-04-16T02:10:50","modified_gmt":"2026-04-15T23:10:50","slug":"iletisim-ve-spor","status":"publish","type":"product","link":"https:\/\/roveyayinevi.com.tr\/index.php\/urun\/iletisim-ve-spor\/","title":{"rendered":"\u0130leti\u015fim ve Spor"},"content":{"rendered":"<p>Sosyal hayat\u0131n temel ihtiya\u00e7lar\u0131n\u0131n ba\u015f\u0131nda gelen ileti\u015fimin bulunmad\u0131\u011f\u0131 bir d\u00fcnyay\u0131 d\u00fc\u015f\u00fcnmek m\u00fcmk\u00fcn de\u011fildir. \u00c7\u00fcnk\u00fc insan\u0131n kendisini sosyal bir varl\u0131k olarak ifade edebilmesi i\u00e7in \u00e7evresiyle ileti\u015fim i\u00e7inde bulunmas\u0131 gerekir. \u0130leti\u015fim, insan\u0131n her davran\u0131\u015f\u0131, konu\u015fmas\u0131, susmas\u0131, duru\u015fu, g\u00fcl\u00fc\u015f\u00fc, oturu\u015f bi\u00e7imi, kendini ifade etmesidir, yani \u00e7evresi ile mesajla\u015fmas\u0131d\u0131r. <\/p>\n","protected":false},"excerpt":{"rendered":"<p>Sosyal hayat\u0131n temel ihtiya\u00e7lar\u0131n\u0131n ba\u015f\u0131nda gelen ileti\u015fimin bulunmad\u0131\u011f\u0131 bir d\u00fcnyay\u0131 d\u00fc\u015f\u00fcnmek m\u00fcmk\u00fcn de\u011fildir. \u00c7\u00fcnk\u00fc insan\u0131n kendisini sosyal bir varl\u0131k olarak ifade edebilmesi i\u00e7in \u00e7evresiyle ileti\u015fim i\u00e7inde<span class=\"excerpt-hellip\"> [\u2026]<\/span><\/p>\n","protected":false},"featured_media":0,"template":"","meta":{"_monsterinsights_skip_tracking":false,"_monsterinsights_sitenote_active":false,"_monsterinsights_sitenote_note":"","_monsterinsights_sitenote_category":0},"product_brand":[],"product_cat":[15563,15564],"product_tag":[],"class_list":{"0":"post-701589","1":"product","2":"type-product","3":"status-publish","5":"product_cat-hobi","6":"product_cat-spor","7":"pa_tur-kitap","8":"pa_yayinevi-berikan-yayinlari","9":"pa_yazar-recep-cengiz","11":"first","12":"instock","13":"sale","14":"shipping-taxable","15":"purchasable","16":"product-type-simple"},"_links":{"self":[{"href":"https:\/\/roveyayinevi.com.tr\/index.php\/wp-json\/wp\/v2\/product\/701589","targetHints":{"allow":["GET"]}}],"collection":[{"href":"https:\/\/roveyayinevi.com.tr\/index.php\/wp-json\/wp\/v2\/product"}],"about":[{"href":"https:\/\/roveyayinevi.com.tr\/index.php\/wp-json\/wp\/v2\/types\/product"}],"wp:attachment":[{"href":"https:\/\/roveyayinevi.com.tr\/index.php\/wp-json\/wp\/v2\/media?parent=701589"}],"wp:term":[{"taxonomy":"product_brand","embeddable":true,"href":"https:\/\/roveyayinevi.com.tr\/index.php\/wp-json\/wp\/v2\/product_brand?post=701589"},{"taxonomy":"product_cat","embeddable":true,"href":"https:\/\/roveyayinevi.com.tr\/index.php\/wp-json\/wp\/v2\/product_cat?post=701589"},{"taxonomy":"product_tag","embeddable":true,"href":"https:\/\/roveyayinevi.com.tr\/index.php\/wp-json\/wp\/v2\/product_tag?post=701589"}],"curies":[{"name":"wp","href":"https:\/\/api.w.org\/{rel}","templated":true}]}}