{"id":701588,"date":"2025-08-27T15:10:15","date_gmt":"2025-08-27T12:10:15","guid":{"rendered":"https:\/\/roveyayinevi.com.tr\/index.php\/urun\/ideoloji-kavrami-uzerine\/"},"modified":"2026-04-16T02:10:50","modified_gmt":"2026-04-15T23:10:50","slug":"ideoloji-kavrami-uzerine","status":"publish","type":"product","link":"https:\/\/roveyayinevi.com.tr\/index.php\/urun\/ideoloji-kavrami-uzerine\/","title":{"rendered":"\u0130deoloji Kavram\u0131 \u00dczerine"},"content":{"rendered":"<p>\u0130deoloji kavram\u0131, 20. y\u00fczy\u0131l\u0131n en \u00e7ok tart\u0131\u015f\u0131lan dahas\u0131 pe\u015fine en \u00e7ok d\u00fc\u015f\u00fclen kavramlardan biridir. Kapitalizme alternatif teori olarak ortaya \u00e7\u0131k\u0131\u015f\u0131ndan ve 20. y\u00fczy\u0131l ba\u015f\u0131nda pratikte uygulanmas\u0131ndan sonra daha da ehemmiyet kazanm\u0131\u015f, sonradan geli\u015fen ve bu ideolojilerin varyant\u0131 ideolojilerin de katk\u0131lar\u0131yla ge\u00e7ti\u011fimiz y\u00fczy\u0131l adeta bir ideolojiler \u00e7a\u011f\u0131 olmu\u015ftur. <\/p>\n","protected":false},"excerpt":{"rendered":"<p>\u0130deoloji kavram\u0131, 20. y\u00fczy\u0131l\u0131n en \u00e7ok tart\u0131\u015f\u0131lan dahas\u0131 pe\u015fine en \u00e7ok d\u00fc\u015f\u00fclen kavramlardan biridir. Kapitalizme alternatif teori olarak ortaya \u00e7\u0131k\u0131\u015f\u0131ndan ve 20. y\u00fczy\u0131l ba\u015f\u0131nda pratikte uygulanmas\u0131ndan<span class=\"excerpt-hellip\"> [\u2026]<\/span><\/p>\n","protected":false},"featured_media":0,"template":"","meta":{"_monsterinsights_skip_tracking":false,"_monsterinsights_sitenote_active":false,"_monsterinsights_sitenote_note":"","_monsterinsights_sitenote_category":0},"product_brand":[],"product_cat":[12389,12388],"product_tag":[],"class_list":{"0":"post-701588","1":"product","2":"type-product","3":"status-publish","5":"product_cat-diger-felsefe","6":"product_cat-felsefe","7":"pa_tur-kitap","8":"pa_yayinevi-berikan-yayinlari","9":"pa_yazar-faruk-yilmaz","11":"first","12":"instock","13":"sale","14":"shipping-taxable","15":"purchasable","16":"product-type-simple"},"_links":{"self":[{"href":"https:\/\/roveyayinevi.com.tr\/index.php\/wp-json\/wp\/v2\/product\/701588","targetHints":{"allow":["GET"]}}],"collection":[{"href":"https:\/\/roveyayinevi.com.tr\/index.php\/wp-json\/wp\/v2\/product"}],"about":[{"href":"https:\/\/roveyayinevi.com.tr\/index.php\/wp-json\/wp\/v2\/types\/product"}],"wp:attachment":[{"href":"https:\/\/roveyayinevi.com.tr\/index.php\/wp-json\/wp\/v2\/media?parent=701588"}],"wp:term":[{"taxonomy":"product_brand","embeddable":true,"href":"https:\/\/roveyayinevi.com.tr\/index.php\/wp-json\/wp\/v2\/product_brand?post=701588"},{"taxonomy":"product_cat","embeddable":true,"href":"https:\/\/roveyayinevi.com.tr\/index.php\/wp-json\/wp\/v2\/product_cat?post=701588"},{"taxonomy":"product_tag","embeddable":true,"href":"https:\/\/roveyayinevi.com.tr\/index.php\/wp-json\/wp\/v2\/product_tag?post=701588"}],"curies":[{"name":"wp","href":"https:\/\/api.w.org\/{rel}","templated":true}]}}