{"id":701587,"date":"2025-08-27T15:10:15","date_gmt":"2025-08-27T12:10:15","guid":{"rendered":"https:\/\/roveyayinevi.com.tr\/index.php\/urun\/ataturk-anlatiyor\/"},"modified":"2026-04-16T02:10:50","modified_gmt":"2026-04-15T23:10:50","slug":"ataturk-anlatiyor","status":"publish","type":"product","link":"https:\/\/roveyayinevi.com.tr\/index.php\/urun\/ataturk-anlatiyor\/","title":{"rendered":"Atat\u00fcrk Anlat\u0131yor"},"content":{"rendered":"<p>Bu kitapta, Mustafa Kemal Atat\u00fcrk&#8217;\u00fcn \u00f6yk\u00fcs\u00fc anlat\u0131l\u0131yor. Hem de kendi dilinden&#8230; Sar\u0131\u015f\u0131n, mavi g\u00f6zl\u00fc bir \u00e7ocuk. Zarif, iyi y\u00fcrekli. \u00d6ylesine \u00f6zg\u00fcrl\u00fck tutkunu ki, day\u0131s\u0131n\u0131n tarlas\u0131nda kargalar\u0131 kovmakla ba\u015flad\u0131\u011f\u0131 i\u015fi \u00f6mr\u00fcnce s\u00fcrd\u00fcr\u00fcyor. Sonunda i\u015fgalci ger\u00e7ek kargalar\u0131 yurdumuzdan kovuncaya de\u011fin neredeyse soluk almadan sava\u015f\u0131yor. Peki, bunca \u00f6nemlii\u015finin aras\u0131nda T\u00fcrkiye B\u00fcy\u00fck Millet Meclisi&#8217;nin kuruldu\u011fu g\u00fcn\u00fc neden \u00e7ocuklara arma\u011fan ediyor? Soruyu bu kitab\u0131 okuduktan sonra yan\u0131tlay\u0131n&#8230; \ufffc<\/p>\n","protected":false},"excerpt":{"rendered":"<p>Bu kitapta, Mustafa Kemal Atat\u00fcrk&#8217;\u00fcn \u00f6yk\u00fcs\u00fc anlat\u0131l\u0131yor. Hem de kendi dilinden&#8230; Sar\u0131\u015f\u0131n, mavi g\u00f6zl\u00fc bir \u00e7ocuk. Zarif, iyi y\u00fcrekli. \u00d6ylesine \u00f6zg\u00fcrl\u00fck tutkunu ki, day\u0131s\u0131n\u0131n tarlas\u0131nda kargalar\u0131<span class=\"excerpt-hellip\"> [\u2026]<\/span><\/p>\n","protected":false},"featured_media":0,"template":"","meta":{"_monsterinsights_skip_tracking":false,"_monsterinsights_sitenote_active":false,"_monsterinsights_sitenote_note":"","_monsterinsights_sitenote_category":0},"product_brand":[],"product_cat":[12274,12284],"product_tag":[],"class_list":{"0":"post-701587","1":"product","2":"type-product","3":"status-publish","5":"product_cat-cocuk-ve-genclik-kitaplari","6":"product_cat-hikayeler","7":"pa_cilt-ciltsiz","8":"pa_tur-kitap","9":"pa_yayinevi-can-cocuk-yayinlari","10":"pa_yazar-adnan-binyazar","12":"first","13":"instock","14":"sale","15":"shipping-taxable","16":"purchasable","17":"product-type-simple"},"_links":{"self":[{"href":"https:\/\/roveyayinevi.com.tr\/index.php\/wp-json\/wp\/v2\/product\/701587","targetHints":{"allow":["GET"]}}],"collection":[{"href":"https:\/\/roveyayinevi.com.tr\/index.php\/wp-json\/wp\/v2\/product"}],"about":[{"href":"https:\/\/roveyayinevi.com.tr\/index.php\/wp-json\/wp\/v2\/types\/product"}],"wp:attachment":[{"href":"https:\/\/roveyayinevi.com.tr\/index.php\/wp-json\/wp\/v2\/media?parent=701587"}],"wp:term":[{"taxonomy":"product_brand","embeddable":true,"href":"https:\/\/roveyayinevi.com.tr\/index.php\/wp-json\/wp\/v2\/product_brand?post=701587"},{"taxonomy":"product_cat","embeddable":true,"href":"https:\/\/roveyayinevi.com.tr\/index.php\/wp-json\/wp\/v2\/product_cat?post=701587"},{"taxonomy":"product_tag","embeddable":true,"href":"https:\/\/roveyayinevi.com.tr\/index.php\/wp-json\/wp\/v2\/product_tag?post=701587"}],"curies":[{"name":"wp","href":"https:\/\/api.w.org\/{rel}","templated":true}]}}