{"id":701585,"date":"2025-08-27T15:10:14","date_gmt":"2025-08-27T12:10:14","guid":{"rendered":"https:\/\/roveyayinevi.com.tr\/index.php\/urun\/alev-kiz-aninna\/"},"modified":"2026-04-16T02:10:50","modified_gmt":"2026-04-15T23:10:50","slug":"alev-kiz-aninna","status":"publish","type":"product","link":"https:\/\/roveyayinevi.com.tr\/index.php\/urun\/alev-kiz-aninna\/","title":{"rendered":"Alev K\u0131z Aninna"},"content":{"rendered":"<p>Bundan 10.000 y\u0131l \u00f6nce, Anadolu\u2019da bir k\u00f6yden \u00e7\u0131k\u0131p kendi ge\u00e7mi\u015fini ve ailesini arayan Alev K\u0131z Aninna\u2019n\u0131n \u00f6yk\u00fcs\u00fc&#8230; Aninna, annesini do\u011farken yitirmi\u015f alev sa\u00e7l\u0131 bir k\u0131z. Yurdundan \u00e7ok uzak bir k\u00f6yde, babas\u0131 bildi\u011fi Kallu b\u00fcy\u00fctm\u00fc\u015f onu. Avc\u0131l\u0131k ve sa\u011falt\u0131m yetenekleriyle t\u00fcm k\u00f6y\u00fcn sayg\u0131s\u0131n\u0131 ve sevgisini kazan\u0131yor Aninna; k\u00f6y\u00fcn gen\u00e7lerinden Manat\u2019\u0131n da a\u015fk\u0131n\u0131&#8230; Bir g\u00fcn, gezgin ve bilge Hurru\u2019yu dinlerken, ailesinin ya\u015fad\u0131\u011f\u0131 yerleri merak ediyor ve oralara gitmeye karar veriyor. Kara ad\u0131n\u0131 verdi\u011fi evcil kurdunu da yan\u0131na al\u0131p ge\u00e7mi\u015fini aramak i\u00e7in ser\u00fcven dolu bir yolculu\u011fa \u00e7\u0131k\u0131yor&#8230; Onu \u00e7ok seven Manat\u2019la birlikte&#8230;<\/p>\n","protected":false},"excerpt":{"rendered":"<p>Bundan 10.000 y\u0131l \u00f6nce, Anadolu\u2019da bir k\u00f6yden \u00e7\u0131k\u0131p kendi ge\u00e7mi\u015fini ve ailesini arayan Alev K\u0131z Aninna\u2019n\u0131n \u00f6yk\u00fcs\u00fc&#8230; Aninna, annesini do\u011farken yitirmi\u015f alev sa\u00e7l\u0131 bir k\u0131z. Yurdundan<span class=\"excerpt-hellip\"> [\u2026]<\/span><\/p>\n","protected":false},"featured_media":0,"template":"","meta":{"_monsterinsights_skip_tracking":false,"_monsterinsights_sitenote_active":false,"_monsterinsights_sitenote_note":"","_monsterinsights_sitenote_category":0},"product_brand":[],"product_cat":[12274,12284],"product_tag":[],"class_list":{"0":"post-701585","1":"product","2":"type-product","3":"status-publish","5":"product_cat-cocuk-ve-genclik-kitaplari","6":"product_cat-hikayeler","7":"pa_cilt-ciltsiz","8":"pa_tur-kitap","9":"pa_yayinevi-can-cocuk-yayinlari","10":"pa_yazar-bilgin-adali","12":"first","13":"instock","14":"sale","15":"shipping-taxable","16":"purchasable","17":"product-type-simple"},"_links":{"self":[{"href":"https:\/\/roveyayinevi.com.tr\/index.php\/wp-json\/wp\/v2\/product\/701585","targetHints":{"allow":["GET"]}}],"collection":[{"href":"https:\/\/roveyayinevi.com.tr\/index.php\/wp-json\/wp\/v2\/product"}],"about":[{"href":"https:\/\/roveyayinevi.com.tr\/index.php\/wp-json\/wp\/v2\/types\/product"}],"wp:attachment":[{"href":"https:\/\/roveyayinevi.com.tr\/index.php\/wp-json\/wp\/v2\/media?parent=701585"}],"wp:term":[{"taxonomy":"product_brand","embeddable":true,"href":"https:\/\/roveyayinevi.com.tr\/index.php\/wp-json\/wp\/v2\/product_brand?post=701585"},{"taxonomy":"product_cat","embeddable":true,"href":"https:\/\/roveyayinevi.com.tr\/index.php\/wp-json\/wp\/v2\/product_cat?post=701585"},{"taxonomy":"product_tag","embeddable":true,"href":"https:\/\/roveyayinevi.com.tr\/index.php\/wp-json\/wp\/v2\/product_tag?post=701585"}],"curies":[{"name":"wp","href":"https:\/\/api.w.org\/{rel}","templated":true}]}}