{"id":701582,"date":"2025-08-27T15:10:13","date_gmt":"2025-08-27T12:10:13","guid":{"rendered":"https:\/\/roveyayinevi.com.tr\/index.php\/urun\/geldim-gordum-yendim\/"},"modified":"2026-04-16T02:10:50","modified_gmt":"2026-04-15T23:10:50","slug":"geldim-gordum-yendim","status":"publish","type":"product","link":"https:\/\/roveyayinevi.com.tr\/index.php\/urun\/geldim-gordum-yendim\/","title":{"rendered":"Geldim G\u00f6rd\u00fcm Yendim"},"content":{"rendered":"<p>Eski Romal\u0131lar t\u00fcm Akdeniz uygarl\u0131klar\u0131n\u0131n maddi ve manevi birikimlerini kendi potalar\u0131nda eriterek pek \u00e7ok alanda Bat\u0131l\u0131lara esin kayna\u011f\u0131 olacak b\u00fcy\u00fck icraatlara imza atm\u0131\u015ft\u0131r. G\u00fcn\u00fcm\u00fcz Bat\u0131 uygarl\u0131\u011f\u0131, din, siyaset, ticaret, mimarl\u0131k, m\u00fchendislik, askerlik ve hukuk altyap\u0131s\u0131n\u0131 Eski Roma\u2019ya bor\u00e7ludur.<\/p>\n","protected":false},"excerpt":{"rendered":"<p>Eski Romal\u0131lar t\u00fcm Akdeniz uygarl\u0131klar\u0131n\u0131n maddi ve manevi birikimlerini kendi potalar\u0131nda eriterek pek \u00e7ok alanda Bat\u0131l\u0131lara esin kayna\u011f\u0131 olacak b\u00fcy\u00fck icraatlara imza atm\u0131\u015ft\u0131r. G\u00fcn\u00fcm\u00fcz Bat\u0131 uygarl\u0131\u011f\u0131,<span class=\"excerpt-hellip\"> [\u2026]<\/span><\/p>\n","protected":false},"featured_media":0,"template":"","meta":{"_monsterinsights_skip_tracking":false,"_monsterinsights_sitenote_active":false,"_monsterinsights_sitenote_note":"","_monsterinsights_sitenote_category":0},"product_brand":[],"product_cat":[13590,12337],"product_tag":[],"class_list":{"0":"post-701582","1":"product","2":"type-product","3":"status-publish","5":"product_cat-arastirma-inceleme-politika-siyaset","6":"product_cat-politika-siyaset","7":"pa_cilt-ciltsiz","8":"pa_tur-kitap","9":"pa_yayinevi-say-yayinlari","10":"pa_yazar-peter-jones","12":"first","13":"instock","14":"sale","15":"shipping-taxable","16":"purchasable","17":"product-type-simple"},"_links":{"self":[{"href":"https:\/\/roveyayinevi.com.tr\/index.php\/wp-json\/wp\/v2\/product\/701582","targetHints":{"allow":["GET"]}}],"collection":[{"href":"https:\/\/roveyayinevi.com.tr\/index.php\/wp-json\/wp\/v2\/product"}],"about":[{"href":"https:\/\/roveyayinevi.com.tr\/index.php\/wp-json\/wp\/v2\/types\/product"}],"wp:attachment":[{"href":"https:\/\/roveyayinevi.com.tr\/index.php\/wp-json\/wp\/v2\/media?parent=701582"}],"wp:term":[{"taxonomy":"product_brand","embeddable":true,"href":"https:\/\/roveyayinevi.com.tr\/index.php\/wp-json\/wp\/v2\/product_brand?post=701582"},{"taxonomy":"product_cat","embeddable":true,"href":"https:\/\/roveyayinevi.com.tr\/index.php\/wp-json\/wp\/v2\/product_cat?post=701582"},{"taxonomy":"product_tag","embeddable":true,"href":"https:\/\/roveyayinevi.com.tr\/index.php\/wp-json\/wp\/v2\/product_tag?post=701582"}],"curies":[{"name":"wp","href":"https:\/\/api.w.org\/{rel}","templated":true}]}}