{"id":701579,"date":"2025-08-27T15:10:12","date_gmt":"2025-08-27T12:10:12","guid":{"rendered":"https:\/\/roveyayinevi.com.tr\/index.php\/urun\/tanri-claudius\/"},"modified":"2026-04-16T02:10:50","modified_gmt":"2026-04-15T23:10:50","slug":"tanri-claudius","status":"publish","type":"product","link":"https:\/\/roveyayinevi.com.tr\/index.php\/urun\/tanri-claudius\/","title":{"rendered":"Tanr\u0131 Claudius"},"content":{"rendered":"<p>Ben, Claudius\u2019ta, Caligula\u2019n\u0131n \u00f6ld\u00fcr\u00fclmesinin ard\u0131ndan \u00e7\u0131kan karga\u015fada, Claudius\u2019u iradesi d\u0131\u015f\u0131nda imparator ilan edilmi\u015f, ne yapaca\u011f\u0131n\u0131 bilemez bir durumda b\u0131rakm\u0131\u015ft\u0131k. Graves Tanr\u0131 Claudius\u2019ta hikayeye kald\u0131\u011f\u0131 yerden ve yine Claudius taraf\u0131ndan yaz\u0131lm\u0131\u015f gibi devam ediyor. O g\u00fcne dek hayatta kalmas\u0131n\u0131 zarars\u0131z bir geri zekal\u0131 san\u0131lmas\u0131na bor\u00e7lu olan Claudius, \u015fa\u015f\u0131rt\u0131c\u0131 \u00f6l\u00e7\u00fcde ba\u015far\u0131l\u0131 iktidar d\u00f6nemini; ordunun ve halk\u0131n sadakatini kazanarak selefi Caligula\u2019n\u0131n yol a\u00e7t\u0131\u011f\u0131 hasar\u0131 nas\u0131l onard\u0131\u011f\u0131n\u0131, \u00e7ocukluk arkada\u015f\u0131 Yahudi Kral\u0131 Herodes Agrippa ile ili\u015fkilerini ve Britanya\u2019y\u0131 istila edi\u015fini anlat\u0131yor. Ve mutlak iktidar\u0131n olmazsa olmaz e\u015flik\u00e7ileri olan komplo ve ihanetleri atlatsa da, ka\u00e7\u0131n\u0131lmaz sona do\u011fru giderek ilerleyi\u015fini\u2026 \ufffcTan\u0131t\u0131m Metni<\/p>\n","protected":false},"excerpt":{"rendered":"<p>Ben, Claudius\u2019ta, Caligula\u2019n\u0131n \u00f6ld\u00fcr\u00fclmesinin ard\u0131ndan \u00e7\u0131kan karga\u015fada, Claudius\u2019u iradesi d\u0131\u015f\u0131nda imparator ilan edilmi\u015f, ne yapaca\u011f\u0131n\u0131 bilemez bir durumda b\u0131rakm\u0131\u015ft\u0131k. Graves Tanr\u0131 Claudius\u2019ta hikayeye kald\u0131\u011f\u0131 yerden ve<span class=\"excerpt-hellip\"> [\u2026]<\/span><\/p>\n","protected":false},"featured_media":0,"template":"","meta":{"_monsterinsights_skip_tracking":false,"_monsterinsights_sitenote_active":false,"_monsterinsights_sitenote_note":"","_monsterinsights_sitenote_category":0},"product_brand":[],"product_cat":[13946,12304],"product_tag":[],"class_list":{"0":"post-701579","1":"product","2":"type-product","3":"status-publish","5":"product_cat-biyografi-otobiyografi","6":"product_cat-tarih","7":"pa_cilt-ciltsiz","8":"pa_tur-kitap","9":"pa_yayinevi-is-bankasi-kultur-yayinlari","10":"pa_yazar-robert-graves","12":"first","13":"instock","14":"sale","15":"shipping-taxable","16":"purchasable","17":"product-type-simple"},"_links":{"self":[{"href":"https:\/\/roveyayinevi.com.tr\/index.php\/wp-json\/wp\/v2\/product\/701579","targetHints":{"allow":["GET"]}}],"collection":[{"href":"https:\/\/roveyayinevi.com.tr\/index.php\/wp-json\/wp\/v2\/product"}],"about":[{"href":"https:\/\/roveyayinevi.com.tr\/index.php\/wp-json\/wp\/v2\/types\/product"}],"wp:attachment":[{"href":"https:\/\/roveyayinevi.com.tr\/index.php\/wp-json\/wp\/v2\/media?parent=701579"}],"wp:term":[{"taxonomy":"product_brand","embeddable":true,"href":"https:\/\/roveyayinevi.com.tr\/index.php\/wp-json\/wp\/v2\/product_brand?post=701579"},{"taxonomy":"product_cat","embeddable":true,"href":"https:\/\/roveyayinevi.com.tr\/index.php\/wp-json\/wp\/v2\/product_cat?post=701579"},{"taxonomy":"product_tag","embeddable":true,"href":"https:\/\/roveyayinevi.com.tr\/index.php\/wp-json\/wp\/v2\/product_tag?post=701579"}],"curies":[{"name":"wp","href":"https:\/\/api.w.org\/{rel}","templated":true}]}}