{"id":701577,"date":"2025-08-27T15:10:11","date_gmt":"2025-08-27T12:10:11","guid":{"rendered":"https:\/\/roveyayinevi.com.tr\/index.php\/urun\/genc-oykucunun-rehberi\/"},"modified":"2026-02-03T02:17:48","modified_gmt":"2026-02-02T23:17:48","slug":"genc-oykucunun-rehberi","status":"publish","type":"product","link":"https:\/\/roveyayinevi.com.tr\/index.php\/urun\/genc-oykucunun-rehberi\/","title":{"rendered":"Gen\u00e7 \u00d6yk\u00fcc\u00fcn\u00fcn Rehberi"},"content":{"rendered":"<p>S\u00fcr\u00fckleyici, heyecanl\u0131 ve e\u011flendirici \u00f6yk\u00fclerin yazar\u0131 olmak ister misin? Gen\u00e7 \u00d6yk\u00fcc\u00fcn\u00fcn Rehberi ile yazma yetene\u011fini geli\u015ftirebilir, arkada\u015flar\u0131n\u0131 ve \u00f6\u011fretmenlerini \u015fa\u015f\u0131rtacak, g\u00fczel \u00f6yk\u00fcler kurgulayabilirsin. Bu rehber kitap sayesinde s\u0131ra d\u0131\u015f\u0131 karakterler, gizemli mekanlar ve ilgi \u00e7ekici konular bulmakta zorlanmayacaks\u0131n. Bir kalem ve bir k\u00e2\u011f\u0131tla kendi \u00f6yk\u00fc d\u00fcnyan\u0131 kurmaya haz\u0131r m\u0131s\u0131n? Haydi ba\u015fl\u0131yoruz! \ufffcTan\u0131t\u0131m Metni<\/p>\n","protected":false},"excerpt":{"rendered":"<p>S\u00fcr\u00fckleyici, heyecanl\u0131 ve e\u011flendirici \u00f6yk\u00fclerin yazar\u0131 olmak ister misin? Gen\u00e7 \u00d6yk\u00fcc\u00fcn\u00fcn Rehberi ile yazma yetene\u011fini geli\u015ftirebilir, arkada\u015flar\u0131n\u0131 ve \u00f6\u011fretmenlerini \u015fa\u015f\u0131rtacak, g\u00fczel \u00f6yk\u00fcler kurgulayabilirsin. Bu rehber kitap<span class=\"excerpt-hellip\"> [\u2026]<\/span><\/p>\n","protected":false},"featured_media":0,"template":"","meta":{"_monsterinsights_skip_tracking":false,"_monsterinsights_sitenote_active":false,"_monsterinsights_sitenote_note":"","_monsterinsights_sitenote_category":0},"product_brand":[],"product_cat":[12274,15842],"product_tag":[],"class_list":{"0":"post-701577","1":"product","2":"type-product","3":"status-publish","5":"product_cat-cocuk-ve-genclik-kitaplari","6":"product_cat-egitici-kitaplar","7":"pa_cilt-ciltli","8":"pa_tur-kitap","9":"pa_yayinevi-is-bankasi-kultur-yayinlari","10":"pa_yazar-kolektif","12":"first","13":"instock","14":"sale","15":"shipping-taxable","16":"purchasable","17":"product-type-simple"},"_links":{"self":[{"href":"https:\/\/roveyayinevi.com.tr\/index.php\/wp-json\/wp\/v2\/product\/701577","targetHints":{"allow":["GET"]}}],"collection":[{"href":"https:\/\/roveyayinevi.com.tr\/index.php\/wp-json\/wp\/v2\/product"}],"about":[{"href":"https:\/\/roveyayinevi.com.tr\/index.php\/wp-json\/wp\/v2\/types\/product"}],"wp:attachment":[{"href":"https:\/\/roveyayinevi.com.tr\/index.php\/wp-json\/wp\/v2\/media?parent=701577"}],"wp:term":[{"taxonomy":"product_brand","embeddable":true,"href":"https:\/\/roveyayinevi.com.tr\/index.php\/wp-json\/wp\/v2\/product_brand?post=701577"},{"taxonomy":"product_cat","embeddable":true,"href":"https:\/\/roveyayinevi.com.tr\/index.php\/wp-json\/wp\/v2\/product_cat?post=701577"},{"taxonomy":"product_tag","embeddable":true,"href":"https:\/\/roveyayinevi.com.tr\/index.php\/wp-json\/wp\/v2\/product_tag?post=701577"}],"curies":[{"name":"wp","href":"https:\/\/api.w.org\/{rel}","templated":true}]}}