{"id":701576,"date":"2025-08-27T15:10:11","date_gmt":"2025-08-27T12:10:11","guid":{"rendered":"https:\/\/roveyayinevi.com.tr\/index.php\/urun\/insandaki-yikiciligin-kokenleri-tam-metin\/"},"modified":"2026-04-16T02:10:50","modified_gmt":"2026-04-15T23:10:50","slug":"insandaki-yikiciligin-kokenleri-tam-metin","status":"publish","type":"product","link":"https:\/\/roveyayinevi.com.tr\/index.php\/urun\/insandaki-yikiciligin-kokenleri-tam-metin\/","title":{"rendered":"\u0130nsandaki Y\u0131k\u0131c\u0131l\u0131\u011f\u0131n K\u00f6kenleri (Tam Metin)"},"content":{"rendered":"<p>Sald\u0131rganl\u0131k, genlerimizde biyolojik olarak var oldu\u011fu s\u00fcrece kendili\u011finden bir tepki de\u011fil; insan\u0131n dirimsel \u00e7\u0131karlar\u0131na, bir ba\u015fka deyi\u015fle geli\u015fmesine, kendinin ve t\u00fcr\u00fcn\u00fcn varl\u0131\u011f\u0131na y\u00f6nelik tehditlere kar\u015f\u0131 bir savunmad\u0131r. Bu savunucu sald\u0131rganl\u0131k, belli ilkel ko\u015fullar alt\u0131nda insanlar\u0131n birbirini pek tehdit etmedi\u011fi zamanlarda g\u00f6receli olarak azd\u0131. \u0130nsan, o zamandan bu yana ola\u011fan\u00fcst\u00fc bir geli\u015fme g\u00f6stermi\u015ftir. \u0130nsan\u0131n bu s\u00fcreci tamamlayaca\u011f\u0131n\u0131 ve hi\u00e7 kimsenin tehdit edilmedi\u011fi anne-babalar\u0131n \u00e7ocuklar\u0131, \u00fcstlerin anne-babalar\u0131, bir toplumsal s\u0131n\u0131f\u0131n ba\u015fka bir toplumsal s\u0131n\u0131f\u0131, bir ulusun ba\u015fka bir ulusu tehdit etmedi\u011fi bir toplum kuraca\u011f\u0131n\u0131 d\u00fc\u015f\u00fcnmek akla yatk\u0131n bir varsay\u0131md\u0131r. Bu amac\u0131 ger\u00e7ekle\u015ftirmek ekonomik, siyasal, k\u00fclt\u00fcrel ve ruhsal nedenlerden dolay\u0131 \u00e7ok g\u00fc\u00e7t\u00fcr. D\u00fcnya uluslar\u0131n\u0131n putlara \u00fcstelik ayr\u0131 ayr\u0131 putlara tapmalar\u0131 ve bu nedenle, birbirlerinin dillerini anlasalar bile birbirlerine anlay\u0131\u015f g\u00f6stermemeleri de ek bir g\u00fc\u00e7l\u00fck yaratmaktad\u0131r. Bu g\u00fc\u00e7l\u00fckleri g\u00f6z ard\u0131 etmek ahmakl\u0131k olur ama t\u00fcm verileri kapsayan g\u00f6rg\u00fcl incelemenin ortaya koydu\u011funa g\u00f6re siyasal ve ruhsal engeller ortadan kald\u0131r\u0131l\u0131rsa yak\u0131n say\u0131labilecek bir gelecekte b\u00f6yle bir d\u00fcnyan\u0131n kurulmas\u0131 ger\u00e7ekten olanakl\u0131d\u0131r.\ufffcTan\u0131t\u0131m Metni<\/p>\n","protected":false},"excerpt":{"rendered":"<p>Sald\u0131rganl\u0131k, genlerimizde biyolojik olarak var oldu\u011fu s\u00fcrece kendili\u011finden bir tepki de\u011fil; insan\u0131n dirimsel \u00e7\u0131karlar\u0131na, bir ba\u015fka deyi\u015fle geli\u015fmesine, kendinin ve t\u00fcr\u00fcn\u00fcn varl\u0131\u011f\u0131na y\u00f6nelik tehditlere kar\u015f\u0131 bir<span class=\"excerpt-hellip\"> [\u2026]<\/span><\/p>\n","protected":false},"featured_media":0,"template":"","meta":{"_monsterinsights_skip_tracking":false,"_monsterinsights_sitenote_active":false,"_monsterinsights_sitenote_note":"","_monsterinsights_sitenote_category":0},"product_brand":[],"product_cat":[12358,12357],"product_tag":[],"class_list":{"0":"post-701576","1":"product","2":"type-product","3":"status-publish","5":"product_cat-genel-psikoloji","6":"product_cat-psikoloji","7":"pa_cilt-ciltsiz","8":"pa_tur-kitap","9":"pa_yayinevi-say-yayinlari","10":"pa_yazar-erich-fromm","12":"first","13":"instock","14":"sale","15":"shipping-taxable","16":"purchasable","17":"product-type-simple"},"_links":{"self":[{"href":"https:\/\/roveyayinevi.com.tr\/index.php\/wp-json\/wp\/v2\/product\/701576","targetHints":{"allow":["GET"]}}],"collection":[{"href":"https:\/\/roveyayinevi.com.tr\/index.php\/wp-json\/wp\/v2\/product"}],"about":[{"href":"https:\/\/roveyayinevi.com.tr\/index.php\/wp-json\/wp\/v2\/types\/product"}],"wp:attachment":[{"href":"https:\/\/roveyayinevi.com.tr\/index.php\/wp-json\/wp\/v2\/media?parent=701576"}],"wp:term":[{"taxonomy":"product_brand","embeddable":true,"href":"https:\/\/roveyayinevi.com.tr\/index.php\/wp-json\/wp\/v2\/product_brand?post=701576"},{"taxonomy":"product_cat","embeddable":true,"href":"https:\/\/roveyayinevi.com.tr\/index.php\/wp-json\/wp\/v2\/product_cat?post=701576"},{"taxonomy":"product_tag","embeddable":true,"href":"https:\/\/roveyayinevi.com.tr\/index.php\/wp-json\/wp\/v2\/product_tag?post=701576"}],"curies":[{"name":"wp","href":"https:\/\/api.w.org\/{rel}","templated":true}]}}