{"id":701574,"date":"2025-08-27T15:10:10","date_gmt":"2025-08-27T12:10:10","guid":{"rendered":"https:\/\/roveyayinevi.com.tr\/index.php\/urun\/ana-3\/"},"modified":"2026-04-16T02:10:50","modified_gmt":"2026-04-15T23:10:50","slug":"ana-3","status":"publish","type":"product","link":"https:\/\/roveyayinevi.com.tr\/index.php\/urun\/ana-3\/","title":{"rendered":"Ana"},"content":{"rendered":"<p>Ya\u015fam\u0131n\u0131 ve kalemini daha g\u00fczel ve daha ya\u015fan\u0131las\u0131 bir d\u00fcnya i\u00e7in sava\u015fmaya adayan Gorki\u2019nin \u00e7ocuklu\u011fu \u00e7\u00f6k\u00fc\u015f\u00fcn e\u015fi\u011findeki Rusya\u2019da k\u00fc\u00e7\u00fck ya\u015flar\u0131ndan ba\u015flayarak garsonluk, bula\u015f\u0131k\u00e7\u0131l\u0131k vb. i\u015flerle ge\u00e7ti. O d\u00f6neminde ya\u015fad\u0131klar\u0131, emek\u00e7ilerin yak\u0131ndan g\u00f6r\u00fcp ya\u015fama ve yazma olana\u011f\u0131 yaratt\u0131 ona. Yazd\u0131klar\u0131nda o d\u00fcnyay\u0131 \u00e7ok yak\u0131ndan tan\u0131d\u0131\u011f\u0131 kolayca anla\u015f\u0131labilir.  Rusya\u2019daki devrimci uyan\u0131\u015f\u0131 &#8220;Ana&#8221; roman\u0131yla \u00f6l\u00fcms\u00fczle\u015ftiren Gorki\u2019yi bu yap\u0131t\u0131yla daha \u00e7ok seveceksiniz.<\/p>\n","protected":false},"excerpt":{"rendered":"<p>Ya\u015fam\u0131n\u0131 ve kalemini daha g\u00fczel ve daha ya\u015fan\u0131las\u0131 bir d\u00fcnya i\u00e7in sava\u015fmaya adayan Gorki\u2019nin \u00e7ocuklu\u011fu \u00e7\u00f6k\u00fc\u015f\u00fcn e\u015fi\u011findeki Rusya\u2019da k\u00fc\u00e7\u00fck ya\u015flar\u0131ndan ba\u015flayarak garsonluk, bula\u015f\u0131k\u00e7\u0131l\u0131k vb. i\u015flerle ge\u00e7ti.<span class=\"excerpt-hellip\"> [\u2026]<\/span><\/p>\n","protected":false},"featured_media":0,"template":"","meta":{"_monsterinsights_skip_tracking":false,"_monsterinsights_sitenote_active":false,"_monsterinsights_sitenote_note":"","_monsterinsights_sitenote_category":0},"product_brand":[],"product_cat":[12291,13570],"product_tag":[],"class_list":{"0":"post-701574","1":"product","2":"type-product","3":"status-publish","5":"product_cat-edebiyat","6":"product_cat-rus-edebiyati","7":"pa_cilt-ciltsiz","8":"pa_tur-kitap","9":"pa_yayinevi-oda-yayinlari","10":"pa_yazar-maksim-gorki","12":"first","13":"instock","14":"sale","15":"shipping-taxable","16":"purchasable","17":"product-type-simple"},"_links":{"self":[{"href":"https:\/\/roveyayinevi.com.tr\/index.php\/wp-json\/wp\/v2\/product\/701574","targetHints":{"allow":["GET"]}}],"collection":[{"href":"https:\/\/roveyayinevi.com.tr\/index.php\/wp-json\/wp\/v2\/product"}],"about":[{"href":"https:\/\/roveyayinevi.com.tr\/index.php\/wp-json\/wp\/v2\/types\/product"}],"wp:attachment":[{"href":"https:\/\/roveyayinevi.com.tr\/index.php\/wp-json\/wp\/v2\/media?parent=701574"}],"wp:term":[{"taxonomy":"product_brand","embeddable":true,"href":"https:\/\/roveyayinevi.com.tr\/index.php\/wp-json\/wp\/v2\/product_brand?post=701574"},{"taxonomy":"product_cat","embeddable":true,"href":"https:\/\/roveyayinevi.com.tr\/index.php\/wp-json\/wp\/v2\/product_cat?post=701574"},{"taxonomy":"product_tag","embeddable":true,"href":"https:\/\/roveyayinevi.com.tr\/index.php\/wp-json\/wp\/v2\/product_tag?post=701574"}],"curies":[{"name":"wp","href":"https:\/\/api.w.org\/{rel}","templated":true}]}}