{"id":701572,"date":"2025-08-27T15:10:09","date_gmt":"2025-08-27T12:10:09","guid":{"rendered":"https:\/\/roveyayinevi.com.tr\/index.php\/urun\/opusme-gidiklanma-ve-sikilma-uzerine\/"},"modified":"2026-04-16T02:10:50","modified_gmt":"2026-04-15T23:10:50","slug":"opusme-gidiklanma-ve-sikilma-uzerine","status":"publish","type":"product","link":"https:\/\/roveyayinevi.com.tr\/index.php\/urun\/opusme-gidiklanma-ve-sikilma-uzerine\/","title":{"rendered":"\u00d6p\u00fc\u015fme, G\u0131d\u0131klanma ve S\u0131k\u0131lma \u00dczerine"},"content":{"rendered":"<p>Adam Phillips, insan hayat\u0131n\u0131n her zaman farkl\u0131 bak\u0131\u015f a\u00e7\u0131lar\u0131ndan betimlenebilece\u011fine ve psikanalizin de bu yollardan sadece biri oldu\u011funa inanan m\u00fctevaz\u0131 bir psikanalist. Ona g\u00f6re psikanaliz, insanlar\u0131n kendilerini daha iyi hissetmelerini sa\u011flayan bir hik\u00e2ye anlatma tarz\u0131. Bir t\u00fcr sohbet. \u0130nsanlar kendi ya\u015famlar\u0131 hakk\u0131nda kendilerine anlatt\u0131klar\u0131 hik\u00e2ye t\u00fckendi\u011fi ya da a\u015f\u0131r\u0131 sanc\u0131l\u0131 bir h\u00e2le geldi\u011fi i\u00e7in kat\u0131l\u0131yor bu sohbete&#8230; \u00d6p\u00fc\u015fme, G\u0131d\u0131klanma ve S\u0131k\u0131lma \u00dczerine bizi, psikanaliz teorisinde ihmal edilmi\u015f olan k\u00fc\u00e7\u00fck ama son derece \u00f6nemli konular hakk\u0131nda ilgin\u00e7 sohbetlere davet eden denemelerden olu\u015fan bir kitap. Endi\u015fe, risk, s\u00fck\u00fbnet, g\u0131d\u0131klanma, \u00f6p\u00fc\u015fme, yaln\u0131zl\u0131k, yarat\u0131c\u0131l\u0131k ve su\u00e7luluk duygusu aras\u0131ndaki ili\u015fki; s\u0131k\u0131lma, fobi-teori benzerli\u011fi; bir metin de\u011fil de deneyim olarak r\u00fcya; inan\u00e7 ve engeller gibi, herkesi ilgilendiren konularda \u00e7arp\u0131c\u0131 saptamalarda bulunuyor Phillips: \u201cinsanlar ya\u015famlar\u0131n\u0131n, olas\u0131l\u0131klardan en \u00e7ok korktuklar\u0131 d\u00f6nemlerinde \u00e2\u015f\u0131k olurlar.\u201d   <\/p>\n","protected":false},"excerpt":{"rendered":"<p>Adam Phillips, insan hayat\u0131n\u0131n her zaman farkl\u0131 bak\u0131\u015f a\u00e7\u0131lar\u0131ndan betimlenebilece\u011fine ve psikanalizin de bu yollardan sadece biri oldu\u011funa inanan m\u00fctevaz\u0131 bir psikanalist. Ona g\u00f6re psikanaliz, insanlar\u0131n<span class=\"excerpt-hellip\"> [\u2026]<\/span><\/p>\n","protected":false},"featured_media":0,"template":"","meta":{"_monsterinsights_skip_tracking":false,"_monsterinsights_sitenote_active":false,"_monsterinsights_sitenote_note":"","_monsterinsights_sitenote_category":0},"product_brand":[],"product_cat":[12312,12304],"product_tag":[],"class_list":{"0":"post-701572","1":"product","2":"type-product","3":"status-publish","5":"product_cat-diger","6":"product_cat-tarih","7":"pa_cilt-ciltsiz","8":"pa_tur-kitap","9":"pa_yayinevi-ayrinti-yayinlari","10":"pa_yazar-adam-phillips","12":"first","13":"instock","14":"sale","15":"shipping-taxable","16":"purchasable","17":"product-type-simple"},"_links":{"self":[{"href":"https:\/\/roveyayinevi.com.tr\/index.php\/wp-json\/wp\/v2\/product\/701572","targetHints":{"allow":["GET"]}}],"collection":[{"href":"https:\/\/roveyayinevi.com.tr\/index.php\/wp-json\/wp\/v2\/product"}],"about":[{"href":"https:\/\/roveyayinevi.com.tr\/index.php\/wp-json\/wp\/v2\/types\/product"}],"wp:attachment":[{"href":"https:\/\/roveyayinevi.com.tr\/index.php\/wp-json\/wp\/v2\/media?parent=701572"}],"wp:term":[{"taxonomy":"product_brand","embeddable":true,"href":"https:\/\/roveyayinevi.com.tr\/index.php\/wp-json\/wp\/v2\/product_brand?post=701572"},{"taxonomy":"product_cat","embeddable":true,"href":"https:\/\/roveyayinevi.com.tr\/index.php\/wp-json\/wp\/v2\/product_cat?post=701572"},{"taxonomy":"product_tag","embeddable":true,"href":"https:\/\/roveyayinevi.com.tr\/index.php\/wp-json\/wp\/v2\/product_tag?post=701572"}],"curies":[{"name":"wp","href":"https:\/\/api.w.org\/{rel}","templated":true}]}}