{"id":701566,"date":"2025-08-27T15:10:07","date_gmt":"2025-08-27T12:10:07","guid":{"rendered":"https:\/\/roveyayinevi.com.tr\/index.php\/urun\/iletisim-2\/"},"modified":"2026-04-16T02:10:49","modified_gmt":"2026-04-15T23:10:49","slug":"iletisim-2","status":"publish","type":"product","link":"https:\/\/roveyayinevi.com.tr\/index.php\/urun\/iletisim-2\/","title":{"rendered":"\u0130leti\u015fim"},"content":{"rendered":"<p>\u0130leti\u015fimle \u0130lgili Hi\u00e7bir \u015eey Okumad\u0131ysan\u0131z Buradan Ba\u015flayabilirsiniz\u0130kna etme biliminde ustala\u015fmak, parlak bir fikrin nas\u0131l sunulaca\u011f\u0131n\u0131 \u00f6\u011frenmek ve do\u011fru ileti\u015fim kanallar\u0131n\u0131 yaratabilmek her \u015firket i\u00e7in hayati \u00f6nem ta\u015f\u0131yor. Y\u00f6netim alan\u0131n\u0131n en etkili uzmanlar\u0131n\u0131n Harvard Business Review&#8217;den derlenen 10 makalesi, de\u011fi\u015fimle ba\u015fa \u00e7\u0131kmak zorunda olan her y\u00f6netici i\u00e7in alt\u0131n de\u011ferinde. Bu kitapta hem kendilerini hem de \u015firketlerini de\u011fi\u015fime haz\u0131rlamak isteyen y\u00f6neticilerin ihtiya\u00e7lar\u0131n\u0131 kar\u015f\u0131layacak fikirleri bulacaks\u0131n\u0131z.<\/p>\n","protected":false},"excerpt":{"rendered":"<p>\u0130leti\u015fimle \u0130lgili Hi\u00e7bir \u015eey Okumad\u0131ysan\u0131z Buradan Ba\u015flayabilirsiniz\u0130kna etme biliminde ustala\u015fmak, parlak bir fikrin nas\u0131l sunulaca\u011f\u0131n\u0131 \u00f6\u011frenmek ve do\u011fru ileti\u015fim kanallar\u0131n\u0131 yaratabilmek her \u015firket i\u00e7in hayati \u00f6nem<span class=\"excerpt-hellip\"> [\u2026]<\/span><\/p>\n","protected":false},"featured_media":0,"template":"","meta":{"_monsterinsights_skip_tracking":false,"_monsterinsights_sitenote_active":false,"_monsterinsights_sitenote_note":"","_monsterinsights_sitenote_category":0},"product_brand":[],"product_cat":[13043,19008],"product_tag":[],"class_list":{"0":"post-701566","1":"product","2":"type-product","3":"status-publish","5":"product_cat-ekonomi","6":"product_cat-yonetim","7":"pa_cilt-ciltsiz","8":"pa_tur-kitap","9":"pa_yayinevi-optimist-yayin-dagitim","10":"pa_yazar-optimist-yayin-dagitim-kolektif","12":"first","13":"instock","14":"sale","15":"shipping-taxable","16":"purchasable","17":"product-type-simple"},"_links":{"self":[{"href":"https:\/\/roveyayinevi.com.tr\/index.php\/wp-json\/wp\/v2\/product\/701566","targetHints":{"allow":["GET"]}}],"collection":[{"href":"https:\/\/roveyayinevi.com.tr\/index.php\/wp-json\/wp\/v2\/product"}],"about":[{"href":"https:\/\/roveyayinevi.com.tr\/index.php\/wp-json\/wp\/v2\/types\/product"}],"wp:attachment":[{"href":"https:\/\/roveyayinevi.com.tr\/index.php\/wp-json\/wp\/v2\/media?parent=701566"}],"wp:term":[{"taxonomy":"product_brand","embeddable":true,"href":"https:\/\/roveyayinevi.com.tr\/index.php\/wp-json\/wp\/v2\/product_brand?post=701566"},{"taxonomy":"product_cat","embeddable":true,"href":"https:\/\/roveyayinevi.com.tr\/index.php\/wp-json\/wp\/v2\/product_cat?post=701566"},{"taxonomy":"product_tag","embeddable":true,"href":"https:\/\/roveyayinevi.com.tr\/index.php\/wp-json\/wp\/v2\/product_tag?post=701566"}],"curies":[{"name":"wp","href":"https:\/\/api.w.org\/{rel}","templated":true}]}}