{"id":701565,"date":"2025-08-27T15:10:07","date_gmt":"2025-08-27T12:10:07","guid":{"rendered":"https:\/\/roveyayinevi.com.tr\/index.php\/urun\/canavar-pesinde-serisi-26-olumun-golgesi-firtina-kusu-havkit\/"},"modified":"2026-04-13T02:13:23","modified_gmt":"2026-04-12T23:13:23","slug":"canavar-pesinde-serisi-26-olumun-golgesi-firtina-kusu-havkit","status":"publish","type":"product","link":"https:\/\/roveyayinevi.com.tr\/index.php\/urun\/canavar-pesinde-serisi-26-olumun-golgesi-firtina-kusu-havkit\/","title":{"rendered":"Canavar Pe\u015finde Serisi 26 &#8211; \u00d6l\u00fcm\u00fcn G\u00f6lgesi (F\u0131rt\u0131na Ku\u015fu Havkit)"},"content":{"rendered":"<p>Yepyeni Canavar Pe\u015finde maceras\u0131na ho\u015f geldiniz:\u00d6l\u00fcm\u00fcn G\u00f6lgesiTom\u2019u hi\u00e7 bilmedi\u011fi bir krall\u0131kta yeni bir G\u00f6rev bekliyor. Gwildor\u2019un Canavar Ustas\u0131 Freya, k\u00f6t\u00fc b\u00fcy\u00fcc\u00fc Velmal\u2019in etkisi alt\u0131nda. Canavarlar\u0131, t\u00fcm krall\u0131kta deh\u015fet sa\u00e7\u0131yor. \u00dcstelik bir zamanlar iyi olan bu Canavarlar, Avantia&#8217;dakilerden \u00e7ok daha ac\u0131mas\u0131zlar. Kaybedecek vakit yok. E\u011fer k\u00f6t\u00fcl\u00fc\u011f\u00fcn Gwildor\u2019u ele ge\u00e7irmesine izin verirlerse, s\u0131ra Avantia\u2019ya da gelecek.Gwildor\u2019da deh\u015fet sa\u00e7an Havkit, ekinleri yok etti\u011fi i\u00e7in halk a\u00e7l\u0131ktan \u00f6lmek \u00fczere. Tom, Gwildor halk\u0131n\u0131n ac\u0131lar\u0131na son vermek ve eskiden iyi bir Canavar olan Havkit\u2019in \u00fczerindeki laneti kald\u0131rmak zorunda. Acaba hi\u00e7 de dost canl\u0131s\u0131 olmayan k\u00f6yl\u00fcler, ondan yard\u0131m almay\u0131 kabul edecek mi? Tom, havada bir ok gibi s\u00fcz\u00fclen Canavarla sava\u015fman\u0131n bir yolunu bulup onu eski h\u00e2line d\u00f6nd\u00fcrebilecek mi?<\/p>\n","protected":false},"excerpt":{"rendered":"<p>Yepyeni Canavar Pe\u015finde maceras\u0131na ho\u015f geldiniz:\u00d6l\u00fcm\u00fcn G\u00f6lgesiTom\u2019u hi\u00e7 bilmedi\u011fi bir krall\u0131kta yeni bir G\u00f6rev bekliyor. Gwildor\u2019un Canavar Ustas\u0131 Freya, k\u00f6t\u00fc b\u00fcy\u00fcc\u00fc Velmal\u2019in etkisi alt\u0131nda. Canavarlar\u0131, t\u00fcm<span class=\"excerpt-hellip\"> [\u2026]<\/span><\/p>\n","protected":false},"featured_media":0,"template":"","meta":{"_monsterinsights_skip_tracking":false,"_monsterinsights_sitenote_active":false,"_monsterinsights_sitenote_note":"","_monsterinsights_sitenote_category":0},"product_brand":[],"product_cat":[12274,12284],"product_tag":[],"class_list":{"0":"post-701565","1":"product","2":"type-product","3":"status-publish","5":"product_cat-cocuk-ve-genclik-kitaplari","6":"product_cat-hikayeler","7":"pa_cilt-ciltsiz","8":"pa_tur-kitap","9":"pa_yayinevi-beyaz-balina-yayinlari","10":"pa_yazar-adam-blade","12":"first","13":"instock","14":"sale","15":"shipping-taxable","16":"purchasable","17":"product-type-simple"},"_links":{"self":[{"href":"https:\/\/roveyayinevi.com.tr\/index.php\/wp-json\/wp\/v2\/product\/701565","targetHints":{"allow":["GET"]}}],"collection":[{"href":"https:\/\/roveyayinevi.com.tr\/index.php\/wp-json\/wp\/v2\/product"}],"about":[{"href":"https:\/\/roveyayinevi.com.tr\/index.php\/wp-json\/wp\/v2\/types\/product"}],"wp:attachment":[{"href":"https:\/\/roveyayinevi.com.tr\/index.php\/wp-json\/wp\/v2\/media?parent=701565"}],"wp:term":[{"taxonomy":"product_brand","embeddable":true,"href":"https:\/\/roveyayinevi.com.tr\/index.php\/wp-json\/wp\/v2\/product_brand?post=701565"},{"taxonomy":"product_cat","embeddable":true,"href":"https:\/\/roveyayinevi.com.tr\/index.php\/wp-json\/wp\/v2\/product_cat?post=701565"},{"taxonomy":"product_tag","embeddable":true,"href":"https:\/\/roveyayinevi.com.tr\/index.php\/wp-json\/wp\/v2\/product_tag?post=701565"}],"curies":[{"name":"wp","href":"https:\/\/api.w.org\/{rel}","templated":true}]}}