{"id":701564,"date":"2025-08-27T15:10:06","date_gmt":"2025-08-27T12:10:06","guid":{"rendered":"https:\/\/roveyayinevi.com.tr\/index.php\/urun\/narsistle-ateskes\/"},"modified":"2026-04-16T02:10:49","modified_gmt":"2026-04-15T23:10:49","slug":"narsistle-ateskes","status":"publish","type":"product","link":"https:\/\/roveyayinevi.com.tr\/index.php\/urun\/narsistle-ateskes\/","title":{"rendered":"Narsistle Ate\u015fkes"},"content":{"rendered":"<p>Hayat\u0131n\u0131zdaki narsist ki\u015filerle nas\u0131l ba\u015fa \u00e7\u0131kars\u0131n\u0131z? Sizi y\u0131ld\u0131rabilir ve g\u00f6z\u00fcn\u00fcz\u00fc korkutabilirler! Sosyal ya da profesyonel ortamlarda b\u00f6yle bir ki\u015fi ile etkile\u015fim halinde olmak zorunda kalabilir ve hatta onu seviyor olabilirsiniz bu nedenle onu g\u00f6rmezden gelmek i\u015fe yaramaz. \u0130\u015fe yaramayan g\u00fc\u00e7 sava\u015flar\u0131n\u0131 ve anlams\u0131z tart\u0131\u015fmalar\u0131 bir kenara b\u0131rak\u0131p; hayat\u0131n\u0131zdaki narsistle i\u015flevsel bir \u015fekilde ileti\u015fim kurman\u0131n, ona kendinizi anlatman\u0131n ve ihtiya\u00e7lar\u0131n\u0131z\u0131 kar\u015f\u0131laman\u0131n bir yolunu bulmal\u0131s\u0131n\u0131z. Bu kitap, d\u00fcnyan\u0131n merkezinde yer ald\u0131\u011f\u0131n\u0131 d\u00fc\u015f\u00fcnen bu ki\u015filerle ba\u015fa \u00e7\u0131kmak i\u00e7in size etkili stratejiler sunuyor. \ufffc<\/p>\n","protected":false},"excerpt":{"rendered":"<p>Hayat\u0131n\u0131zdaki narsist ki\u015filerle nas\u0131l ba\u015fa \u00e7\u0131kars\u0131n\u0131z? Sizi y\u0131ld\u0131rabilir ve g\u00f6z\u00fcn\u00fcz\u00fc korkutabilirler! Sosyal ya da profesyonel ortamlarda b\u00f6yle bir ki\u015fi ile etkile\u015fim halinde olmak zorunda kalabilir ve<span class=\"excerpt-hellip\"> [\u2026]<\/span><\/p>\n","protected":false},"featured_media":0,"template":"","meta":{"_monsterinsights_skip_tracking":false,"_monsterinsights_sitenote_active":false,"_monsterinsights_sitenote_note":"","_monsterinsights_sitenote_category":0},"product_brand":[],"product_cat":[20502,12357],"product_tag":[],"class_list":{"0":"post-701564","1":"product","2":"type-product","3":"status-publish","5":"product_cat-basvuru-kitaplari-psikoloji","6":"product_cat-psikoloji","7":"pa_cilt-ciltsiz","8":"pa_tur-kitap","9":"pa_yayinevi-psikonet-yayinlari","10":"pa_yazar-wendy-behary","12":"first","13":"instock","14":"sale","15":"shipping-taxable","16":"purchasable","17":"product-type-simple"},"_links":{"self":[{"href":"https:\/\/roveyayinevi.com.tr\/index.php\/wp-json\/wp\/v2\/product\/701564","targetHints":{"allow":["GET"]}}],"collection":[{"href":"https:\/\/roveyayinevi.com.tr\/index.php\/wp-json\/wp\/v2\/product"}],"about":[{"href":"https:\/\/roveyayinevi.com.tr\/index.php\/wp-json\/wp\/v2\/types\/product"}],"wp:attachment":[{"href":"https:\/\/roveyayinevi.com.tr\/index.php\/wp-json\/wp\/v2\/media?parent=701564"}],"wp:term":[{"taxonomy":"product_brand","embeddable":true,"href":"https:\/\/roveyayinevi.com.tr\/index.php\/wp-json\/wp\/v2\/product_brand?post=701564"},{"taxonomy":"product_cat","embeddable":true,"href":"https:\/\/roveyayinevi.com.tr\/index.php\/wp-json\/wp\/v2\/product_cat?post=701564"},{"taxonomy":"product_tag","embeddable":true,"href":"https:\/\/roveyayinevi.com.tr\/index.php\/wp-json\/wp\/v2\/product_tag?post=701564"}],"curies":[{"name":"wp","href":"https:\/\/api.w.org\/{rel}","templated":true}]}}