{"id":701558,"date":"2025-08-27T15:10:04","date_gmt":"2025-08-27T12:10:04","guid":{"rendered":"https:\/\/roveyayinevi.com.tr\/index.php\/urun\/guvenlik-toprak-nufus-college-de-france-dersleri-1977-1978\/"},"modified":"2025-11-13T03:19:24","modified_gmt":"2025-11-13T00:19:24","slug":"guvenlik-toprak-nufus-college-de-france-dersleri-1977-1978","status":"publish","type":"product","link":"https:\/\/roveyayinevi.com.tr\/index.php\/urun\/guvenlik-toprak-nufus-college-de-france-dersleri-1977-1978\/","title":{"rendered":"G\u00fcvenlik, Toprak, N\u00fcfus: College de France Dersleri (1977-1978)"},"content":{"rendered":"<p>\u0130stanbul Bilgi \u00dcniversitesi Yay\u0131nlar\u0131, Michel Foucault&#8217;nun 1970-1984 aras\u0131nda Coll\u00e8ge de France&#8217;ta verdi\u011fi ve d\u00fc\u015f\u00fcn\u00fcr\u00fcn bir\u00e7ok farkl\u0131 d\u00f6nemde ceza kurumlar\u0131, psikiyatri, liberalizm veya \u00f6znenin kurulu\u015fu gibi konular\u0131 ve bunlara ili\u015fkin tahlillerini i\u00e7eren derslerini yay\u0131nl\u0131yor. Foucault\u2019nun derslerdeki ses kay\u0131tlar\u0131ndan hareketle d\u00fczenlenen bu kitaplar\u0131n yay\u0131n\u0131na Fransa\u2019da 2004\u2019te ba\u015fland\u0131. Bu kitaplar, yazar\u0131n di\u011fer eserlerinde ve de\u011fi\u015fik s\u00f6yle\u015filerinde yer almayan yorumlar\u0131n\u0131 da i\u00e7eriyor. Michel Foucault, delilik, cinsellik, su\u00e7 gibi konular\u0131 i\u015fledi\u011fi kitaplar\u0131nda, genellikle do\u011fal ve tarihd\u0131\u015f\u0131 bir kategori olarak ele al\u0131nan \u201cinsan\u201d\u0131n, aksine, tarihsel olarak in\u015fa edilmi\u015f oldu\u011funu g\u00f6stermeyi ama\u00e7l\u0131yordu. 1970\u2019li y\u0131llar\u0131n ilk yar\u0131s\u0131ndaki derslerini adli, cezai pratiklere ve kapat\u0131lma sorununa ay\u0131ran Foucault, 1978 senesindeki bu derste disiplini de\u011fil y\u00f6netimi, kapat\u0131lmay\u0131 de\u011fil dola\u015f\u0131m\u0131, hapishaneyi de\u011fil insanlar\u0131 \u00f6zg\u00fcrl\u00fckle y\u00f6netme tekni\u011fi olarak liberalizmi ele al\u0131yor. Modern devletin tarihini y\u00f6netim sanatlar\u0131n\u0131n bir par\u00e7as\u0131 olarak okurken, bu sanatlar\u0131n soybilimini de Do\u011fu\u2019daki \u00e7oban-kral fig\u00fcr\u00fcne ba\u011flayan Foucault, bu derste daha \u00f6nce ba\u015fvurdu\u011fu y\u00f6ntem ve analizleri k\u00f6kl\u00fc bir bi\u00e7imde d\u00f6n\u00fc\u015ft\u00fcrerek, d\u00fcnya \u00e7ap\u0131nda b\u00fcy\u00fck ilgi uyand\u0131ran \u201cy\u00f6netimsellik\u201d ve \u201cpastoral iktidar\u201d gibi kavramlar\u0131 geli\u015ftiriyor. \u00d6te yandan, modern politikan\u0131n \u201cdevlet akl\u0131\u201d gibi temel meselelerinin, polis gibi ba\u015fat kurumlar\u0131n\u0131n ortaya \u00e7\u0131k\u0131\u015f\u0131n\u0131n incelendi\u011fi G\u00fcvenlik, Toprak, N\u00fcfus dersi, parlak bir siyasi tarih denemesinin \u00e7ok \u00f6tesinde bir etkiye sahip. Foucault\u2019nun n\u00fcfusun \u015fehircilik politikalar\u0131 \u00fczerinden y\u00f6netilmesi ya da pastoral iktidar kar\u015f\u0131s\u0131ndaki \u201ctutum ayaklanmalar\u0131\u201d konusundaki analizleri, bu d\u00fc\u015f\u00fcncenin bug\u00fcn bizler i\u00e7in h\u00e2l\u00e2 ne denli canl\u0131 ve \u00f6nemli olabilece\u011fini ortaya koyuyor.<\/p>\n","protected":false},"excerpt":{"rendered":"<p>\u0130stanbul Bilgi \u00dcniversitesi Yay\u0131nlar\u0131, Michel Foucault&#8217;nun 1970-1984 aras\u0131nda Coll\u00e8ge de France&#8217;ta verdi\u011fi ve d\u00fc\u015f\u00fcn\u00fcr\u00fcn bir\u00e7ok farkl\u0131 d\u00f6nemde ceza kurumlar\u0131, psikiyatri, liberalizm veya \u00f6znenin kurulu\u015fu gibi konular\u0131<span class=\"excerpt-hellip\"> [\u2026]<\/span><\/p>\n","protected":false},"featured_media":0,"template":"","meta":{"_monsterinsights_skip_tracking":false,"_monsterinsights_sitenote_active":false,"_monsterinsights_sitenote_note":"","_monsterinsights_sitenote_category":0},"product_brand":[],"product_cat":[12358,12357],"product_tag":[],"class_list":{"0":"post-701558","1":"product","2":"type-product","3":"status-publish","5":"product_cat-genel-psikoloji","6":"product_cat-psikoloji","7":"pa_cilt-ciltsiz","8":"pa_tur-kitap","9":"pa_yayinevi-bilgi-universitesi-yayinlari","10":"pa_yazar-michel-foucault","12":"first","13":"instock","14":"sale","15":"shipping-taxable","16":"purchasable","17":"product-type-simple"},"_links":{"self":[{"href":"https:\/\/roveyayinevi.com.tr\/index.php\/wp-json\/wp\/v2\/product\/701558","targetHints":{"allow":["GET"]}}],"collection":[{"href":"https:\/\/roveyayinevi.com.tr\/index.php\/wp-json\/wp\/v2\/product"}],"about":[{"href":"https:\/\/roveyayinevi.com.tr\/index.php\/wp-json\/wp\/v2\/types\/product"}],"wp:attachment":[{"href":"https:\/\/roveyayinevi.com.tr\/index.php\/wp-json\/wp\/v2\/media?parent=701558"}],"wp:term":[{"taxonomy":"product_brand","embeddable":true,"href":"https:\/\/roveyayinevi.com.tr\/index.php\/wp-json\/wp\/v2\/product_brand?post=701558"},{"taxonomy":"product_cat","embeddable":true,"href":"https:\/\/roveyayinevi.com.tr\/index.php\/wp-json\/wp\/v2\/product_cat?post=701558"},{"taxonomy":"product_tag","embeddable":true,"href":"https:\/\/roveyayinevi.com.tr\/index.php\/wp-json\/wp\/v2\/product_tag?post=701558"}],"curies":[{"name":"wp","href":"https:\/\/api.w.org\/{rel}","templated":true}]}}