{"id":701550,"date":"2025-08-27T15:10:01","date_gmt":"2025-08-27T12:10:01","guid":{"rendered":"https:\/\/roveyayinevi.com.tr\/index.php\/urun\/buyucunun-sapkasi\/"},"modified":"2026-04-16T02:10:49","modified_gmt":"2026-04-15T23:10:49","slug":"buyucunun-sapkasi","status":"publish","type":"product","link":"https:\/\/roveyayinevi.com.tr\/index.php\/urun\/buyucunun-sapkasi\/","title":{"rendered":"B\u00fcy\u00fcc\u00fcn\u00fcn \u015eapkas\u0131"},"content":{"rendered":"<p>Tove Jansson\u2019un \u015fimdiye kadar ellinin \u00fczerinde dile \u00e7evrilen Kuyruklu Y\u0131ld\u0131z Geliyor ve B\u00fcy\u00fcc\u00fcn\u00fcn \u015fapkas\u0131 adl\u0131 kitaplar\u0131 nihayet T\u00fcrk\u00e7eye de \u00e7evrildi. Kuyruklu Y\u0131ld\u0131z Geliyor kitab\u0131nda Tove Jansson, (bizde H\u00fcseyin Rahmi G\u00fcrp\u0131nar\u2019\u0131n, Kuyruklu Y\u0131ld\u0131z Alt\u0131nda Bir \u0130zdiva\u00e7 kitab\u0131nda e\u011flenceli bir dille kaleme ald\u0131\u011f\u0131) Halley Kuyruklu y\u0131ld\u0131z\u0131n\u0131n d\u00fcnyaya \u00e7apaca\u011f\u0131 s\u00f6ylentilerini \u00e7ocuklar\u0131n fantastik d\u00fcnyas\u0131nda ele al\u0131yor. Her t\u00fcrden canl\u0131n\u0131n, mutlu ve ne\u015feli ya\u015fad\u0131klar\u0131 Mumi vadisinde bu haberin nas\u0131l \u00e7alkaland\u0131\u011f\u0131n\u0131, denizleri kurutup, g\u00fcne\u015fi solduran kuyruklu y\u0131ld\u0131z\u0131n yaratt\u0131\u011f\u0131 tela\u015f\u0131 anlat\u0131yor. Ne\u015fenin ve arkada\u015fl\u0131\u011f\u0131n yok oldu\u011fu, kirletilmi\u015f bir d\u00fcnyan\u0131n nas\u0131l \u00e7ekilmez olaca\u011f\u0131 konusunda bizi uyaran Tove Jansson, insanl\u0131\u011f\u0131 bekleyen felaketten, ancak \u00e7ocuklar\u0131n sahip oldu\u011fu o hesaps\u0131z sevgiyle kurtulabilinece\u011fine i\u015faret ediyor. B\u00fcy\u00fcc\u00fcn\u00fcn \u015eapkas\u0131nda ilk kitapta oldu\u011fu gibi bizi yine Mumi Vadisi\u2019ne g\u00f6t\u00fcr\u00fcyor Tove Jansson. Yaln\u0131zca dostluk, sevgi ve ne\u015fenin hakim oldu\u011fu bu vadinin hayali yarat\u0131klar\u0131yla bulu\u015fturuyor bizi. Hayat\u0131m\u0131zdan s\u00fcr\u00fcl\u00fcp \u00e7\u0131kart\u0131lan g\u00fczellikleri didaktik olmayan tatl\u0131 bir dille bize hat\u0131rlat\u0131rken, unutulup kaybolan\u0131 \u00e7ocuklar\u0131n s\u0131n\u0131rs\u0131z hayal d\u00fcnyas\u0131nda yeniden yarat\u0131p, umudun asla t\u00fckenmeyece\u011fini vurguluyor. Yazd\u0131\u011f\u0131 kitaplarla defalarca \u00f6d\u00fcl alan Tove Jansson Finlandiya \u0130sve\u00e7lisi sanat\u00e7\u0131 bir ailenin \u00e7ocu\u011fu olarak 1914 y\u0131l\u0131nda Finlandiya\u2019da d\u00fcnyaya geldi. Kitaplar\u0131 ve yaratt\u0131\u011f\u0131 karakterler \u00e7ok say\u0131da filme, tiyatro ve opera eserine konu oldu. 2001\u2019de bu d\u00fcnyadan ayr\u0131ld\u0131. \ufffcTan\u0131t\u0131m Metni<\/p>\n","protected":false},"excerpt":{"rendered":"<p>Tove Jansson\u2019un \u015fimdiye kadar ellinin \u00fczerinde dile \u00e7evrilen Kuyruklu Y\u0131ld\u0131z Geliyor ve B\u00fcy\u00fcc\u00fcn\u00fcn \u015fapkas\u0131 adl\u0131 kitaplar\u0131 nihayet T\u00fcrk\u00e7eye de \u00e7evrildi. Kuyruklu Y\u0131ld\u0131z Geliyor kitab\u0131nda Tove Jansson,<span class=\"excerpt-hellip\"> [\u2026]<\/span><\/p>\n","protected":false},"featured_media":0,"template":"","meta":{"_monsterinsights_skip_tracking":false,"_monsterinsights_sitenote_active":false,"_monsterinsights_sitenote_note":"","_monsterinsights_sitenote_category":0},"product_brand":[],"product_cat":[12274,12523],"product_tag":[],"class_list":{"0":"post-701550","1":"product","2":"type-product","3":"status-publish","5":"product_cat-cocuk-ve-genclik-kitaplari","6":"product_cat-masallar","7":"pa_cilt-ciltsiz","8":"pa_tur-kitap","9":"pa_yayinevi-dinozor-cocuk","10":"pa_yazar-tove-jansson","12":"first","13":"instock","14":"sale","15":"shipping-taxable","16":"purchasable","17":"product-type-simple"},"_links":{"self":[{"href":"https:\/\/roveyayinevi.com.tr\/index.php\/wp-json\/wp\/v2\/product\/701550","targetHints":{"allow":["GET"]}}],"collection":[{"href":"https:\/\/roveyayinevi.com.tr\/index.php\/wp-json\/wp\/v2\/product"}],"about":[{"href":"https:\/\/roveyayinevi.com.tr\/index.php\/wp-json\/wp\/v2\/types\/product"}],"wp:attachment":[{"href":"https:\/\/roveyayinevi.com.tr\/index.php\/wp-json\/wp\/v2\/media?parent=701550"}],"wp:term":[{"taxonomy":"product_brand","embeddable":true,"href":"https:\/\/roveyayinevi.com.tr\/index.php\/wp-json\/wp\/v2\/product_brand?post=701550"},{"taxonomy":"product_cat","embeddable":true,"href":"https:\/\/roveyayinevi.com.tr\/index.php\/wp-json\/wp\/v2\/product_cat?post=701550"},{"taxonomy":"product_tag","embeddable":true,"href":"https:\/\/roveyayinevi.com.tr\/index.php\/wp-json\/wp\/v2\/product_tag?post=701550"}],"curies":[{"name":"wp","href":"https:\/\/api.w.org\/{rel}","templated":true}]}}