{"id":701549,"date":"2025-08-27T15:10:01","date_gmt":"2025-08-27T12:10:01","guid":{"rendered":"https:\/\/roveyayinevi.com.tr\/index.php\/urun\/tarihi-turkiye-turkcesi-arastirmalari-1-osmanli-turkcesine-giris\/"},"modified":"2026-04-16T02:10:49","modified_gmt":"2026-04-15T23:10:49","slug":"tarihi-turkiye-turkcesi-arastirmalari-1-osmanli-turkcesine-giris","status":"publish","type":"product","link":"https:\/\/roveyayinevi.com.tr\/index.php\/urun\/tarihi-turkiye-turkcesi-arastirmalari-1-osmanli-turkcesine-giris\/","title":{"rendered":"Tarihi T\u00fcrkiye T\u00fcrk\u00e7esi Ara\u015ft\u0131rmalar\u0131 1 &#8211; Osmanl\u0131 T\u00fcrk\u00e7esine Giri\u015f"},"content":{"rendered":"<p>Yaz\u0131 ve imlaHarflerin biti\u015fmeleriYaz\u0131 \u00e7e\u015fitleri El yaz\u0131s\u0131 \u00f6rnekleriHat sanat\u0131m\u0131zdan \u00f6rneklerHarflerin tasnif ve taksimiT\u00fcrk\u00e7e ve yabanc\u0131 kelimelerin ayr\u0131lmas\u0131Arap\u00e7a kelime ve \u015fekillerArap\u00e7a kelimelerde keyfiyetMec\u2019\u00fcl masdarlarArap\u00e7a kelimelerde kemiyetEdatlar ve birle\u015fik \u015fekillerFars\u00e7a kelime ve \u015fekillerKelimelerde ses de\u011fi\u015fmeleriT\u00fcrk\u00e7ede hece \u00e7e\u015fitleriT\u00fcrk aruzunun vezinleriVezinlerin meydana gelmesi <\/p>\n","protected":false},"excerpt":{"rendered":"<p>Yaz\u0131 ve imlaHarflerin biti\u015fmeleriYaz\u0131 \u00e7e\u015fitleri El yaz\u0131s\u0131 \u00f6rnekleriHat sanat\u0131m\u0131zdan \u00f6rneklerHarflerin tasnif ve taksimiT\u00fcrk\u00e7e ve yabanc\u0131 kelimelerin ayr\u0131lmas\u0131Arap\u00e7a kelime ve \u015fekillerArap\u00e7a kelimelerde keyfiyetMec\u2019\u00fcl masdarlarArap\u00e7a kelimelerde kemiyetEdatlar ve<span class=\"excerpt-hellip\"> [\u2026]<\/span><\/p>\n","protected":false},"featured_media":0,"template":"","meta":{"_monsterinsights_skip_tracking":false,"_monsterinsights_sitenote_active":false,"_monsterinsights_sitenote_note":"","_monsterinsights_sitenote_category":0},"product_brand":[],"product_cat":[13072,12291],"product_tag":[],"class_list":{"0":"post-701549","1":"product","2":"type-product","3":"status-publish","5":"product_cat-arastirma-inceleme-referans","6":"product_cat-edebiyat","7":"pa_cilt-ciltsiz","8":"pa_tur-kitap","9":"pa_yayinevi-alfa-yayinlari-ders-kitaplari","10":"pa_yazar-faruk-k-timurtas","12":"first","13":"instock","14":"sale","15":"shipping-taxable","16":"purchasable","17":"product-type-simple"},"_links":{"self":[{"href":"https:\/\/roveyayinevi.com.tr\/index.php\/wp-json\/wp\/v2\/product\/701549","targetHints":{"allow":["GET"]}}],"collection":[{"href":"https:\/\/roveyayinevi.com.tr\/index.php\/wp-json\/wp\/v2\/product"}],"about":[{"href":"https:\/\/roveyayinevi.com.tr\/index.php\/wp-json\/wp\/v2\/types\/product"}],"wp:attachment":[{"href":"https:\/\/roveyayinevi.com.tr\/index.php\/wp-json\/wp\/v2\/media?parent=701549"}],"wp:term":[{"taxonomy":"product_brand","embeddable":true,"href":"https:\/\/roveyayinevi.com.tr\/index.php\/wp-json\/wp\/v2\/product_brand?post=701549"},{"taxonomy":"product_cat","embeddable":true,"href":"https:\/\/roveyayinevi.com.tr\/index.php\/wp-json\/wp\/v2\/product_cat?post=701549"},{"taxonomy":"product_tag","embeddable":true,"href":"https:\/\/roveyayinevi.com.tr\/index.php\/wp-json\/wp\/v2\/product_tag?post=701549"}],"curies":[{"name":"wp","href":"https:\/\/api.w.org\/{rel}","templated":true}]}}