{"id":701548,"date":"2025-08-27T15:10:01","date_gmt":"2025-08-27T12:10:01","guid":{"rendered":"https:\/\/roveyayinevi.com.tr\/index.php\/urun\/siyaset-sosyolojisi-2\/"},"modified":"2026-04-16T02:10:49","modified_gmt":"2026-04-15T23:10:49","slug":"siyaset-sosyolojisi-2","status":"publish","type":"product","link":"https:\/\/roveyayinevi.com.tr\/index.php\/urun\/siyaset-sosyolojisi-2\/","title":{"rendered":"Siyaset Sosyolojisi"},"content":{"rendered":"<p>Siyaset Sosyolojisi: G\u00fcn\u00fcm\u00fcz D\u00fcnyas\u0131nda \u0130ktidar ve Kat\u0131l\u0131m siyasetin toplumsal temellerini betimliyor ve siyaset\u00e7iler ile h\u00fck\u00fcmetin eylemlerinin uluslar\u0131n ve yurtta\u015flar\u0131n kaderini nas\u0131l etkiledi\u011fini g\u00f6steriyor. En yeni siyasal sosyolojik kuramlar\u0131 a\u00e7\u0131klayan yazarlar okurun g\u00fcn\u00fcm\u00fcz d\u00fcnyas\u0131nda ger\u00e7ekle\u015fen b\u00fcy\u00fck siyasal de\u011fi\u015fimleri anlamas\u0131na yard\u0131mc\u0131 oluyor. Ekonomi ile siyaset, devletler ile toplumlar, sivil toplum ile siyaset, temel siyasal y\u00f6netim bi\u00e7imleri, iktidar ve e\u015fitlik, siyasal partiler ve yurtta\u015f kat\u0131l\u0131m\u0131 gibi konular\u0131 tart\u0131\u015f\u0131yor. \u00c7ok \u00e7e\u015fitli g\u00f6r\u00fc\u015f ve fikirleri bir araya getiren bu e\u015fsiz metin okura ayn\u0131 zamanda refah devleti, sosyal a\u011flar ve i\u015f d\u00fcnyas\u0131n\u0131 konu alan en son incelemeleri tan\u0131t\u0131yor. Kitap boyunca yazarlar okuru kitab\u0131n i\u00e7ine \u00e7ekebilmek i\u00e7in ate\u015fli g\u00fcncel tart\u0131\u015fmalar\u0131n bir de\u011ferlendirmesini sunmay\u0131 da ihmal etmiyor. <\/p>\n","protected":false},"excerpt":{"rendered":"<p>Siyaset Sosyolojisi: G\u00fcn\u00fcm\u00fcz D\u00fcnyas\u0131nda \u0130ktidar ve Kat\u0131l\u0131m siyasetin toplumsal temellerini betimliyor ve siyaset\u00e7iler ile h\u00fck\u00fcmetin eylemlerinin uluslar\u0131n ve yurtta\u015flar\u0131n kaderini nas\u0131l etkiledi\u011fini g\u00f6steriyor. En yeni siyasal<span class=\"excerpt-hellip\"> [\u2026]<\/span><\/p>\n","protected":false},"featured_media":0,"template":"","meta":{"_monsterinsights_skip_tracking":false,"_monsterinsights_sitenote_active":false,"_monsterinsights_sitenote_note":"","_monsterinsights_sitenote_category":0},"product_brand":[],"product_cat":[12351,12324],"product_tag":[],"class_list":{"0":"post-701548","1":"product","2":"type-product","3":"status-publish","5":"product_cat-siyaset-sosyolojisi","6":"product_cat-sosyoloji","7":"pa_cilt-ciltsiz","8":"pa_tur-kitap","9":"pa_yayinevi-say-yayinlari","10":"pa_yazar-john-g-dale","12":"first","13":"instock","14":"sale","15":"shipping-taxable","16":"purchasable","17":"product-type-simple"},"_links":{"self":[{"href":"https:\/\/roveyayinevi.com.tr\/index.php\/wp-json\/wp\/v2\/product\/701548","targetHints":{"allow":["GET"]}}],"collection":[{"href":"https:\/\/roveyayinevi.com.tr\/index.php\/wp-json\/wp\/v2\/product"}],"about":[{"href":"https:\/\/roveyayinevi.com.tr\/index.php\/wp-json\/wp\/v2\/types\/product"}],"wp:attachment":[{"href":"https:\/\/roveyayinevi.com.tr\/index.php\/wp-json\/wp\/v2\/media?parent=701548"}],"wp:term":[{"taxonomy":"product_brand","embeddable":true,"href":"https:\/\/roveyayinevi.com.tr\/index.php\/wp-json\/wp\/v2\/product_brand?post=701548"},{"taxonomy":"product_cat","embeddable":true,"href":"https:\/\/roveyayinevi.com.tr\/index.php\/wp-json\/wp\/v2\/product_cat?post=701548"},{"taxonomy":"product_tag","embeddable":true,"href":"https:\/\/roveyayinevi.com.tr\/index.php\/wp-json\/wp\/v2\/product_tag?post=701548"}],"curies":[{"name":"wp","href":"https:\/\/api.w.org\/{rel}","templated":true}]}}