{"id":701547,"date":"2025-08-27T15:10:00","date_gmt":"2025-08-27T12:10:00","guid":{"rendered":"https:\/\/roveyayinevi.com.tr\/index.php\/urun\/cikolata-kopek\/"},"modified":"2026-04-16T02:10:49","modified_gmt":"2026-04-15T23:10:49","slug":"cikolata-kopek","status":"publish","type":"product","link":"https:\/\/roveyayinevi.com.tr\/index.php\/urun\/cikolata-kopek\/","title":{"rendered":"\u00c7ikolata K\u00f6pek"},"content":{"rendered":"<p>Amy\u2019nin ya\u015fam\u0131nda \u00f6nemli de\u011fi\u015fiklikler oluyordu. Anne babas\u0131, k\u00fc\u00e7\u00fck afacan k\u0131z karde\u015fi ve k\u00f6pe\u011fi \u00c7ikolata ile birlikte ya\u015farken, \u015fimdi bu \u00fc\u00e7\u00fcnc\u00fc karde\u015f de nereden \u00e7\u0131km\u0131\u015ft\u0131?<\/p>\n","protected":false},"excerpt":{"rendered":"<p>Amy\u2019nin ya\u015fam\u0131nda \u00f6nemli de\u011fi\u015fiklikler oluyordu. Anne babas\u0131, k\u00fc\u00e7\u00fck afacan k\u0131z karde\u015fi ve k\u00f6pe\u011fi \u00c7ikolata ile birlikte ya\u015farken, \u015fimdi bu \u00fc\u00e7\u00fcnc\u00fc karde\u015f de nereden \u00e7\u0131km\u0131\u015ft\u0131?<\/p>\n","protected":false},"featured_media":0,"template":"","meta":{"_monsterinsights_skip_tracking":false,"_monsterinsights_sitenote_active":false,"_monsterinsights_sitenote_note":"","_monsterinsights_sitenote_category":0},"product_brand":[],"product_cat":[12274,12284],"product_tag":[],"class_list":{"0":"post-701547","1":"product","2":"type-product","3":"status-publish","5":"product_cat-cocuk-ve-genclik-kitaplari","6":"product_cat-hikayeler","7":"pa_cilt-ciltsiz","8":"pa_tur-kitap","9":"pa_yayinevi-is-bankasi-kultur-yayinlari","10":"pa_yazar-holly-webb","12":"first","13":"instock","14":"sale","15":"shipping-taxable","16":"purchasable","17":"product-type-simple"},"_links":{"self":[{"href":"https:\/\/roveyayinevi.com.tr\/index.php\/wp-json\/wp\/v2\/product\/701547","targetHints":{"allow":["GET"]}}],"collection":[{"href":"https:\/\/roveyayinevi.com.tr\/index.php\/wp-json\/wp\/v2\/product"}],"about":[{"href":"https:\/\/roveyayinevi.com.tr\/index.php\/wp-json\/wp\/v2\/types\/product"}],"wp:attachment":[{"href":"https:\/\/roveyayinevi.com.tr\/index.php\/wp-json\/wp\/v2\/media?parent=701547"}],"wp:term":[{"taxonomy":"product_brand","embeddable":true,"href":"https:\/\/roveyayinevi.com.tr\/index.php\/wp-json\/wp\/v2\/product_brand?post=701547"},{"taxonomy":"product_cat","embeddable":true,"href":"https:\/\/roveyayinevi.com.tr\/index.php\/wp-json\/wp\/v2\/product_cat?post=701547"},{"taxonomy":"product_tag","embeddable":true,"href":"https:\/\/roveyayinevi.com.tr\/index.php\/wp-json\/wp\/v2\/product_tag?post=701547"}],"curies":[{"name":"wp","href":"https:\/\/api.w.org\/{rel}","templated":true}]}}