{"id":701546,"date":"2025-08-27T15:10:00","date_gmt":"2025-08-27T12:10:00","guid":{"rendered":"https:\/\/roveyayinevi.com.tr\/index.php\/urun\/benim-babam-bir-kahraman\/"},"modified":"2026-04-16T02:10:49","modified_gmt":"2026-04-15T23:10:49","slug":"benim-babam-bir-kahraman","status":"publish","type":"product","link":"https:\/\/roveyayinevi.com.tr\/index.php\/urun\/benim-babam-bir-kahraman\/","title":{"rendered":"Benim Babam Bir Kahraman"},"content":{"rendered":"<p>Minik leylek Roma\u2019n\u0131n babas\u0131, LUM\u2019da, yani Leylek Ula\u015ft\u0131rma Merkezi\u2019nde \u00e7al\u0131\u015f\u0131yordu. Roma ise babas\u0131n\u0131n kendini gizleyen bir s\u00fcper kahraman oldu\u011funu d\u00fc\u015f\u00fcn\u00fcyordu. Bu s\u0131rr\u0131 \u00f6nce en yak\u0131n arkada\u015f\u0131na s\u00f6yledi. Sonra b\u00fct\u00fcn arkada\u015flar\u0131n\u0131n, babas\u0131n\u0131n bir s\u00fcper kahraman oldu\u011funu \u00f6\u011frenmesini istedi. Bunun i\u00e7in plan yapt\u0131, ancak olaylar hi\u00e7 beklemedi\u011fi \u015fekilde geli\u015fti. \ufffcTan\u0131t\u0131m Metni<\/p>\n","protected":false},"excerpt":{"rendered":"<p>Minik leylek Roma\u2019n\u0131n babas\u0131, LUM\u2019da, yani Leylek Ula\u015ft\u0131rma Merkezi\u2019nde \u00e7al\u0131\u015f\u0131yordu. Roma ise babas\u0131n\u0131n kendini gizleyen bir s\u00fcper kahraman oldu\u011funu d\u00fc\u015f\u00fcn\u00fcyordu. Bu s\u0131rr\u0131 \u00f6nce en yak\u0131n arkada\u015f\u0131na<span class=\"excerpt-hellip\"> [\u2026]<\/span><\/p>\n","protected":false},"featured_media":0,"template":"","meta":{"_monsterinsights_skip_tracking":false,"_monsterinsights_sitenote_active":false,"_monsterinsights_sitenote_note":"","_monsterinsights_sitenote_category":0},"product_brand":[],"product_cat":[12274,12518],"product_tag":[],"class_list":{"0":"post-701546","1":"product","2":"type-product","3":"status-publish","5":"product_cat-cocuk-ve-genclik-kitaplari","6":"product_cat-okul-oncesi-kitaplar","7":"pa_cilt-ciltsiz","8":"pa_tur-kitap","9":"pa_yayinevi-is-bankasi-kultur-yayinlari","10":"pa_yazar-mustafa-yogurtcu","12":"first","13":"instock","14":"sale","15":"shipping-taxable","16":"purchasable","17":"product-type-simple"},"_links":{"self":[{"href":"https:\/\/roveyayinevi.com.tr\/index.php\/wp-json\/wp\/v2\/product\/701546","targetHints":{"allow":["GET"]}}],"collection":[{"href":"https:\/\/roveyayinevi.com.tr\/index.php\/wp-json\/wp\/v2\/product"}],"about":[{"href":"https:\/\/roveyayinevi.com.tr\/index.php\/wp-json\/wp\/v2\/types\/product"}],"wp:attachment":[{"href":"https:\/\/roveyayinevi.com.tr\/index.php\/wp-json\/wp\/v2\/media?parent=701546"}],"wp:term":[{"taxonomy":"product_brand","embeddable":true,"href":"https:\/\/roveyayinevi.com.tr\/index.php\/wp-json\/wp\/v2\/product_brand?post=701546"},{"taxonomy":"product_cat","embeddable":true,"href":"https:\/\/roveyayinevi.com.tr\/index.php\/wp-json\/wp\/v2\/product_cat?post=701546"},{"taxonomy":"product_tag","embeddable":true,"href":"https:\/\/roveyayinevi.com.tr\/index.php\/wp-json\/wp\/v2\/product_tag?post=701546"}],"curies":[{"name":"wp","href":"https:\/\/api.w.org\/{rel}","templated":true}]}}