{"id":701543,"date":"2025-08-27T15:09:59","date_gmt":"2025-08-27T12:09:59","guid":{"rendered":"https:\/\/roveyayinevi.com.tr\/index.php\/urun\/cagimizin-nevrotik-kisiligi\/"},"modified":"2026-04-16T02:10:49","modified_gmt":"2026-04-15T23:10:49","slug":"cagimizin-nevrotik-kisiligi","status":"publish","type":"product","link":"https:\/\/roveyayinevi.com.tr\/index.php\/urun\/cagimizin-nevrotik-kisiligi\/","title":{"rendered":"\u00c7a\u011f\u0131m\u0131z\u0131n Nevrotik Ki\u015fili\u011fi"},"content":{"rendered":"<p>Psikolojik rahats\u0131zl\u0131klar bizi ebedi bir mahkumiyete mi s\u00fcr\u00fckler? Nevrotik bireyin, rahats\u0131zl\u0131\u011f\u0131n\u0131n fark\u0131na varmas\u0131 ve iyile\u015fmeye y\u00f6nelik ad\u0131mlar atmas\u0131 imkans\u0131z m\u0131d\u0131r? Psikanaliz, nevrozlara genellikle bireyi \u00f6zg\u00fcr iradeden, eyleme yetisinden ve gelecek hayallerinden mahrum b\u0131rakan ve k\u00f6klerini yaln\u0131zca ge\u00e7mi\u015fte arayan bir anlay\u0131\u015fla yakla\u015f\u0131r. Karen Horney ise arzular\u0131 hem kam\u00e7\u0131layan hem de tatmin etme olanaklar\u0131n\u0131 s\u0131n\u0131rlayan nevrotik topluma odaklanarak bunlara yol a\u00e7an ve besleyen etkenlerin \u00e7o\u011fu zaman k\u00fclt\u00fcrel oldu\u011funu ve \u00fcstesinden \u00e7evresel fakt\u00f6rlere yap\u0131lan m\u00fcdahalelerle gelinebilece\u011fini savunuyor. Nevrotik bireyi modern k\u00fclt\u00fcr\u00fcn \u201c\u00fcvey evlad\u0131\u201d olarak tan\u0131mlayan Horney, nevrozlar\u0131n temelinde yatan kayg\u0131n\u0131n, toplumsal ili\u015fkilere ve her insan\u0131n i\u00e7 d\u00fcnyas\u0131na egemen olan \u00e7at\u0131\u015fmalardan kaynakland\u0131\u011f\u0131n\u0131 ortaya koyuyor. Freud ve sonraki ku\u015fak psikanalistlerinin b\u00fcy\u00fck bir \u00e7o\u011funlu\u011fu taraf\u0131ndan nevrozlara mahkum edilen birey, insani \u00f6zg\u00fcrle\u015fmeye odaklanan Karen Horney taraf\u0131ndan hayata d\u00f6nd\u00fcr\u00fcl\u00fcyor. Yaz\u0131ld\u0131\u011f\u0131 tarihten bu yana kendi \u00e7eli\u015fkileri ve a\u00e7mazlar\u0131yla y\u00fczle\u015fmek isteyen pek \u00e7ok insan taraf\u0131ndan ilgiyle okunan ve tart\u0131\u015f\u0131lan \u00c7a\u011f\u0131m\u0131z\u0131n Nevrotik Ki\u015fili\u011fi, toplumsal nevroz ve kayg\u0131lar\u0131n b\u00fcy\u00fcd\u00fc\u011f\u00fc bug\u00fcn, her zamankinden daha g\u00fcncel.  Karen Horney, 1885&#8217;te Almanya&#8217;da do\u011fdu. T\u0131p diplomas\u0131n\u0131 1913&#8217;te Berlin \u00dcniversitesi&#8217;nde ald\u0131ktan sonra, 1914-18 y\u0131llar\u0131 aras\u0131nda Berlin-Lankwitz&#8217;de psikiyatri okudu; 1932&#8217;ye kadar Berlin Psikanaliz Enstit\u00fcs\u00fc&#8217;nde g\u00f6rev yapt\u0131, ders verdi. Bu d\u00f6nemde pek \u00e7ok uluslararas\u0131 psikanaliz konferans\u0131na kat\u0131ld\u0131. Nazizmin y\u00fckseli\u015fiyle beraber, 1932&#8217;de ABD&#8217;ye ta\u015f\u0131nd\u0131, iki y\u0131l Chicago Psikanaliz Enstit\u00fcs\u00fc&#8217;nde g\u00f6rev yapt\u0131ktan sonra 1934&#8217;ten 1941&#8217;e kadar New York Psikanaliz Enstit\u00fcs\u00fc&#8217;nde \u00e7al\u0131\u015ft\u0131. Amerikan Psikanaliz Enstit\u00fcs\u00fc&#8217;n\u00fcn de kurucular\u0131 aras\u0131ndad\u0131r. 1952&#8217;de \u00f6lene kadar ders vermeye, teori olu\u015fturmaya, analiz yapmaya ve kitap yazmaya devam etmi\u015ftir. \u00c7a\u011f\u0131m\u0131z\u0131n Nevrotik Ki\u015fili\u011fi\u2019nin yan\u0131s\u0131ra \u00f6nemli \u00e7al\u0131\u015fmalar\u0131ndan Nevrozlar ve \u0130nsan Geli\u015fimi: Kendini Ger\u00e7ekle\u015ftirme M\u00fccadelesi (T\u00fcrk\u00e7esi: Emre Erbatur, 2011) ve \u0130\u00e7sel \u00c7at\u0131\u015fmalar\u0131m\u0131z (T\u00fcrk\u00e7esi: Zeynep Ko\u00e7ak, 2012) da yay\u0131nevimiz taraf\u0131ndan yeni \u00e7evirileriyle yay\u0131mlanm\u0131\u015ft\u0131r.<\/p>\n","protected":false},"excerpt":{"rendered":"<p>Psikolojik rahats\u0131zl\u0131klar bizi ebedi bir mahkumiyete mi s\u00fcr\u00fckler? Nevrotik bireyin, rahats\u0131zl\u0131\u011f\u0131n\u0131n fark\u0131na varmas\u0131 ve iyile\u015fmeye y\u00f6nelik ad\u0131mlar atmas\u0131 imkans\u0131z m\u0131d\u0131r? Psikanaliz, nevrozlara genellikle bireyi \u00f6zg\u00fcr iradeden,<span class=\"excerpt-hellip\"> [\u2026]<\/span><\/p>\n","protected":false},"featured_media":0,"template":"","meta":{"_monsterinsights_skip_tracking":false,"_monsterinsights_sitenote_active":false,"_monsterinsights_sitenote_note":"","_monsterinsights_sitenote_category":0},"product_brand":[],"product_cat":[12358,12357],"product_tag":[],"class_list":{"0":"post-701543","1":"product","2":"type-product","3":"status-publish","5":"product_cat-genel-psikoloji","6":"product_cat-psikoloji","7":"pa_cilt-ciltsiz","8":"pa_tur-kitap","9":"pa_yayinevi-sel-yayincilik","10":"pa_yazar-karen-horney","12":"first","13":"instock","14":"sale","15":"shipping-taxable","16":"purchasable","17":"product-type-simple"},"_links":{"self":[{"href":"https:\/\/roveyayinevi.com.tr\/index.php\/wp-json\/wp\/v2\/product\/701543","targetHints":{"allow":["GET"]}}],"collection":[{"href":"https:\/\/roveyayinevi.com.tr\/index.php\/wp-json\/wp\/v2\/product"}],"about":[{"href":"https:\/\/roveyayinevi.com.tr\/index.php\/wp-json\/wp\/v2\/types\/product"}],"wp:attachment":[{"href":"https:\/\/roveyayinevi.com.tr\/index.php\/wp-json\/wp\/v2\/media?parent=701543"}],"wp:term":[{"taxonomy":"product_brand","embeddable":true,"href":"https:\/\/roveyayinevi.com.tr\/index.php\/wp-json\/wp\/v2\/product_brand?post=701543"},{"taxonomy":"product_cat","embeddable":true,"href":"https:\/\/roveyayinevi.com.tr\/index.php\/wp-json\/wp\/v2\/product_cat?post=701543"},{"taxonomy":"product_tag","embeddable":true,"href":"https:\/\/roveyayinevi.com.tr\/index.php\/wp-json\/wp\/v2\/product_tag?post=701543"}],"curies":[{"name":"wp","href":"https:\/\/api.w.org\/{rel}","templated":true}]}}