{"id":701539,"date":"2025-08-27T15:09:58","date_gmt":"2025-08-27T12:09:58","guid":{"rendered":"https:\/\/roveyayinevi.com.tr\/index.php\/urun\/baslat-ready-player-one\/"},"modified":"2026-04-16T02:10:49","modified_gmt":"2026-04-15T23:10:49","slug":"baslat-ready-player-one","status":"publish","type":"product","link":"https:\/\/roveyayinevi.com.tr\/index.php\/urun\/baslat-ready-player-one\/","title":{"rendered":"Ba\u015flat &#8211; Ready Player One"},"content":{"rendered":"<p>Tehlikede olan bir d\u00fcnya var. Ve b\u00fcy\u00fck \u00f6d\u00fcl i\u00e7in bir yar\u0131\u015fma ba\u015fl\u0131yor. Haz\u0131r m\u0131s\u0131n? 2045 y\u0131l\u0131nda d\u00fcnya h\u00e2l\u00e2 \u00e7irkin bir yer. Wade Watts yaln\u0131zca, insanl\u0131\u011f\u0131n b\u00fcy\u00fck k\u0131sm\u0131n\u0131n g\u00fcnlerini ge\u00e7irdi\u011fi ve onlar\u0131 sarmalayan bir sanal d\u00fcnya olan OASIS\u2019e ba\u011fland\u0131\u011f\u0131 zamanlarda ya\u015fad\u0131\u011f\u0131n\u0131 hissediyor. OASIS\u2019in s\u0131ra d\u0131\u015f\u0131 yarat\u0131c\u0131s\u0131 \u00f6ld\u00fc\u011f\u00fcnde, ard\u0131nda, ge\u00e7mi\u015f zamanlar\u0131n pop k\u00fclt\u00fcr\u00fcne duydu\u011fu saplant\u0131l\u0131 ba\u011fl\u0131l\u0131\u011f\u0131 yans\u0131tan bir dizi bulmaca b\u0131rak\u0131yor. Bu bulmacalar\u0131 \u00e7\u00f6zen ilk ki\u015fi OASIS\u2019in ve yarat\u0131c\u0131s\u0131n\u0131n b\u00fcy\u00fck servetinin sahibi olacak. Wade ilk ipucunu \u00e7\u00f6z\u00fcyor. Ve birdenbire etraf\u0131 bu \u00f6d\u00fcl\u00fc kazanmak i\u00e7in kan d\u00f6kmeyi g\u00f6ze alm\u0131\u015f rakiplerle sar\u0131l\u0131yor. Yar\u0131\u015f ba\u015fl\u0131yor. Art\u0131k hayatta kalman\u0131n tek yolu yar\u0131\u015f\u0131 kazanmak. \u201cB\u00fcy\u00fcleyici&#8230; Willy Wonka, Matrix \u2019le bulu\u015fuyor&#8230;\u201d USA TODAY  \u201cYepyeni ve \u00e7ok yarat\u0131c\u0131.\u201d ENTERTAINMENT WEEKLY  \u201cBir geek fantezisi.\u201d AUSTIN AMERICAN-STATESMAN \u201cKeyifli, komik ve m\u00fcthi\u015f e\u011flenceli.\u201d CLEVELAND PLAIN DEALER \u201cBiraz galaksiler aras\u0131 kovalamaca, biraz romantizm ve \u00e7ok\u00e7a cesaret.\u201d CNN <\/p>\n","protected":false},"excerpt":{"rendered":"<p>Tehlikede olan bir d\u00fcnya var. Ve b\u00fcy\u00fck \u00f6d\u00fcl i\u00e7in bir yar\u0131\u015fma ba\u015fl\u0131yor. Haz\u0131r m\u0131s\u0131n? 2045 y\u0131l\u0131nda d\u00fcnya h\u00e2l\u00e2 \u00e7irkin bir yer. Wade Watts yaln\u0131zca, insanl\u0131\u011f\u0131n b\u00fcy\u00fck<span class=\"excerpt-hellip\"> [\u2026]<\/span><\/p>\n","protected":false},"featured_media":0,"template":"","meta":{"_monsterinsights_skip_tracking":false,"_monsterinsights_sitenote_active":false,"_monsterinsights_sitenote_note":"","_monsterinsights_sitenote_category":0},"product_brand":[],"product_cat":[12291,14777],"product_tag":[],"class_list":{"0":"post-701539","1":"product","2":"type-product","3":"status-publish","5":"product_cat-edebiyat","6":"product_cat-fantastik","7":"pa_cilt-ciltsiz","8":"pa_tur-kitap","9":"pa_yayinevi-dex-yayinevi","10":"pa_yazar-ernest-cline","12":"first","13":"instock","14":"sale","15":"shipping-taxable","16":"purchasable","17":"product-type-simple"},"_links":{"self":[{"href":"https:\/\/roveyayinevi.com.tr\/index.php\/wp-json\/wp\/v2\/product\/701539","targetHints":{"allow":["GET"]}}],"collection":[{"href":"https:\/\/roveyayinevi.com.tr\/index.php\/wp-json\/wp\/v2\/product"}],"about":[{"href":"https:\/\/roveyayinevi.com.tr\/index.php\/wp-json\/wp\/v2\/types\/product"}],"wp:attachment":[{"href":"https:\/\/roveyayinevi.com.tr\/index.php\/wp-json\/wp\/v2\/media?parent=701539"}],"wp:term":[{"taxonomy":"product_brand","embeddable":true,"href":"https:\/\/roveyayinevi.com.tr\/index.php\/wp-json\/wp\/v2\/product_brand?post=701539"},{"taxonomy":"product_cat","embeddable":true,"href":"https:\/\/roveyayinevi.com.tr\/index.php\/wp-json\/wp\/v2\/product_cat?post=701539"},{"taxonomy":"product_tag","embeddable":true,"href":"https:\/\/roveyayinevi.com.tr\/index.php\/wp-json\/wp\/v2\/product_tag?post=701539"}],"curies":[{"name":"wp","href":"https:\/\/api.w.org\/{rel}","templated":true}]}}