{"id":701538,"date":"2025-08-27T15:09:57","date_gmt":"2025-08-27T12:09:57","guid":{"rendered":"https:\/\/roveyayinevi.com.tr\/index.php\/urun\/karalar-ve-denizler\/"},"modified":"2026-04-16T02:10:49","modified_gmt":"2026-04-15T23:10:49","slug":"karalar-ve-denizler","status":"publish","type":"product","link":"https:\/\/roveyayinevi.com.tr\/index.php\/urun\/karalar-ve-denizler\/","title":{"rendered":"Karalar ve Denizler"},"content":{"rendered":"<p>Haydi denizin en dibine dalal\u0131m, nas\u0131l olu\u015ftu\u011funu ke\u015ffedelim, ta\u015f ve toprak neymi\u015f onu g\u00f6relim, k\u0131talar ve adalar, denizler, \u0131rmaklar ve g\u00f6ller, buzullar, da\u011flar, ma\u011faralar, \u00e7\u00f6ller, sahilleri inceleyelim. Nas\u0131l ve ni\u00e7in do\u011fduklar\u0131n\u0131 izleyelim, y\u0131llar boyunca nas\u0131l \u015fekillendiklerine, birbirlerini nas\u0131l \u015fekillendirdiklerine bakal\u0131m. \ufffcTan\u0131t\u0131m Metni<\/p>\n","protected":false},"excerpt":{"rendered":"<p>Haydi denizin en dibine dalal\u0131m, nas\u0131l olu\u015ftu\u011funu ke\u015ffedelim, ta\u015f ve toprak neymi\u015f onu g\u00f6relim, k\u0131talar ve adalar, denizler, \u0131rmaklar ve g\u00f6ller, buzullar, da\u011flar, ma\u011faralar, \u00e7\u00f6ller, sahilleri<span class=\"excerpt-hellip\"> [\u2026]<\/span><\/p>\n","protected":false},"featured_media":0,"template":"","meta":{"_monsterinsights_skip_tracking":false,"_monsterinsights_sitenote_active":false,"_monsterinsights_sitenote_note":"","_monsterinsights_sitenote_category":0},"product_brand":[],"product_cat":[12492,12274],"product_tag":[],"class_list":{"0":"post-701538","1":"product","2":"type-product","3":"status-publish","5":"product_cat-bilmece-bulmaca","6":"product_cat-cocuk-ve-genclik-kitaplari","7":"pa_cilt-ciltsiz","8":"pa_tur-kitap","9":"pa_yayinevi-dinozor-cocuk","10":"pa_yazar-anna-hatzimanoli","12":"first","13":"instock","14":"sale","15":"shipping-taxable","16":"purchasable","17":"product-type-simple"},"_links":{"self":[{"href":"https:\/\/roveyayinevi.com.tr\/index.php\/wp-json\/wp\/v2\/product\/701538","targetHints":{"allow":["GET"]}}],"collection":[{"href":"https:\/\/roveyayinevi.com.tr\/index.php\/wp-json\/wp\/v2\/product"}],"about":[{"href":"https:\/\/roveyayinevi.com.tr\/index.php\/wp-json\/wp\/v2\/types\/product"}],"wp:attachment":[{"href":"https:\/\/roveyayinevi.com.tr\/index.php\/wp-json\/wp\/v2\/media?parent=701538"}],"wp:term":[{"taxonomy":"product_brand","embeddable":true,"href":"https:\/\/roveyayinevi.com.tr\/index.php\/wp-json\/wp\/v2\/product_brand?post=701538"},{"taxonomy":"product_cat","embeddable":true,"href":"https:\/\/roveyayinevi.com.tr\/index.php\/wp-json\/wp\/v2\/product_cat?post=701538"},{"taxonomy":"product_tag","embeddable":true,"href":"https:\/\/roveyayinevi.com.tr\/index.php\/wp-json\/wp\/v2\/product_tag?post=701538"}],"curies":[{"name":"wp","href":"https:\/\/api.w.org\/{rel}","templated":true}]}}