{"id":701535,"date":"2025-08-27T15:09:56","date_gmt":"2025-08-27T12:09:56","guid":{"rendered":"https:\/\/roveyayinevi.com.tr\/index.php\/urun\/kahraman-cino\/"},"modified":"2026-04-16T02:10:49","modified_gmt":"2026-04-15T23:10:49","slug":"kahraman-cino","status":"publish","type":"product","link":"https:\/\/roveyayinevi.com.tr\/index.php\/urun\/kahraman-cino\/","title":{"rendered":"Kahraman \u00c7ino"},"content":{"rendered":"<p>Yan yana durabilmenin ve birbirine ba\u011fl\u0131l\u0131\u011f\u0131n heyecanl\u0131 \u00f6yk\u00fcs\u00fcne haz\u0131r olun. An\u0131l yaz tatili i\u00e7in dedesinin yan\u0131na Tekirda\u011f\u2019a gider ve harika bir s\u00fcrprizle kar\u015f\u0131la\u015f\u0131r. Bir s\u00fcre \u00f6nce ayr\u0131lmak zorunda kald\u0131\u011f\u0131 k\u00f6pe\u011fi \u00c7ino, orada An\u0131l\u2019\u0131 beklemektedir. An\u0131l ve arkada\u015flar\u0131n\u0131n \u00e7\u0131kacaklar\u0131 ser\u00fcvenin kahraman\u0131 ise ku\u015fkusuz \u00c7ino olacakt\u0131r. Nilg\u00fcn Ilgaz Kahraman \u00c7ino\u2019da kavu\u015fmay\u0131, mutlulu\u011fu ve b\u00fcy\u00fck bir keyfe d\u00f6n\u00fc\u015fen yaz tatilini anlat\u0131yor. <\/p>\n","protected":false},"excerpt":{"rendered":"<p>Yan yana durabilmenin ve birbirine ba\u011fl\u0131l\u0131\u011f\u0131n heyecanl\u0131 \u00f6yk\u00fcs\u00fcne haz\u0131r olun. An\u0131l yaz tatili i\u00e7in dedesinin yan\u0131na Tekirda\u011f\u2019a gider ve harika bir s\u00fcrprizle kar\u015f\u0131la\u015f\u0131r. Bir s\u00fcre \u00f6nce<span class=\"excerpt-hellip\"> [\u2026]<\/span><\/p>\n","protected":false},"featured_media":0,"template":"","meta":{"_monsterinsights_skip_tracking":false,"_monsterinsights_sitenote_active":false,"_monsterinsights_sitenote_note":"","_monsterinsights_sitenote_category":0},"product_brand":[],"product_cat":[12275,12274],"product_tag":[],"class_list":{"0":"post-701535","1":"product","2":"type-product","3":"status-publish","5":"product_cat-6-12-yas-kitaplari","6":"product_cat-cocuk-ve-genclik-kitaplari","7":"pa_cilt-ciltsiz","8":"pa_tur-kitap","9":"pa_yayinevi-cinar-yayinlari","10":"pa_yazar-nilgun-ilgaz","12":"first","13":"instock","14":"sale","15":"shipping-taxable","16":"purchasable","17":"product-type-simple"},"_links":{"self":[{"href":"https:\/\/roveyayinevi.com.tr\/index.php\/wp-json\/wp\/v2\/product\/701535","targetHints":{"allow":["GET"]}}],"collection":[{"href":"https:\/\/roveyayinevi.com.tr\/index.php\/wp-json\/wp\/v2\/product"}],"about":[{"href":"https:\/\/roveyayinevi.com.tr\/index.php\/wp-json\/wp\/v2\/types\/product"}],"wp:attachment":[{"href":"https:\/\/roveyayinevi.com.tr\/index.php\/wp-json\/wp\/v2\/media?parent=701535"}],"wp:term":[{"taxonomy":"product_brand","embeddable":true,"href":"https:\/\/roveyayinevi.com.tr\/index.php\/wp-json\/wp\/v2\/product_brand?post=701535"},{"taxonomy":"product_cat","embeddable":true,"href":"https:\/\/roveyayinevi.com.tr\/index.php\/wp-json\/wp\/v2\/product_cat?post=701535"},{"taxonomy":"product_tag","embeddable":true,"href":"https:\/\/roveyayinevi.com.tr\/index.php\/wp-json\/wp\/v2\/product_tag?post=701535"}],"curies":[{"name":"wp","href":"https:\/\/api.w.org\/{rel}","templated":true}]}}