{"id":701529,"date":"2025-08-27T15:09:54","date_gmt":"2025-08-27T12:09:54","guid":{"rendered":"https:\/\/roveyayinevi.com.tr\/index.php\/urun\/huzur-defteri-i\/"},"modified":"2026-04-16T02:10:49","modified_gmt":"2026-04-15T23:10:49","slug":"huzur-defteri-i","status":"publish","type":"product","link":"https:\/\/roveyayinevi.com.tr\/index.php\/urun\/huzur-defteri-i\/","title":{"rendered":"Huzur Defteri -I"},"content":{"rendered":"<p>\u0130stanbul\u2019da bulunan Karag\u00fcmr\u00fck Cerrahi \u00c2sitanesi, Osmanl\u0131\u2019n\u0131n son zamanlar\u0131nda, bir\u00e7ok \u00f6nemli z\u00e2t\u0131n hayat\u0131n\u0131 de\u011fi\u015ftiren olaylara tan\u0131kl\u0131k etmi\u015ftir. Ama bu tan\u0131kl\u0131klar genelde s\u00f6zl\u00fc k\u00fclt\u00fcr i\u00e7inde kalm\u0131\u015f, dilden dile nakledilmi\u015f ve \u00e7o\u011funlukla s\u0131radan okura kapal\u0131 kalm\u0131\u015ft\u0131r. M. Fatih \u00c7\u0131tlak, Huzur Defteri\u2019nde, bizi bu derg\u00e2h ve \u00e7evresinde ya\u015fananlara g\u00f6t\u00fcr\u00fcyor, Safer Efendi\u2019nin huzurunda tuttu\u011fu notlar\u0131 ve dinledi\u011fi sohbetleri bizimle payla\u015f\u0131yor. Huzur Defteri\u2019ne irfan\u00ee g\u00fczelliklerimizin kaynaklar\u0131 ve abide \u015fahsiyetlerin hat\u0131ralar\u0131 e\u015flik ediyor. Hz. P\u00eer N\u00fbredd\u00een-i Cerr\u00e2h\u00ee ve halifeleri; \u015eeyh Fahredd\u00een Efendi, Celal \u00d6kten Hocaefendi, G\u00f6nenli Mehmed Efendi, \u0130skilipli At\u0131f Efendi, Neyzen Tevfik, H\u00fcseyin S\u00eeret, d\u00f6nemin padi\u015fahlar\u0131 ve me\u015fhur bir\u00e7ok z\u00e2t&#8230; Kitap, huzur yolunda ilerlemek isteyen okura, bu yolun hem g\u00fczelliklerini hem de talep etti\u011fi bedelleri hat\u0131rlat\u0131yor. G\u00fczel ahlak nas\u0131ld\u0131r, vefa nedir, nefs nas\u0131l ar\u0131n\u0131r, kalp nas\u0131l ayd\u0131nlan\u0131r&#8230; T\u00fcm bunlar\u0131 bu \u00e7ok \u00f6nemli \u00fcstatlar\u0131n hayatlar\u0131ndan s\u00fczerek huzurumuza ta\u015f\u0131yor. Kitapta bulunan hat\u0131ralar\u0131 okuduk\u00e7a, medeniyetimizin bir\u00e7ok unsuru, Osmanl\u0131 mahalle hayat\u0131, Osmanl\u0131 insan\u0131, tekkelerin toplum i\u00e7indeki fonksiyonlar\u0131 gibi bir\u00e7ok \u00f6nemli konuda yepyeni bilgiler ediniyoruz. \u015eeyh olarak nitelendirdi\u011fimiz bir ki\u015fi nas\u0131l yeti\u015fiyormu\u015f, nas\u0131l e\u011fitiliyor ve aile hayat\u0131n\u0131 nas\u0131l kuruyormu\u015f, \u00e7ocukluk d\u00f6neminden yeti\u015fkinli\u011fe kadar uzanan hayat safhalar\u0131n\u0131 nas\u0131l ya\u015f\u0131yormu\u015f, r\u00fcya tabirinin derinliklerinden g\u00fcncel hadiselere bak\u0131\u015f nas\u0131l \u015fekilleniyormu\u015f&#8230; Cumhuriyetin ilk zamanlar\u0131nda tekkelerin kapat\u0131lmas\u0131 beraberinde neler getirmi\u015f, toplumda ve tekke hayat\u0131nda ne gibi de\u011fi\u015fikliklere yol a\u00e7m\u0131\u015f, bug\u00fcn bize inan\u0131lmaz gibi gelen fakat ya\u015fanm\u0131\u015f bu zorluklar nas\u0131l a\u015f\u0131lm\u0131\u015f&#8230; \u0130\u015fte bunlar\u0131n hepsini bu kitapta bulmak m\u00fcmk\u00fcn. Huzur Defteri sadece tasavvuf okurunun ilgisini \u00e7ekecek bir kitap de\u011fil, ayn\u0131 zamanda yak\u0131n tarih merakl\u0131lar\u0131n\u0131n, k\u00fclt\u00fcr tarihine ilgi duyanlar\u0131n da ilgisini \u00e7ekecek bilgilerle dolu. \ufffcTan\u0131t\u0131m Metni<\/p>\n","protected":false},"excerpt":{"rendered":"<p>\u0130stanbul\u2019da bulunan Karag\u00fcmr\u00fck Cerrahi \u00c2sitanesi, Osmanl\u0131\u2019n\u0131n son zamanlar\u0131nda, bir\u00e7ok \u00f6nemli z\u00e2t\u0131n hayat\u0131n\u0131 de\u011fi\u015ftiren olaylara tan\u0131kl\u0131k etmi\u015ftir. Ama bu tan\u0131kl\u0131klar genelde s\u00f6zl\u00fc k\u00fclt\u00fcr i\u00e7inde kalm\u0131\u015f, dilden dile<span class=\"excerpt-hellip\"> [\u2026]<\/span><\/p>\n","protected":false},"featured_media":0,"template":"","meta":{"_monsterinsights_skip_tracking":false,"_monsterinsights_sitenote_active":false,"_monsterinsights_sitenote_note":"","_monsterinsights_sitenote_category":0},"product_brand":[],"product_cat":[12718,18102,12719],"product_tag":[],"class_list":{"0":"post-701529","1":"product","2":"type-product","3":"status-publish","5":"product_cat-din","6":"product_cat-edebiyat-roman","7":"product_cat-islam","8":"pa_cilt-ciltsiz","9":"pa_tur-kitap","10":"pa_yayinevi-sufi-kitap","11":"pa_yazar-m-fatih-citlak","13":"first","14":"instock","15":"sale","16":"shipping-taxable","17":"purchasable","18":"product-type-simple"},"_links":{"self":[{"href":"https:\/\/roveyayinevi.com.tr\/index.php\/wp-json\/wp\/v2\/product\/701529","targetHints":{"allow":["GET"]}}],"collection":[{"href":"https:\/\/roveyayinevi.com.tr\/index.php\/wp-json\/wp\/v2\/product"}],"about":[{"href":"https:\/\/roveyayinevi.com.tr\/index.php\/wp-json\/wp\/v2\/types\/product"}],"wp:attachment":[{"href":"https:\/\/roveyayinevi.com.tr\/index.php\/wp-json\/wp\/v2\/media?parent=701529"}],"wp:term":[{"taxonomy":"product_brand","embeddable":true,"href":"https:\/\/roveyayinevi.com.tr\/index.php\/wp-json\/wp\/v2\/product_brand?post=701529"},{"taxonomy":"product_cat","embeddable":true,"href":"https:\/\/roveyayinevi.com.tr\/index.php\/wp-json\/wp\/v2\/product_cat?post=701529"},{"taxonomy":"product_tag","embeddable":true,"href":"https:\/\/roveyayinevi.com.tr\/index.php\/wp-json\/wp\/v2\/product_tag?post=701529"}],"curies":[{"name":"wp","href":"https:\/\/api.w.org\/{rel}","templated":true}]}}