{"id":701515,"date":"2025-08-27T15:09:50","date_gmt":"2025-08-27T12:09:50","guid":{"rendered":"https:\/\/roveyayinevi.com.tr\/index.php\/urun\/fasl-i-ask\/"},"modified":"2026-04-16T02:10:48","modified_gmt":"2026-04-15T23:10:48","slug":"fasl-i-ask","status":"publish","type":"product","link":"https:\/\/roveyayinevi.com.tr\/index.php\/urun\/fasl-i-ask\/","title":{"rendered":"Fasl-\u0131 A\u015fk"},"content":{"rendered":"<p>Bu kitap, \u015fairin y\u00fcre\u011finde b\u00fcy\u00fctt\u00fc\u011f\u00fc \u00e7i\u00e7eklerin bir araya getirildi\u011fi bir bah\u00e7edir. Kadim Dolunay, yeti\u015ftirdi\u011fi \u00e7i\u00e7eklere tebess\u00fcmle bakan bir bah\u00e7\u0131van&#8230; \ufffcTan\u0131t\u0131m Metni<\/p>\n","protected":false},"excerpt":{"rendered":"<p>Bu kitap, \u015fairin y\u00fcre\u011finde b\u00fcy\u00fctt\u00fc\u011f\u00fc \u00e7i\u00e7eklerin bir araya getirildi\u011fi bir bah\u00e7edir. Kadim Dolunay, yeti\u015ftirdi\u011fi \u00e7i\u00e7eklere tebess\u00fcmle bakan bir bah\u00e7\u0131van&#8230; \ufffcTan\u0131t\u0131m Metni<\/p>\n","protected":false},"featured_media":0,"template":"","meta":{"_monsterinsights_skip_tracking":false,"_monsterinsights_sitenote_active":false,"_monsterinsights_sitenote_note":"","_monsterinsights_sitenote_category":0},"product_brand":[],"product_cat":[12291,12509],"product_tag":[],"class_list":{"0":"post-701515","1":"product","2":"type-product","3":"status-publish","5":"product_cat-edebiyat","6":"product_cat-siir","7":"pa_tur-kitap","8":"pa_yayinevi-cinaralti-yayinlari","9":"pa_yazar-kadim-dolunay","11":"first","12":"instock","13":"sale","14":"shipping-taxable","15":"purchasable","16":"product-type-simple"},"_links":{"self":[{"href":"https:\/\/roveyayinevi.com.tr\/index.php\/wp-json\/wp\/v2\/product\/701515","targetHints":{"allow":["GET"]}}],"collection":[{"href":"https:\/\/roveyayinevi.com.tr\/index.php\/wp-json\/wp\/v2\/product"}],"about":[{"href":"https:\/\/roveyayinevi.com.tr\/index.php\/wp-json\/wp\/v2\/types\/product"}],"wp:attachment":[{"href":"https:\/\/roveyayinevi.com.tr\/index.php\/wp-json\/wp\/v2\/media?parent=701515"}],"wp:term":[{"taxonomy":"product_brand","embeddable":true,"href":"https:\/\/roveyayinevi.com.tr\/index.php\/wp-json\/wp\/v2\/product_brand?post=701515"},{"taxonomy":"product_cat","embeddable":true,"href":"https:\/\/roveyayinevi.com.tr\/index.php\/wp-json\/wp\/v2\/product_cat?post=701515"},{"taxonomy":"product_tag","embeddable":true,"href":"https:\/\/roveyayinevi.com.tr\/index.php\/wp-json\/wp\/v2\/product_tag?post=701515"}],"curies":[{"name":"wp","href":"https:\/\/api.w.org\/{rel}","templated":true}]}}