{"id":701514,"date":"2025-08-27T15:09:49","date_gmt":"2025-08-27T12:09:49","guid":{"rendered":"https:\/\/roveyayinevi.com.tr\/index.php\/urun\/keskelere-takilmayin\/"},"modified":"2026-04-12T02:12:41","modified_gmt":"2026-04-11T23:12:41","slug":"keskelere-takilmayin","status":"publish","type":"product","link":"https:\/\/roveyayinevi.com.tr\/index.php\/urun\/keskelere-takilmayin\/","title":{"rendered":"Ke\u015fke\u2019lere Tak\u0131lmay\u0131n"},"content":{"rendered":"<p>Ke\u015fke; ma\u011flubiyetin tak\u0131s\u0131, pi\u015fmanl\u0131klar\u0131n ifadesi&#8230;Ke\u015fke; ka\u00e7\u0131r\u0131lm\u0131\u015f f\u0131rsatlar\u0131n, bast\u0131r\u0131lm\u0131\u015f duygular\u0131n hazin \u00f6yk\u00fcs\u00fc&#8230;Ke\u015fke; harcanm\u0131\u015f hayatlar\u0131n, bo\u015fa ge\u00e7mi\u015f ya da hakk\u0131yla ya\u015fanamam\u0131\u015f y\u0131llar\u0131n gecikmi\u015f itiraf\u0131&#8230;Ke\u015fke; \u00e7arp\u0131l\u0131p \u00e7\u0131k\u0131lm\u0131\u015f bir kap\u0131n\u0131n, yaz\u0131l\u0131p yollanmam\u0131\u015f bir mektubun pi\u015fmanl\u0131\u011f\u0131&#8230;Ke\u015fke; g\u00f6z yumulmu\u015f bir haks\u0131zl\u0131\u011f\u0131n, vakit varken \u00f6p\u00fclmemi\u015f bir elin, dilin ucuna gelip de s\u00f6ylenmemi\u015f bir s\u00f6z\u00fcn nedameti&#8230; Ke\u015fke; yolunu g\u00f6zlemeseydim, \u00f6yle demeseydim, terk edip gitmeseydim, en g\u00fczel y\u0131llar\u0131m\u0131 vermeseydim, \u015fimdiki akl\u0131m olsayd\u0131, d\u00f6v\u00fcnmesi&#8230;\u201cKe\u015fke!\u201d demekle yapt\u0131\u011f\u0131m\u0131z hatalar d\u00fczelir mi?Solan umutlar\u0131m\u0131z, tekrar ye\u015ferir mi?Ge\u00e7mi\u015fe d\u00f6n\u00fck \u201cke\u015fke\u201dlerle ya\u015famaktansa, gelece\u011fe d\u00f6n\u00fck \u201cbelki\u201dlerle ya\u015famaya ne dersiniz?\u201cKE\u015eKE\u201dLERE TAKILMAYIN!\u00c7\u00dcNK\u00dc HAYATIN R\u00d6VAN\u015eI YOK!<\/p>\n","protected":false},"excerpt":{"rendered":"<p>Ke\u015fke; ma\u011flubiyetin tak\u0131s\u0131, pi\u015fmanl\u0131klar\u0131n ifadesi&#8230;Ke\u015fke; ka\u00e7\u0131r\u0131lm\u0131\u015f f\u0131rsatlar\u0131n, bast\u0131r\u0131lm\u0131\u015f duygular\u0131n hazin \u00f6yk\u00fcs\u00fc&#8230;Ke\u015fke; harcanm\u0131\u015f hayatlar\u0131n, bo\u015fa ge\u00e7mi\u015f ya da hakk\u0131yla ya\u015fanamam\u0131\u015f y\u0131llar\u0131n gecikmi\u015f itiraf\u0131&#8230;Ke\u015fke; \u00e7arp\u0131l\u0131p \u00e7\u0131k\u0131lm\u0131\u015f bir kap\u0131n\u0131n,<span class=\"excerpt-hellip\"> [\u2026]<\/span><\/p>\n","protected":false},"featured_media":0,"template":"","meta":{"_monsterinsights_skip_tracking":false,"_monsterinsights_sitenote_active":false,"_monsterinsights_sitenote_note":"","_monsterinsights_sitenote_category":0},"product_brand":[],"product_cat":[12364,12376],"product_tag":[],"class_list":{"0":"post-701514","1":"product","2":"type-product","3":"status-publish","5":"product_cat-genel-konular","6":"product_cat-kisisel-gelisim","7":"pa_cilt-ciltsiz","8":"pa_tur-kitap","9":"pa_yayinevi-cinaralti-yayinlari","10":"pa_yazar-mustafa-sahin","12":"first","13":"instock","14":"sale","15":"shipping-taxable","16":"purchasable","17":"product-type-simple"},"_links":{"self":[{"href":"https:\/\/roveyayinevi.com.tr\/index.php\/wp-json\/wp\/v2\/product\/701514","targetHints":{"allow":["GET"]}}],"collection":[{"href":"https:\/\/roveyayinevi.com.tr\/index.php\/wp-json\/wp\/v2\/product"}],"about":[{"href":"https:\/\/roveyayinevi.com.tr\/index.php\/wp-json\/wp\/v2\/types\/product"}],"wp:attachment":[{"href":"https:\/\/roveyayinevi.com.tr\/index.php\/wp-json\/wp\/v2\/media?parent=701514"}],"wp:term":[{"taxonomy":"product_brand","embeddable":true,"href":"https:\/\/roveyayinevi.com.tr\/index.php\/wp-json\/wp\/v2\/product_brand?post=701514"},{"taxonomy":"product_cat","embeddable":true,"href":"https:\/\/roveyayinevi.com.tr\/index.php\/wp-json\/wp\/v2\/product_cat?post=701514"},{"taxonomy":"product_tag","embeddable":true,"href":"https:\/\/roveyayinevi.com.tr\/index.php\/wp-json\/wp\/v2\/product_tag?post=701514"}],"curies":[{"name":"wp","href":"https:\/\/api.w.org\/{rel}","templated":true}]}}