{"id":701513,"date":"2025-08-27T15:09:49","date_gmt":"2025-08-27T12:09:49","guid":{"rendered":"https:\/\/roveyayinevi.com.tr\/index.php\/urun\/buyudukce\/"},"modified":"2026-04-16T02:10:48","modified_gmt":"2026-04-15T23:10:48","slug":"buyudukce","status":"publish","type":"product","link":"https:\/\/roveyayinevi.com.tr\/index.php\/urun\/buyudukce\/","title":{"rendered":"B\u00fcy\u00fcd\u00fck\u00e7e"},"content":{"rendered":"<p>De\u011ferli Anne-Babalar ve E\u011fitimciler! Elinizdeki kitap, sizlerin \u00e7ocuklar\u0131n\u0131z\u0131 ya da \u00f6\u011frencilerinizi daha yak\u0131ndan ke\u015ffetmenize yard\u0131mc\u0131 olacak. Aysberg misali \u015fuuralt\u0131nda gizli kalan s\u0131rlar\u0131 g\u00fcn y\u00fcz\u00fcne \u00e7\u0131karacak. Bu kitapta; Ne oldu bu \u00e7ocu\u011fa? sorusunun cevaplar\u0131n\u0131 bulacaks\u0131n\u0131z. Bu sayede sevgi, ilgi, korku, endi\u015fe, nefret, merak ve kayg\u0131lar\u0131n\u0131 bir ba\u015fkas\u0131ndan de\u011fil, bizzat \u00e7ocu\u011funuzdan dinleme imk\u00e2n\u0131 bulacaks\u0131n\u0131z. \u00c7ocu\u011funuzun sinyal veren davran\u0131\u015flar\u0131n\u0131n kodlar\u0131n\u0131 k\u0131rarak, \u015fifrelerini \u00e7\u00f6zeceksiniz. Bu kitab\u0131 okumakla \u00e7ok boyutlu insan\u0131, \u00fc\u00e7 y\u00fcz altm\u0131\u015f derece tan\u0131ma f\u0131rsat\u0131n\u0131z olacak. \u0130nsan \u00f6mr\u00fcnde \u00e7eyrek asr\u0131n hik\u00e2yesine \u015fahit olacaks\u0131n\u0131z. \ufffcTan\u0131t\u0131m Metni<\/p>\n","protected":false},"excerpt":{"rendered":"<p>De\u011ferli Anne-Babalar ve E\u011fitimciler! Elinizdeki kitap, sizlerin \u00e7ocuklar\u0131n\u0131z\u0131 ya da \u00f6\u011frencilerinizi daha yak\u0131ndan ke\u015ffetmenize yard\u0131mc\u0131 olacak. Aysberg misali \u015fuuralt\u0131nda gizli kalan s\u0131rlar\u0131 g\u00fcn y\u00fcz\u00fcne \u00e7\u0131karacak. Bu<span class=\"excerpt-hellip\"> [\u2026]<\/span><\/p>\n","protected":false},"featured_media":0,"template":"","meta":{"_monsterinsights_skip_tracking":false,"_monsterinsights_sitenote_active":false,"_monsterinsights_sitenote_note":"","_monsterinsights_sitenote_category":0},"product_brand":[],"product_cat":[12831,12324],"product_tag":[],"class_list":{"0":"post-701513","1":"product","2":"type-product","3":"status-publish","5":"product_cat-aile-ve-cocuk","6":"product_cat-sosyoloji","7":"pa_tur-kitap","8":"pa_yayinevi-cinaralti-yayinlari","9":"pa_yazar-ahmet-kocacan","11":"first","12":"instock","13":"sale","14":"shipping-taxable","15":"purchasable","16":"product-type-simple"},"_links":{"self":[{"href":"https:\/\/roveyayinevi.com.tr\/index.php\/wp-json\/wp\/v2\/product\/701513","targetHints":{"allow":["GET"]}}],"collection":[{"href":"https:\/\/roveyayinevi.com.tr\/index.php\/wp-json\/wp\/v2\/product"}],"about":[{"href":"https:\/\/roveyayinevi.com.tr\/index.php\/wp-json\/wp\/v2\/types\/product"}],"wp:attachment":[{"href":"https:\/\/roveyayinevi.com.tr\/index.php\/wp-json\/wp\/v2\/media?parent=701513"}],"wp:term":[{"taxonomy":"product_brand","embeddable":true,"href":"https:\/\/roveyayinevi.com.tr\/index.php\/wp-json\/wp\/v2\/product_brand?post=701513"},{"taxonomy":"product_cat","embeddable":true,"href":"https:\/\/roveyayinevi.com.tr\/index.php\/wp-json\/wp\/v2\/product_cat?post=701513"},{"taxonomy":"product_tag","embeddable":true,"href":"https:\/\/roveyayinevi.com.tr\/index.php\/wp-json\/wp\/v2\/product_tag?post=701513"}],"curies":[{"name":"wp","href":"https:\/\/api.w.org\/{rel}","templated":true}]}}