{"id":701509,"date":"2025-08-27T15:09:48","date_gmt":"2025-08-27T12:09:48","guid":{"rendered":"https:\/\/roveyayinevi.com.tr\/index.php\/urun\/seks-terapi\/"},"modified":"2026-01-29T02:19:42","modified_gmt":"2026-01-28T23:19:42","slug":"seks-terapi","status":"publish","type":"product","link":"https:\/\/roveyayinevi.com.tr\/index.php\/urun\/seks-terapi\/","title":{"rendered":"Seks Terapi"},"content":{"rendered":"<p>Cinsellik, Cinsel Sorunlar ve Tedavileri Joseph ve Leslie LoPiccolo edit\u00f6rl\u00fc\u011f\u00fcnde haz\u0131rlanan bu kitap cinsel terapi literat\u00fcr\u00fcndeki bir\u00e7ok ara\u015ft\u0131rmay\u0131 i\u00e7ermektedir. Bu eseri bizler i\u00e7in de\u011ferli k\u0131lan di\u011fer bir \u015fey de ge\u00e7en y\u0131llarda hazin bir \u015fekilde aram\u0131zdan ayr\u0131lan de\u011ferli bilim adam\u0131 \u0130smet Karacan\u2019\u0131n \u2018Erkekte Erektil Bozuklu\u011fun Psikofizyolojik De\u011ferlendirmesinde \u0130lerlemeler\u2019 adl\u0131 makalesidir. -Do\u00e7. Dr. Cebrail K\u0131sa-Psikiyatr ve Psikoterapist \u00dclkemizde son zamanlarda ruh sa\u011fl\u0131\u011f\u0131 profesyonellerinin ve hastalar\u0131n cinsellik alan\u0131nda yararlanabilecekleri kaynak kitaplar\u0131n yay\u0131nlanmas\u0131nda bir art\u0131\u015f g\u00f6zlenmektedir. Bu kitab\u0131 di\u011ferlerinden farkl\u0131 k\u0131lan ise bu alanda yaz\u0131lm\u0131\u015f en temel eser olmas\u0131d\u0131r. Ak\u0131c\u0131 ve anla\u015f\u0131l\u0131r bi\u00e7imde ele al\u0131nm\u0131\u015f bu eserin, cinsel terapistler i\u00e7in bir ba\u015fucu kitab\u0131 olmas\u0131 dile\u011fiyle. Dr. A. Cem Ke\u00e7e-Psikoterapist <\/p>\n","protected":false},"excerpt":{"rendered":"<p>Cinsellik, Cinsel Sorunlar ve Tedavileri Joseph ve Leslie LoPiccolo edit\u00f6rl\u00fc\u011f\u00fcnde haz\u0131rlanan bu kitap cinsel terapi literat\u00fcr\u00fcndeki bir\u00e7ok ara\u015ft\u0131rmay\u0131 i\u00e7ermektedir. Bu eseri bizler i\u00e7in de\u011ferli k\u0131lan di\u011fer<span class=\"excerpt-hellip\"> [\u2026]<\/span><\/p>\n","protected":false},"featured_media":0,"template":"","meta":{"_monsterinsights_skip_tracking":false,"_monsterinsights_sitenote_active":false,"_monsterinsights_sitenote_note":"","_monsterinsights_sitenote_category":0},"product_brand":[],"product_cat":[17502,13488],"product_tag":[],"class_list":{"0":"post-701509","1":"product","2":"type-product","3":"status-publish","5":"product_cat-cinsellik","6":"product_cat-toplum-ve-insan","7":"pa_cilt-ciltsiz","8":"pa_tur-kitap","9":"pa_yayinevi-ck-yayinevi","10":"pa_yazar-leslie-lopicallo","12":"first","13":"instock","14":"sale","15":"shipping-taxable","16":"purchasable","17":"product-type-simple"},"_links":{"self":[{"href":"https:\/\/roveyayinevi.com.tr\/index.php\/wp-json\/wp\/v2\/product\/701509","targetHints":{"allow":["GET"]}}],"collection":[{"href":"https:\/\/roveyayinevi.com.tr\/index.php\/wp-json\/wp\/v2\/product"}],"about":[{"href":"https:\/\/roveyayinevi.com.tr\/index.php\/wp-json\/wp\/v2\/types\/product"}],"wp:attachment":[{"href":"https:\/\/roveyayinevi.com.tr\/index.php\/wp-json\/wp\/v2\/media?parent=701509"}],"wp:term":[{"taxonomy":"product_brand","embeddable":true,"href":"https:\/\/roveyayinevi.com.tr\/index.php\/wp-json\/wp\/v2\/product_brand?post=701509"},{"taxonomy":"product_cat","embeddable":true,"href":"https:\/\/roveyayinevi.com.tr\/index.php\/wp-json\/wp\/v2\/product_cat?post=701509"},{"taxonomy":"product_tag","embeddable":true,"href":"https:\/\/roveyayinevi.com.tr\/index.php\/wp-json\/wp\/v2\/product_tag?post=701509"}],"curies":[{"name":"wp","href":"https:\/\/api.w.org\/{rel}","templated":true}]}}