{"id":701508,"date":"2025-08-27T15:09:47","date_gmt":"2025-08-27T12:09:47","guid":{"rendered":"https:\/\/roveyayinevi.com.tr\/index.php\/urun\/sehr-i-yar-2\/"},"modified":"2026-04-16T02:10:48","modified_gmt":"2026-04-15T23:10:48","slug":"sehr-i-yar-2","status":"publish","type":"product","link":"https:\/\/roveyayinevi.com.tr\/index.php\/urun\/sehr-i-yar-2\/","title":{"rendered":"\u015eehr-i Yar"},"content":{"rendered":"<p>\u015eehr-\u00ee Y\u00e2r, 18. yy. sonlar\u0131 ve 19. yy. ba\u015flar\u0131nda \u0130ranl\u0131 bir seyyah\u0131n d\u00fcnyan\u0131n g\u00f6zdesi \u0130stanbul\u2019a gelmesiyle ba\u015flar. \u00c7ocukluk y\u0131llar\u0131nda r\u00fcyas\u0131nda g\u00f6rd\u00fc\u011f\u00fc i\u015faret neticesinde, bir \u00e7ift mavi g\u00f6z\u00fcn sahibini bulmak i\u00e7in d\u00fcnyay\u0131 dola\u015fan Cafer\u2019in, herkesin murad\u0131na erdi\u011fi \u015eehr-i \u0130stanbul\u2019da kar\u015f\u0131la\u015ft\u0131\u011f\u0131 olaylar\u0131 ve \u0130stanbul\u2019un tarihi y\u00fcz\u00fcn\u00fc anlatmaktad\u0131r. \ufffcTan\u0131t\u0131m Metni<\/p>\n","protected":false},"excerpt":{"rendered":"<p>\u015eehr-\u00ee Y\u00e2r, 18. yy. sonlar\u0131 ve 19. yy. ba\u015flar\u0131nda \u0130ranl\u0131 bir seyyah\u0131n d\u00fcnyan\u0131n g\u00f6zdesi \u0130stanbul\u2019a gelmesiyle ba\u015flar. \u00c7ocukluk y\u0131llar\u0131nda r\u00fcyas\u0131nda g\u00f6rd\u00fc\u011f\u00fc i\u015faret neticesinde, bir \u00e7ift mavi<span class=\"excerpt-hellip\"> [\u2026]<\/span><\/p>\n","protected":false},"featured_media":0,"template":"","meta":{"_monsterinsights_skip_tracking":false,"_monsterinsights_sitenote_active":false,"_monsterinsights_sitenote_note":"","_monsterinsights_sitenote_category":0},"product_brand":[],"product_cat":[12291,12509],"product_tag":[],"class_list":{"0":"post-701508","1":"product","2":"type-product","3":"status-publish","5":"product_cat-edebiyat","6":"product_cat-siir","7":"pa_tur-kitap","8":"pa_yayinevi-cinaralti-yayinlari","9":"pa_yazar-enes-fatih-imre","11":"first","12":"instock","13":"sale","14":"shipping-taxable","15":"purchasable","16":"product-type-simple"},"_links":{"self":[{"href":"https:\/\/roveyayinevi.com.tr\/index.php\/wp-json\/wp\/v2\/product\/701508","targetHints":{"allow":["GET"]}}],"collection":[{"href":"https:\/\/roveyayinevi.com.tr\/index.php\/wp-json\/wp\/v2\/product"}],"about":[{"href":"https:\/\/roveyayinevi.com.tr\/index.php\/wp-json\/wp\/v2\/types\/product"}],"wp:attachment":[{"href":"https:\/\/roveyayinevi.com.tr\/index.php\/wp-json\/wp\/v2\/media?parent=701508"}],"wp:term":[{"taxonomy":"product_brand","embeddable":true,"href":"https:\/\/roveyayinevi.com.tr\/index.php\/wp-json\/wp\/v2\/product_brand?post=701508"},{"taxonomy":"product_cat","embeddable":true,"href":"https:\/\/roveyayinevi.com.tr\/index.php\/wp-json\/wp\/v2\/product_cat?post=701508"},{"taxonomy":"product_tag","embeddable":true,"href":"https:\/\/roveyayinevi.com.tr\/index.php\/wp-json\/wp\/v2\/product_tag?post=701508"}],"curies":[{"name":"wp","href":"https:\/\/api.w.org\/{rel}","templated":true}]}}