{"id":701504,"date":"2025-08-27T15:09:46","date_gmt":"2025-08-27T12:09:46","guid":{"rendered":"https:\/\/roveyayinevi.com.tr\/index.php\/urun\/ahmet-hamdi-tanpinar-butun-siirleri\/"},"modified":"2025-11-22T03:19:48","modified_gmt":"2025-11-22T00:19:48","slug":"ahmet-hamdi-tanpinar-butun-siirleri","status":"publish","type":"product","link":"https:\/\/roveyayinevi.com.tr\/index.php\/urun\/ahmet-hamdi-tanpinar-butun-siirleri\/","title":{"rendered":"Ahmet Hamdi Tanp\u0131nar &#8211; B\u00fct\u00fcn \u015eiirleri"},"content":{"rendered":"<p>\u00c7ok cepheli bir \u015fahsiyeti ve zengin bir k\u00fclt\u00fcr\u00fc olan Ahmet Hamdi Tanp\u0131nar\u2019\u0131 1901 1962 bug\u00fcn\u00fcn okuyucular\u0131 genellikle romanlar\u0131 hikayeleri denemeleri mektuplar\u0131 ve edebiyat tarihiyle tan\u0131rlar. Halbuki Tanp\u0131nar her \u015feyden \u00f6nce bir \u015fairdir ve b\u00fct\u00fcn hayat\u0131m verdi\u011fi \u015fiir onun \u00f6teki eserlerini de kaplar ve onlara sanatl\u0131 bir par\u0131lt\u0131 hayallerle dolu derin \u00e7a\u011fr\u0131\u015f\u0131mlar kazand\u0131r\u0131r. Tanp\u0131nar mistik olmamakla birlikte ezeli hakikat ve mutlak g\u00fczellik ebediyet ve m\u00fckemmeliyetti aray\u0131\u015f\u0131 ile mistiklere yakla\u015f\u0131r. Ona bir g\u00fczellik misti\u011fi demek hi\u00e7 de yanl\u0131\u015f de\u011fildir. \u015eiirin sosyal amaca y\u00f6neltilmesini b\u00fct\u00fcn\u00fcyle reddeden \u015fair bunlar\u0131 nesirlerine b\u0131rakm\u0131\u015ft\u0131r. Yay\u0131nevimiz Ahmet Hamdi Tanpmar\u2019m B\u00fct\u00fcn Eserleri\u2019ni bir dizi halinde yay\u0131mlarken yazar\u0131n \u015fiirlerini de b\u00fct\u00fcn olarak bir araya getirmi\u015ftir. \ufffcTan\u0131t\u0131m Metni<\/p>\n","protected":false},"excerpt":{"rendered":"<p>\u00c7ok cepheli bir \u015fahsiyeti ve zengin bir k\u00fclt\u00fcr\u00fc olan Ahmet Hamdi Tanp\u0131nar\u2019\u0131 1901 1962 bug\u00fcn\u00fcn okuyucular\u0131 genellikle romanlar\u0131 hikayeleri denemeleri mektuplar\u0131 ve edebiyat tarihiyle tan\u0131rlar. Halbuki<span class=\"excerpt-hellip\"> [\u2026]<\/span><\/p>\n","protected":false},"featured_media":0,"template":"","meta":{"_monsterinsights_skip_tracking":false,"_monsterinsights_sitenote_active":false,"_monsterinsights_sitenote_note":"","_monsterinsights_sitenote_category":0},"product_brand":[],"product_cat":[12291,12292],"product_tag":[],"class_list":{"0":"post-701504","1":"product","2":"type-product","3":"status-publish","5":"product_cat-edebiyat","6":"product_cat-turk-edebiyati","7":"pa_tur-kitap","8":"pa_yayinevi-dergah-yayinlari","9":"pa_yazar-ahmet-hamdi-tanpinar","11":"first","12":"instock","13":"sale","14":"shipping-taxable","15":"purchasable","16":"product-type-simple"},"_links":{"self":[{"href":"https:\/\/roveyayinevi.com.tr\/index.php\/wp-json\/wp\/v2\/product\/701504","targetHints":{"allow":["GET"]}}],"collection":[{"href":"https:\/\/roveyayinevi.com.tr\/index.php\/wp-json\/wp\/v2\/product"}],"about":[{"href":"https:\/\/roveyayinevi.com.tr\/index.php\/wp-json\/wp\/v2\/types\/product"}],"wp:attachment":[{"href":"https:\/\/roveyayinevi.com.tr\/index.php\/wp-json\/wp\/v2\/media?parent=701504"}],"wp:term":[{"taxonomy":"product_brand","embeddable":true,"href":"https:\/\/roveyayinevi.com.tr\/index.php\/wp-json\/wp\/v2\/product_brand?post=701504"},{"taxonomy":"product_cat","embeddable":true,"href":"https:\/\/roveyayinevi.com.tr\/index.php\/wp-json\/wp\/v2\/product_cat?post=701504"},{"taxonomy":"product_tag","embeddable":true,"href":"https:\/\/roveyayinevi.com.tr\/index.php\/wp-json\/wp\/v2\/product_tag?post=701504"}],"curies":[{"name":"wp","href":"https:\/\/api.w.org\/{rel}","templated":true}]}}