{"id":701502,"date":"2025-08-27T15:09:45","date_gmt":"2025-08-27T12:09:45","guid":{"rendered":"https:\/\/roveyayinevi.com.tr\/index.php\/urun\/ilkogretim-ogrencileri-icin-nutuk\/"},"modified":"2026-04-16T02:10:48","modified_gmt":"2026-04-15T23:10:48","slug":"ilkogretim-ogrencileri-icin-nutuk","status":"publish","type":"product","link":"https:\/\/roveyayinevi.com.tr\/index.php\/urun\/ilkogretim-ogrencileri-icin-nutuk\/","title":{"rendered":"\u0130lk\u00f6\u011fretim \u00d6\u011frencileri \u0130\u00e7in Nutuk"},"content":{"rendered":"<p>Yeti\u015fecek \u00e7ocuklar\u0131m\u0131z\u0131n ve gen\u00e7lerimizin g\u00f6recekleri e\u011fitimin s\u0131n\u0131r\u0131 ne olursa olsun ilk \u00f6nce ve her\u015feyden \u00f6nce T\u00fcrkiye&#8217;nin ba\u011f\u0131ms\u0131zl\u0131\u011f\u0131na, kendi ulusal geleneklerine d\u00fc\u015fman olan b\u00fct\u00fcn unsurlarla m\u00fccadele etme gere\u011fi \u00f6\u011fretilmelidir. (1922)Kemal Atat\u00fcrk \ufffcTan\u0131t\u0131m Metni<\/p>\n","protected":false},"excerpt":{"rendered":"<p>Yeti\u015fecek \u00e7ocuklar\u0131m\u0131z\u0131n ve gen\u00e7lerimizin g\u00f6recekleri e\u011fitimin s\u0131n\u0131r\u0131 ne olursa olsun ilk \u00f6nce ve her\u015feyden \u00f6nce T\u00fcrkiye&#8217;nin ba\u011f\u0131ms\u0131zl\u0131\u011f\u0131na, kendi ulusal geleneklerine d\u00fc\u015fman olan b\u00fct\u00fcn unsurlarla m\u00fccadele etme<span class=\"excerpt-hellip\"> [\u2026]<\/span><\/p>\n","protected":false},"featured_media":0,"template":"","meta":{"_monsterinsights_skip_tracking":false,"_monsterinsights_sitenote_active":false,"_monsterinsights_sitenote_note":"","_monsterinsights_sitenote_category":0},"product_brand":[],"product_cat":[15563,24020],"product_tag":[],"class_list":{"0":"post-701502","1":"product","2":"type-product","3":"status-publish","5":"product_cat-hobi","6":"product_cat-kultur","7":"pa_cilt-ciltsiz","8":"pa_tur-kitap","9":"pa_yayinevi-delta-kultur-yayinevi","10":"pa_yazar-kenan-kalecikli","12":"first","13":"instock","14":"sale","15":"shipping-taxable","16":"purchasable","17":"product-type-simple"},"_links":{"self":[{"href":"https:\/\/roveyayinevi.com.tr\/index.php\/wp-json\/wp\/v2\/product\/701502","targetHints":{"allow":["GET"]}}],"collection":[{"href":"https:\/\/roveyayinevi.com.tr\/index.php\/wp-json\/wp\/v2\/product"}],"about":[{"href":"https:\/\/roveyayinevi.com.tr\/index.php\/wp-json\/wp\/v2\/types\/product"}],"wp:attachment":[{"href":"https:\/\/roveyayinevi.com.tr\/index.php\/wp-json\/wp\/v2\/media?parent=701502"}],"wp:term":[{"taxonomy":"product_brand","embeddable":true,"href":"https:\/\/roveyayinevi.com.tr\/index.php\/wp-json\/wp\/v2\/product_brand?post=701502"},{"taxonomy":"product_cat","embeddable":true,"href":"https:\/\/roveyayinevi.com.tr\/index.php\/wp-json\/wp\/v2\/product_cat?post=701502"},{"taxonomy":"product_tag","embeddable":true,"href":"https:\/\/roveyayinevi.com.tr\/index.php\/wp-json\/wp\/v2\/product_tag?post=701502"}],"curies":[{"name":"wp","href":"https:\/\/api.w.org\/{rel}","templated":true}]}}